{"id":639395,"date":"2025-03-22T03:58:41","date_gmt":"2025-03-22T02:58:41","guid":{"rendered":"https:\/\/shop.kustom.ch\/?post_type=product&#038;p=639395"},"modified":"2026-03-27T14:22:26","modified_gmt":"2026-03-27T13:22:26","slug":"pro-hydro-lumen-jacket-3-m","status":"publish","type":"product","link":"https:\/\/shop.kustom.ch\/en\/product\/pro-hydro-lumen-jacket-3-m\/","title":{"rendered":"PRO Hydro Lumen Jacket 3 M"},"content":{"rendered":"<p>PRO Hydro Lumen Jacket 3 is a weather-protected, high-performance running jacket with a reflective, eye-catching appearance, developed for intensive workouts in wet weather.<br \/>\nThis technically advanced running jacket is made from an iridescent, windproof and waterproof 3-layer fabric and is equipped with taped seams in exposed areas for optimal weather protection. The iridescent outer fabric is able to reflect light and offers additional safety during your workouts, especially in low light conditions. The garment also features ventilation openings at the front and back yoke to ensure efficient regulation of body temperature. In addition, the jacket is equipped with a waterproof hood, an elasticated drawstring at the hem and two front zipped pockets for the safe storage of important items such as keys, energy bars, etc.<\/p>\n<p>- Iridescent, reflective outer fabric<br \/>\n- Wind and waterproof 3-layer Ventair\u00ae fabric (WP 15,000\/MVP 10,000)<br \/>\n- Mesh lining on the yoke<br \/>\n- Taped seams in exposed areas<br \/>\n- Ventilation openings at the front and on the back yoke<br \/>\n- Adjustable hood with elasticated loop at the neck<br \/>\n- Adjustable elasticated drawstring at the hem<br \/>\n- Elasticated sleeve ends<br \/>\n- Two concealed zip pockets at the front<br \/>\n- Reflective details on the front, sleeves and back<br \/>\n- Regular fit<\/p>\n<p>Material: Front: 100% recycled polyester. Centre: 100% polyurethane. Back: 100% recycled polyester. Inner lining: 90% recycled polyester, 10% elastane<\/p>","protected":false},"excerpt":{"rendered":"<p>PRO Hydro Lumen Jacket 3 ist eine wettergesch\u00fctzte, leistungsstarke Laufjacke mit reflektierendem, auff\u00e4lligem Erscheinungsbild, entwickelt f\u00fcr intensive Workouts bei nassem Wetter. Diese technisch fortschrittliche Laufjacke besteht aus einem irideszenten, wind- und wasserdichten 3-Lagen-Gewebe und ist mit getapten N\u00e4hten an exponierten Stellen f\u00fcr optimalen Wetterschutz ausgestattet. Das irideszente Aussengewebe ist in der Lage, Licht zu reflektieren [&hellip;]<\/p>\n","protected":false},"featured_media":480247,"template":"","meta":[],"product_brand":[],"product_cat":[4186],"product_tag":[],"class_list":{"0":"post-639395","1":"product","2":"type-product","3":"status-publish","4":"has-post-thumbnail","6":"product_cat-jacken","7":"pa_brand-craft-retail-sportswear","8":"pa_brand-type-sportswear","9":"pa_filter-color-schwarz","11":"first","12":"instock","13":"sale","14":"taxable","15":"shipping-taxable","16":"purchasable","17":"product-type-variable","18":"add-to-wishlist-before_image"},"exclude_global_add_ons":[],"addons":[],"acf":[],"_links":{"self":[{"href":"https:\/\/shop.kustom.ch\/en\/wp-json\/wp\/v2\/product\/639395"}],"collection":[{"href":"https:\/\/shop.kustom.ch\/en\/wp-json\/wp\/v2\/product"}],"about":[{"href":"https:\/\/shop.kustom.ch\/en\/wp-json\/wp\/v2\/types\/product"}],"wp:featuredmedia":[{"embeddable":true,"href":"https:\/\/shop.kustom.ch\/en\/wp-json\/wp\/v2\/media\/480247"}],"wp:attachment":[{"href":"https:\/\/shop.kustom.ch\/en\/wp-json\/wp\/v2\/media?parent=639395"}],"wp:term":[{"taxonomy":"product_brand","embeddable":true,"href":"https:\/\/shop.kustom.ch\/en\/wp-json\/wp\/v2\/product_brand?post=639395"},{"taxonomy":"product_cat","embeddable":true,"href":"https:\/\/shop.kustom.ch\/en\/wp-json\/wp\/v2\/product_cat?post=639395"},{"taxonomy":"product_tag","embeddable":true,"href":"https:\/\/shop.kustom.ch\/en\/wp-json\/wp\/v2\/product_tag?post=639395"}],"curies":[{"name":"wp","href":"https:\/\/api.w.org\/{rel}","templated":true}]}}