{"id":639357,"date":"2025-03-22T03:58:14","date_gmt":"2025-03-22T02:58:14","guid":{"rendered":"https:\/\/shop.kustom.ch\/?post_type=product&#038;p=639357"},"modified":"2026-04-20T12:09:08","modified_gmt":"2026-04-20T11:09:08","slug":"pro-hydro-lightweight-jacket-m","status":"publish","type":"product","link":"https:\/\/shop.kustom.ch\/en\/product\/pro-hydro-lightweight-jacket-m\/","title":{"rendered":"PRO Hydro Lightweight Jacket M"},"content":{"rendered":"<p>PRO Hydro Lightweight Jacket is designed to help demanding runners push their limits in all conditions, offering outstanding weather protection in an exceptionally lightweight package.<br \/>\nThis hooded running jacket is made from a thin and stretchy 2-layer fabric that offers exceptional weather protection while ensuring maximum breathability. Its lightweight and minimalist design ensures great freedom of movement, making it ideal for high-intensity training sessions in wet weather. In addition, the jacket features vents on the back yoke to allow excess heat and moisture to escape, ensuring you stay cool and dry during your run. The jacket is also designed to pack easily into a compact size so you can effortlessly take it with you during your training sessions.<\/p>\n<p>- Ultralight, elasticated, windproof and waterproof 2-layer fabric (42 g\/m\u00b2) (WP 10,000\/MVP 10,000)<br \/>\n- Taped seams<br \/>\n- Ventilation opening on the back yoke<br \/>\n- Waterproof front zip<br \/>\n- Adjustable elasticated drawstring at the hem<br \/>\n- Waterproof hood with elasticated gaiters to keep out wind and water<\/p>\n<p>Material: 100% recycled polyester<\/p>","protected":false},"excerpt":{"rendered":"<p>PRO Hydro Lightweight Jacket ist konzipiert, um anspruchsvolle L\u00e4ufer dabei zu unterst\u00fctzen, ihre Grenzen unter allen Bedingungen zu \u00fcberschreiten und bietet dabei hervorragenden Wetterschutz in einem aussergew\u00f6hnlich leichten Paket. Diese Laufjacke mit Kapuze ist aus d\u00fcnnem und dehnbarem 2-Lagen-Stoff gefertigt, der aussergew\u00f6hnlichen Wetterschutz bietet und gleichzeitig maximale Atmungsaktivit\u00e4t gew\u00e4hrleistet. Ihr leichtes und minimalistisches Design sorgt [&hellip;]<\/p>\n","protected":false},"featured_media":480170,"template":"","meta":[],"product_brand":[],"product_cat":[4186],"product_tag":[],"class_list":{"0":"post-639357","1":"product","2":"type-product","3":"status-publish","4":"has-post-thumbnail","6":"product_cat-jacken","7":"pa_brand-craft-retail-sportswear","8":"pa_brand-type-sportswear","9":"pa_filter-color-schwarz","11":"first","12":"instock","13":"sale","14":"taxable","15":"shipping-taxable","16":"purchasable","17":"product-type-variable","18":"add-to-wishlist-before_image"},"exclude_global_add_ons":[],"addons":[],"acf":[],"_links":{"self":[{"href":"https:\/\/shop.kustom.ch\/en\/wp-json\/wp\/v2\/product\/639357"}],"collection":[{"href":"https:\/\/shop.kustom.ch\/en\/wp-json\/wp\/v2\/product"}],"about":[{"href":"https:\/\/shop.kustom.ch\/en\/wp-json\/wp\/v2\/types\/product"}],"wp:featuredmedia":[{"embeddable":true,"href":"https:\/\/shop.kustom.ch\/en\/wp-json\/wp\/v2\/media\/480170"}],"wp:attachment":[{"href":"https:\/\/shop.kustom.ch\/en\/wp-json\/wp\/v2\/media?parent=639357"}],"wp:term":[{"taxonomy":"product_brand","embeddable":true,"href":"https:\/\/shop.kustom.ch\/en\/wp-json\/wp\/v2\/product_brand?post=639357"},{"taxonomy":"product_cat","embeddable":true,"href":"https:\/\/shop.kustom.ch\/en\/wp-json\/wp\/v2\/product_cat?post=639357"},{"taxonomy":"product_tag","embeddable":true,"href":"https:\/\/shop.kustom.ch\/en\/wp-json\/wp\/v2\/product_tag?post=639357"}],"curies":[{"name":"wp","href":"https:\/\/api.w.org\/{rel}","templated":true}]}}