{"id":639355,"date":"2025-03-22T03:58:14","date_gmt":"2025-03-22T02:58:14","guid":{"rendered":"https:\/\/shop.kustom.ch\/?post_type=product&#038;p=639355"},"modified":"2026-04-16T10:25:35","modified_gmt":"2026-04-16T09:25:35","slug":"pro-hydro-jacket-3-m","status":"publish","type":"product","link":"https:\/\/shop.kustom.ch\/en\/product\/pro-hydro-jacket-3-m\/","title":{"rendered":"PRO Hydro Jacket 3 M"},"content":{"rendered":"<p>The PRO Hydro Jacket 3 is a weatherproof, high-performance running jacket designed for intensive training sessions in the rain.<\/p>\n<p>This professional running jacket is made from waterproof and breathable 3-layer Ventair\u00ae fabric and is equipped with taped seams in exposed areas for optimum weather protection. Ventilation openings at the front and back also ensure improved cooling and optimum regulation of body temperature during intensive runs. The jacket also has a waterproof hood, an elasticated drawstring at the hem and two concealed zipped pockets at the front for secure storage of keys, energy bars, etc.<\/p>\n<p>- Wind and waterproof 3-layer Ventair\u00ae fabric (WP 15,000\/MVP 10,000)<br \/>\n- Mesh lining on the yoke<br \/>\n- Taped seams in exposed areas<br \/>\n- Ventilation openings on the front and rear yoke<br \/>\n- Adjustable hood with elasticated loop at the neck<br \/>\n- Adjustable elasticated drawstring at the hem<br \/>\n- Elasticated sleeve ends<br \/>\n- Two concealed zip pockets at the front<br \/>\n- Reflective details<br \/>\n- Regular fit<\/p>\n<p>Material: Front: 100% recycled polyester. Centre: 100% polyurethane. Back: 100% recycled polyester. Inner lining: 90% recycled polyester, 10% elastane<\/p>","protected":false},"excerpt":{"rendered":"<p>Die PRO Hydro Jacket 3 ist eine wetterfeste, leistungsstarke Laufjacke, die f\u00fcr intensive Trainingseinheiten bei Regen konzipiert wurde. Diese professionelle Laufjacke besteht aus wasserdichtem und atmungsaktivem 3-Lagen-Ventair\u00ae-Gewebe und ist an exponierten Stellen mit getapten N\u00e4hten f\u00fcr optimalen Wetterschutz ausgestattet. Bel\u00fcftungs\u00f6ffnungen vorne und am R\u00fccken sorgen zudem f\u00fcr eine verbesserte K\u00fchlung und optimale Regulation der K\u00f6rpertemperatur [&hellip;]<\/p>\n","protected":false},"featured_media":480193,"template":"","meta":[],"product_brand":[],"product_cat":[4186],"product_tag":[],"class_list":{"0":"post-639355","1":"product","2":"type-product","3":"status-publish","4":"has-post-thumbnail","6":"product_cat-jacken","7":"pa_brand-craft-retail-sportswear","8":"pa_brand-type-sportswear","9":"pa_filter-color-grau","10":"pa_filter-color-rot","12":"first","13":"instock","14":"sale","15":"taxable","16":"shipping-taxable","17":"purchasable","18":"product-type-variable","19":"add-to-wishlist-before_image"},"exclude_global_add_ons":[],"addons":[],"acf":[],"_links":{"self":[{"href":"https:\/\/shop.kustom.ch\/en\/wp-json\/wp\/v2\/product\/639355"}],"collection":[{"href":"https:\/\/shop.kustom.ch\/en\/wp-json\/wp\/v2\/product"}],"about":[{"href":"https:\/\/shop.kustom.ch\/en\/wp-json\/wp\/v2\/types\/product"}],"wp:featuredmedia":[{"embeddable":true,"href":"https:\/\/shop.kustom.ch\/en\/wp-json\/wp\/v2\/media\/480193"}],"wp:attachment":[{"href":"https:\/\/shop.kustom.ch\/en\/wp-json\/wp\/v2\/media?parent=639355"}],"wp:term":[{"taxonomy":"product_brand","embeddable":true,"href":"https:\/\/shop.kustom.ch\/en\/wp-json\/wp\/v2\/product_brand?post=639355"},{"taxonomy":"product_cat","embeddable":true,"href":"https:\/\/shop.kustom.ch\/en\/wp-json\/wp\/v2\/product_cat?post=639355"},{"taxonomy":"product_tag","embeddable":true,"href":"https:\/\/shop.kustom.ch\/en\/wp-json\/wp\/v2\/product_tag?post=639355"}],"curies":[{"name":"wp","href":"https:\/\/api.w.org\/{rel}","templated":true}]}}