{"id":639349,"date":"2025-03-22T03:58:08","date_gmt":"2025-03-22T02:58:08","guid":{"rendered":"https:\/\/shop.kustom.ch\/?post_type=product&#038;p=639349"},"modified":"2026-03-27T14:00:15","modified_gmt":"2026-03-27T13:00:15","slug":"pro-hydration-vest","status":"publish","type":"product","link":"https:\/\/shop.kustom.ch\/en\/product\/pro-hydration-vest\/","title":{"rendered":"PRO Hydration Vest"},"content":{"rendered":"<p>PRO Hydration Vest is a lightweight hydration waistcoat that boosts your performance by giving you easy access to water and energy during your workout.<\/p>\n<p>This innovative, professional-quality waistcoat is part waistcoat, part rucksack and ensures that you stay hydrated and energised during training. Thanks to the generous storage space for water bottles, energy gels, snacks, keys and phone, you no longer have to carry bulky items around in your hands or pockets. In addition, the ergonomic design of the waistcoat distributes the weight evenly across your upper body, reducing the strain on your arms and shoulders. Made from ventilating 3D mesh fabric and stretch panels for a comfortable fit, it's the ultimate companion for any workout. With adjustable, elasticated straps at the front and two 500 ml soft flasks.<\/p>\n<p>- 3D mesh fabric close to the body<br \/>\n- Stretch mesh inserts on the sides<br \/>\n- Adjustable elasticated straps at the front<br \/>\n- Two 500 ml soft flasks<br \/>\n- 5.5-litre rucksack with zip fastener<br \/>\n- Two front pockets on each side<br \/>\n- Double mesh pocket for gels<br \/>\n- Single-chamber mesh pocket<br \/>\n- Key pocket and mobile phone pocket in the rucksack<br \/>\n- Adjustable carrying system for trekking poles<br \/>\n- Weight: 300 g (incl. bottles)<\/p>","protected":false},"excerpt":{"rendered":"<p>PRO Hydration Vest ist eine leichte Trinkweste, die Ihre Leistung steigert, indem sie Ihnen w\u00e4hrend Ihres Trainings einfachen Zugang zu Wasser und Energie bietet. Diese innovative Weste in Profiqualit\u00e4t ist teils Weste, teils Rucksack und sorgt daf\u00fcr, dass Sie w\u00e4hrend des Trainings ausreichend Fl\u00fcssigkeit und Energie haben. Dank des grossz\u00fcgigen Stauraums f\u00fcr Wasserflaschen, Energiegels, Snacks, [&hellip;]<\/p>\n","protected":false},"featured_media":628989,"template":"","meta":[],"product_brand":[],"product_cat":[4208],"product_tag":[],"class_list":{"0":"post-639349","1":"product","2":"type-product","3":"status-publish","4":"has-post-thumbnail","6":"product_cat-westen","7":"pa_brand-craft-retail-sportswear","8":"pa_brand-type-sportswear","9":"pa_filter-color-schwarz","11":"first","12":"instock","13":"sale","14":"taxable","15":"shipping-taxable","16":"purchasable","17":"product-type-variable","18":"add-to-wishlist-before_image"},"exclude_global_add_ons":[],"addons":[],"acf":[],"_links":{"self":[{"href":"https:\/\/shop.kustom.ch\/en\/wp-json\/wp\/v2\/product\/639349"}],"collection":[{"href":"https:\/\/shop.kustom.ch\/en\/wp-json\/wp\/v2\/product"}],"about":[{"href":"https:\/\/shop.kustom.ch\/en\/wp-json\/wp\/v2\/types\/product"}],"wp:featuredmedia":[{"embeddable":true,"href":"https:\/\/shop.kustom.ch\/en\/wp-json\/wp\/v2\/media\/628989"}],"wp:attachment":[{"href":"https:\/\/shop.kustom.ch\/en\/wp-json\/wp\/v2\/media?parent=639349"}],"wp:term":[{"taxonomy":"product_brand","embeddable":true,"href":"https:\/\/shop.kustom.ch\/en\/wp-json\/wp\/v2\/product_brand?post=639349"},{"taxonomy":"product_cat","embeddable":true,"href":"https:\/\/shop.kustom.ch\/en\/wp-json\/wp\/v2\/product_cat?post=639349"},{"taxonomy":"product_tag","embeddable":true,"href":"https:\/\/shop.kustom.ch\/en\/wp-json\/wp\/v2\/product_tag?post=639349"}],"curies":[{"name":"wp","href":"https:\/\/api.w.org\/{rel}","templated":true}]}}