{"id":639342,"date":"2025-03-22T03:58:03","date_gmt":"2025-03-22T02:58:03","guid":{"rendered":"https:\/\/shop.kustom.ch\/?post_type=product&#038;p=639342"},"modified":"2026-03-27T14:14:56","modified_gmt":"2026-03-27T13:14:56","slug":"pro-gravel-bib-shorts-m","status":"publish","type":"product","link":"https:\/\/shop.kustom.ch\/en\/product\/pro-gravel-bib-shorts-m\/","title":{"rendered":"PRO Gravel Bib Shorts M"},"content":{"rendered":"<p>Professional bib shorts made from elastic and durable Lycra\u00ae Sport Energy fabric for intense gravel biking. Pockets on the sides of the legs and at the back. Equipped with our best C1 pad.<br \/>\n\u2022 Mesh on the back of the carrier system for maximum breathability<br \/>\n\u2022Pockets on both legs with stretch openings for secure storage of items<br \/>\n\u2022Mesh pocket at the back<br \/>\n\u2022Infinity C1 Pad Men<\/p>\n<p>Material: Outer material bottom: 78% polyamide 22% elastane Outer material lower sides: 88% polyamide 12% elastane Outer material top: 95% recycled polyester 5% elastane<\/p>","protected":false},"excerpt":{"rendered":"<p>Tr\u00e4ger-Shorts f\u00fcr Profis aus elastischem und strapazierf\u00e4higem Lycra\u00ae Sport Energy Material f\u00fcr intensives Gravelbiken. Taschen an den Beinseiten und am R\u00fccken. Mit unserem besten C1 Pad ausgestattet\/\/\/ \u2022 Mesh auf der R\u00fcckseite des Tr\u00e4gersystems f\u00fcr h\u00f6chste Atmungsaktivit\u00e4t \u2022Taschen an beiden Beinen mit Stretch\u00f6ffnung zur sicheren Aufbewahrung von Gegenst\u00e4nden \u2022Mesh-Tasche hinten \u2022Infinity C1 Pad Men Material: [&hellip;]<\/p>\n","protected":false},"featured_media":628974,"template":"","meta":[],"product_brand":[],"product_cat":[4198],"product_tag":[],"class_list":{"0":"post-639342","1":"product","2":"type-product","3":"status-publish","4":"has-post-thumbnail","6":"product_cat-shorts","7":"pa_brand-craft-retail-sportswear","8":"pa_brand-type-sportswear","9":"pa_filter-color-schwarz","11":"first","12":"instock","13":"sale","14":"taxable","15":"shipping-taxable","16":"purchasable","17":"product-type-variable","18":"add-to-wishlist-before_image"},"exclude_global_add_ons":[],"addons":[],"acf":[],"_links":{"self":[{"href":"https:\/\/shop.kustom.ch\/en\/wp-json\/wp\/v2\/product\/639342"}],"collection":[{"href":"https:\/\/shop.kustom.ch\/en\/wp-json\/wp\/v2\/product"}],"about":[{"href":"https:\/\/shop.kustom.ch\/en\/wp-json\/wp\/v2\/types\/product"}],"wp:featuredmedia":[{"embeddable":true,"href":"https:\/\/shop.kustom.ch\/en\/wp-json\/wp\/v2\/media\/628974"}],"wp:attachment":[{"href":"https:\/\/shop.kustom.ch\/en\/wp-json\/wp\/v2\/media?parent=639342"}],"wp:term":[{"taxonomy":"product_brand","embeddable":true,"href":"https:\/\/shop.kustom.ch\/en\/wp-json\/wp\/v2\/product_brand?post=639342"},{"taxonomy":"product_cat","embeddable":true,"href":"https:\/\/shop.kustom.ch\/en\/wp-json\/wp\/v2\/product_cat?post=639342"},{"taxonomy":"product_tag","embeddable":true,"href":"https:\/\/shop.kustom.ch\/en\/wp-json\/wp\/v2\/product_tag?post=639342"}],"curies":[{"name":"wp","href":"https:\/\/api.w.org\/{rel}","templated":true}]}}