{"id":639307,"date":"2025-03-22T03:57:01","date_gmt":"2025-03-22T02:57:01","guid":{"rendered":"https:\/\/shop.kustom.ch\/?post_type=product&#038;p=639307"},"modified":"2026-03-27T14:22:12","modified_gmt":"2026-03-27T13:22:12","slug":"pro-aerolight-jersey-m","status":"publish","type":"product","link":"https:\/\/shop.kustom.ch\/en\/product\/pro-aerolight-jersey-m\/","title":{"rendered":"PRO Aerolight Jersey M"},"content":{"rendered":"<p>This professional-quality cycling jersey is made from thin and exceptionally lightweight fabrics and features elasticated mesh for excellent ventilation and cooling during intense rides on hot days. In addition, the jersey has silicone dots on the sleeve ends to keep it in place and four back pockets (one with zip) for efficient storage. When we develop super-thin cycling jerseys with superior ventilation, there is always a balance between thickness and transparency. For this year's version, new materials have been used that are less transparent but still exceptionally thin and light.<\/p>\n<p>- 100 % recycled polyester<br \/>\n- Elasticated mesh sleeves for maximum breathability<br \/>\n- Sleeve cuffs with unfinished cut edge<br \/>\n- Silicone dots on the sleeve ends for a secure fit<br \/>\n- Four back pockets (one with zip)<br \/>\n- Elasticated back hem keeps the jersey in place<br \/>\n- Tight fit0<\/p>\n<p>Material: Front: 94% recycled polyester, 6% elastane. Back: 100% recycled polyester. Sleeves: 86% polyester, 14% elastane<\/p>","protected":false},"excerpt":{"rendered":"<p>Dieses Fahrradtrikot in Profiqualit\u00e4t besteht aus d\u00fcnnen und aussergew\u00f6hnlich leichten Stoffen und ist mit elastischem Mesh ausgestattet, das bei intensiven Fahrten an heissen Tagen f\u00fcr eine hervorragende Bel\u00fcftung und K\u00fchlung sorgt. Dar\u00fcber hinaus verf\u00fcgt das Trikot \u00fcber Silikonpunkte an den \u00c4rmelenden, um es an Ort und Stelle zu halten, und vier Ges\u00e4sstaschen (eine mit Reissverschluss) [&hellip;]<\/p>\n","protected":false},"featured_media":628942,"template":"","meta":[],"product_brand":[],"product_cat":[4201],"product_tag":[],"class_list":{"0":"post-639307","1":"product","2":"type-product","3":"status-publish","4":"has-post-thumbnail","6":"product_cat-t-shirts","7":"pa_brand-craft-retail-sportswear","8":"pa_brand-type-sportswear","9":"pa_filter-color-blau","10":"pa_filter-color-schwarz","12":"first","13":"instock","14":"sale","15":"taxable","16":"shipping-taxable","17":"purchasable","18":"product-type-variable","19":"add-to-wishlist-before_image"},"exclude_global_add_ons":[],"addons":[],"acf":[],"_links":{"self":[{"href":"https:\/\/shop.kustom.ch\/en\/wp-json\/wp\/v2\/product\/639307"}],"collection":[{"href":"https:\/\/shop.kustom.ch\/en\/wp-json\/wp\/v2\/product"}],"about":[{"href":"https:\/\/shop.kustom.ch\/en\/wp-json\/wp\/v2\/types\/product"}],"wp:featuredmedia":[{"embeddable":true,"href":"https:\/\/shop.kustom.ch\/en\/wp-json\/wp\/v2\/media\/628942"}],"wp:attachment":[{"href":"https:\/\/shop.kustom.ch\/en\/wp-json\/wp\/v2\/media?parent=639307"}],"wp:term":[{"taxonomy":"product_brand","embeddable":true,"href":"https:\/\/shop.kustom.ch\/en\/wp-json\/wp\/v2\/product_brand?post=639307"},{"taxonomy":"product_cat","embeddable":true,"href":"https:\/\/shop.kustom.ch\/en\/wp-json\/wp\/v2\/product_cat?post=639307"},{"taxonomy":"product_tag","embeddable":true,"href":"https:\/\/shop.kustom.ch\/en\/wp-json\/wp\/v2\/product_tag?post=639307"}],"curies":[{"name":"wp","href":"https:\/\/api.w.org\/{rel}","templated":true}]}}