{"id":639133,"date":"2025-03-22T03:55:58","date_gmt":"2025-03-22T02:55:58","guid":{"rendered":"https:\/\/shop.kustom.ch\/?post_type=product&#038;p=639133"},"modified":"2026-03-27T16:01:41","modified_gmt":"2026-03-27T15:01:41","slug":"pacer-w","status":"publish","type":"product","link":"https:\/\/shop.kustom.ch\/en\/product\/pacer-w\/","title":{"rendered":"Pacer W"},"content":{"rendered":"<p>The Pacer is our most comfortable performance running shoe. It offers exceptional bounce and stability for a smooth, fast ride, making it ideal for everyday running and recovery training.<\/p>\n<p>The Pacer is a running shoe for advanced performance, featuring a softer version of the successful Px Foam\u2122 in the midsole for a stable, responsive and extremely comfortable ride. Its lightweight construction provides a bouncy, energised running experience that propels you forward with every step, while its minimalist outsole with hexagonal lug pattern offers excellent traction on the road for secure grip on a variety of surfaces. In addition, the upper is made from a lightweight and breathable material that ensures a comfortable and stable fit. A sleek design and lightweight feel make the Pacer the ideal choice for runners looking for a fast and agile everyday running shoe. <\/p>\n<p>Xx Foam\u2122<br \/>\nPx Foam\u2122 is an ultra-lightweight midsole material characterised by excellent energy return, shock absorption and flexibility. This innovative material is made with a single, natural foaming agent and contains no chemical cross-linking agents, ensuring a non-toxic process. In addition, raw and finished materials are fully recyclable. The high-performance foam has an extremely low density, making it up to 20 % lighter than conventional EVA. The reduced weight combined with the explosive rebound makes Px Foam\u2122 perfect for any run.<\/p>\n<p>- One-piece mesh upper made from 50% recycled materials<br \/>\n- Px-Foam\u2122 midsole: superior energy return<br \/>\n- Contoured design for low weight and first-class comfort<br \/>\n- Weight: 210 g in size UK5<br \/>\n- Heel 39 mm, forefoot 31 mm incl. insole<br \/>\n- Countersink: 8 mm<\/p>\n<p>Material: Upper 49% Recycled Polyester, 38% Polyester, 12% TPU, 1% Spandex, Padding 100% Polyurethane, Lining 100% Recycled Polyester, Laces 100% Recycled Polyester, Insole Board 100% Polyester, Insole 95% Polyurethane, 5% Recycled Polyester, Midsole 100% EVA Foam Super Critical, Midsole insert 100% Nylon, Outsole 100% Rubber<\/p>","protected":false},"excerpt":{"rendered":"<p>Der Pacer ist unser bequemster Performance-Laufschuh. Er bietet aussergew\u00f6hnliche Sprungkraft und Stabilit\u00e4t f\u00fcr ein sanftes, schnelles Laufgef\u00fchl und ist somit ideal f\u00fcr das t\u00e4gliche Laufen und Erholungstraining. Der Pacer ist ein Laufschuh f\u00fcr fortschrittliche Leistung, der in der Zwischensohle eine weichere Version des erfolgreichen Px Foam\u2122 aufweist und ein stabiles, reaktionsschnelles und \u00e4usserst komfortables Laufgef\u00fchl [&hellip;]<\/p>\n","protected":false},"featured_media":706530,"template":"","meta":[],"product_brand":[],"product_cat":[4197],"product_tag":[],"class_list":{"0":"post-639133","1":"product","2":"type-product","3":"status-publish","4":"has-post-thumbnail","6":"product_cat-schuhe-sandalen","7":"pa_brand-craft","8":"pa_brand-type-sportswear","9":"pa_filter-color-blau","10":"pa_filter-color-grau","11":"pa_filter-color-schwarz","12":"pa_filter-color-weiss","14":"first","15":"instock","16":"sale","17":"taxable","18":"shipping-taxable","19":"purchasable","20":"product-type-variable","21":"add-to-wishlist-before_image"},"exclude_global_add_ons":[],"addons":[],"acf":[],"_links":{"self":[{"href":"https:\/\/shop.kustom.ch\/en\/wp-json\/wp\/v2\/product\/639133"}],"collection":[{"href":"https:\/\/shop.kustom.ch\/en\/wp-json\/wp\/v2\/product"}],"about":[{"href":"https:\/\/shop.kustom.ch\/en\/wp-json\/wp\/v2\/types\/product"}],"wp:featuredmedia":[{"embeddable":true,"href":"https:\/\/shop.kustom.ch\/en\/wp-json\/wp\/v2\/media\/706530"}],"wp:attachment":[{"href":"https:\/\/shop.kustom.ch\/en\/wp-json\/wp\/v2\/media?parent=639133"}],"wp:term":[{"taxonomy":"product_brand","embeddable":true,"href":"https:\/\/shop.kustom.ch\/en\/wp-json\/wp\/v2\/product_brand?post=639133"},{"taxonomy":"product_cat","embeddable":true,"href":"https:\/\/shop.kustom.ch\/en\/wp-json\/wp\/v2\/product_cat?post=639133"},{"taxonomy":"product_tag","embeddable":true,"href":"https:\/\/shop.kustom.ch\/en\/wp-json\/wp\/v2\/product_tag?post=639133"}],"curies":[{"name":"wp","href":"https:\/\/api.w.org\/{rel}","templated":true}]}}