{"id":638882,"date":"2025-03-22T03:54:50","date_gmt":"2025-03-22T02:54:50","guid":{"rendered":"https:\/\/shop.kustom.ch\/?post_type=product&#038;p=638882"},"modified":"2026-03-27T16:01:23","modified_gmt":"2026-03-27T15:01:23","slug":"nordlite-tempo-w","status":"publish","type":"product","link":"https:\/\/shop.kustom.ch\/en\/product\/nordlite-tempo-w\/","title":{"rendered":"Nordlite Tempo W"},"content":{"rendered":"<p>Nordlite Tempo offers excellent cushioning and rebound, making it the ideal choice for elite athletes and everyday runners during high-speed sessions. Its carefully crafted design also helps to reduce stress on knees and joints.<\/p>\n<p>This technically advanced running shoe features a Cr-Foam Pro\u2122 midsole with 25 % PEBA, which offers an excellent combination of cushioning, stability and explosive rebound. The shoe's soft, lightweight and stable construction is tailored for runners who complete high-intensity training sessions without compromising on joint comfort. In addition, the high-traction outsole provides excellent grip on road surfaces, while the woven single-layer upper with TPU reinforcements ensures durability and comfort.<\/p>\n<p>Cr Foam Pro\u2122<br \/>\nCr Foam Pro\u2122 is an ultra-lightweight midsole foam enriched with PEBA superfoam (25 %) to provide excellent energy return and feel on a variety of terrain. The foam is produced using an advanced technology that involves a non-toxic process in which no chemicals are added to the raw materials. In addition, the elements are fully integrated under high temperature and pressure, enhancing the properties of the foam and achieving a higher level of performance. The result is a professional midsole foam that enables peak performance.<\/p>\n<p>Craft Endurance Fit\u00ae<br \/>\nCraft Endurance Fit\u00ae fit features a narrow heel counter, a supportive midfoot bridge and a roomy forefoot area. The narrow heel counter ensures a snug fit without slippage and unrivalled stability on any terrain. The midfoot bridge provides a secure fit that boosts confidence with every step. The roomy forefoot area allows natural movement of the toes and metatarsals for even more comfort.<\/p>\n<p>- Lightweight, woven mesh upper made from 50 % recycled polyester<br \/>\n- Cr-Foam Pro\u2122 midsole with 25 % PEBA for responsive cushioning<br \/>\n- TPU reinforcements in critical areas<br \/>\n- Laces made from 100 % recycled polyester<br \/>\n- Insole foam made from 50 % recycled material<br \/>\n- Outsole with high traction that ensures excellent grip on road surfaces<br \/>\nCraft Endurance Fit\u00ae<br \/>\n- Weight: 217 g in size UK5<br \/>\n- Heel 40 mm, forefoot 34 mm incl. insole<br \/>\n- Countersink: 6 mm<\/p>\n<p>Material: Upper 43% Polyester, 32% Recycled Polyester, 12% Thermoplastic urethanes, 13% Nylon, Padding 100% Polyester, Lining 100% Polyester, Insole Board 75% Recycled Polyester, 25% Polyester Insole, Laces 100% Recycled Polyester, Midsole 75% EVA Foam, 25% EVA Supercritical Foam, Outsole 100% Rubber<\/p>","protected":false},"excerpt":{"rendered":"<p>Nordlite Tempo bietet hervorragende D\u00e4mpfung und R\u00fcckfederung und ist damit die ideale Wahl f\u00fcr Spitzensportler und Alltagsl\u00e4ufer bei Hochgeschwindigkeitseinheiten. Sein sorgf\u00e4ltig ausgearbeitetes Design tr\u00e4gt ausserdem dazu bei, die Belastung von Knien und Gelenken zu reduzieren. Dieser technisch fortschrittliche Laufschuh verf\u00fcgt \u00fcber eine Cr-Foam Pro\u2122-Zwischensohle mit 25 % PEBA, die eine hervorragende Kombination aus D\u00e4mpfung, Stabilit\u00e4t [&hellip;]<\/p>\n","protected":false},"featured_media":706173,"template":"","meta":[],"product_brand":[],"product_cat":[4197],"product_tag":[],"class_list":{"0":"post-638882","1":"product","2":"type-product","3":"status-publish","4":"has-post-thumbnail","6":"product_cat-schuhe-sandalen","7":"pa_brand-craft","8":"pa_brand-type-sportswear","9":"pa_filter-color-blau","10":"pa_filter-color-gelb","11":"pa_filter-color-grau","12":"pa_filter-color-gruen","13":"pa_filter-color-schwarz","14":"pa_filter-color-weiss","16":"first","17":"instock","18":"sale","19":"taxable","20":"shipping-taxable","21":"purchasable","22":"product-type-variable","23":"add-to-wishlist-before_image"},"exclude_global_add_ons":[],"addons":[],"acf":[],"_links":{"self":[{"href":"https:\/\/shop.kustom.ch\/en\/wp-json\/wp\/v2\/product\/638882"}],"collection":[{"href":"https:\/\/shop.kustom.ch\/en\/wp-json\/wp\/v2\/product"}],"about":[{"href":"https:\/\/shop.kustom.ch\/en\/wp-json\/wp\/v2\/types\/product"}],"wp:featuredmedia":[{"embeddable":true,"href":"https:\/\/shop.kustom.ch\/en\/wp-json\/wp\/v2\/media\/706173"}],"wp:attachment":[{"href":"https:\/\/shop.kustom.ch\/en\/wp-json\/wp\/v2\/media?parent=638882"}],"wp:term":[{"taxonomy":"product_brand","embeddable":true,"href":"https:\/\/shop.kustom.ch\/en\/wp-json\/wp\/v2\/product_brand?post=638882"},{"taxonomy":"product_cat","embeddable":true,"href":"https:\/\/shop.kustom.ch\/en\/wp-json\/wp\/v2\/product_cat?post=638882"},{"taxonomy":"product_tag","embeddable":true,"href":"https:\/\/shop.kustom.ch\/en\/wp-json\/wp\/v2\/product_tag?post=638882"}],"curies":[{"name":"wp","href":"https:\/\/api.w.org\/{rel}","templated":true}]}}