{"id":638662,"date":"2025-03-22T03:52:30","date_gmt":"2025-03-22T02:52:30","guid":{"rendered":"https:\/\/shop.kustom.ch\/?post_type=product&#038;p=638662"},"modified":"2026-03-27T13:55:55","modified_gmt":"2026-03-27T12:55:55","slug":"evolve-2-0-structured-graphic-jersey-m","status":"publish","type":"product","link":"https:\/\/shop.kustom.ch\/en\/product\/evolve-2-0-structured-graphic-jersey-m\/","title":{"rendered":"Evolve 2.0 Structured Graphic Jersey M"},"content":{"rendered":"<p>The Evolve 2.0 Structured Graphic Jersey is an advanced competition jersey made from lightweight and stretchy material that ensures excellent moisture management and maximum performance. The robust fabric offers exceptional durability and elasticity and is made from recycled polyester. This makes the jersey a perfect choice for handball and other intense contact sports. It has a graphic pattern on the front and a plain-coloured back.<\/p>\n<p>Material: 100% recycled polyester<\/p>","protected":false},"excerpt":{"rendered":"<p>Das Evolve 2.0 Structured Graphic Jersey ist ein fortschrittliches Wettkampftrikot aus leichtem und elastischem Material, das f\u00fcr eine hervorragende Feuchtigkeitsregulierung und maximale Leistung sorgt. Das robuste Gewebe bietet aussergew\u00f6hnliche Haltbarkeit und Elastizit\u00e4t und besteht aus recyceltem Polyester. Damit ist das Trikot eine perfekte Wahl f\u00fcr Handball und andere intensive Kontaktsportarten. Es hat ein grafisches Muster [&hellip;]<\/p>\n","protected":false},"featured_media":482410,"template":"","meta":[],"product_brand":[],"product_cat":[4201],"product_tag":[],"class_list":{"0":"post-638662","1":"product","2":"type-product","3":"status-publish","4":"has-post-thumbnail","6":"product_cat-t-shirts","7":"pa_brand-craft-teamwear","8":"pa_brand-type-sportswear","9":"pa_filter-color-blau","10":"pa_filter-color-grau","11":"pa_filter-color-rot","12":"pa_filter-color-schwarz","14":"first","15":"instock","16":"sale","17":"taxable","18":"shipping-taxable","19":"purchasable","20":"product-type-variable","21":"add-to-wishlist-before_image"},"exclude_global_add_ons":[],"addons":[],"acf":[],"_links":{"self":[{"href":"https:\/\/shop.kustom.ch\/en\/wp-json\/wp\/v2\/product\/638662"}],"collection":[{"href":"https:\/\/shop.kustom.ch\/en\/wp-json\/wp\/v2\/product"}],"about":[{"href":"https:\/\/shop.kustom.ch\/en\/wp-json\/wp\/v2\/types\/product"}],"wp:featuredmedia":[{"embeddable":true,"href":"https:\/\/shop.kustom.ch\/en\/wp-json\/wp\/v2\/media\/482410"}],"wp:attachment":[{"href":"https:\/\/shop.kustom.ch\/en\/wp-json\/wp\/v2\/media?parent=638662"}],"wp:term":[{"taxonomy":"product_brand","embeddable":true,"href":"https:\/\/shop.kustom.ch\/en\/wp-json\/wp\/v2\/product_brand?post=638662"},{"taxonomy":"product_cat","embeddable":true,"href":"https:\/\/shop.kustom.ch\/en\/wp-json\/wp\/v2\/product_cat?post=638662"},{"taxonomy":"product_tag","embeddable":true,"href":"https:\/\/shop.kustom.ch\/en\/wp-json\/wp\/v2\/product_tag?post=638662"}],"curies":[{"name":"wp","href":"https:\/\/api.w.org\/{rel}","templated":true}]}}