{"id":638364,"date":"2025-03-22T03:50:35","date_gmt":"2025-03-22T02:50:35","guid":{"rendered":"https:\/\/shop.kustom.ch\/?post_type=product&#038;p=638364"},"modified":"2026-03-27T13:54:26","modified_gmt":"2026-03-27T12:54:26","slug":"evolve-2-0-brushed-hood-jacket-jr","status":"publish","type":"product","link":"https:\/\/shop.kustom.ch\/en\/product\/evolve-2-0-brushed-hood-jacket-jr\/","title":{"rendered":"Evolve 2.0 Brushed Hood Jacket JR"},"content":{"rendered":"<p>The Evolve 2.0 Hood Jacket is a stretchy and hard-wearing mid-layer jacket that offers excellent moisture transport during intensive training sessions.<\/p>\n<p>This versatile hooded jacket is made from a soft and functional polyester fabric with a brushed inside for added comfort. The double-layered hood and ribbed cuffs at the lower back give the jacket a casual look. Made from recycled fibres, this garment represents the new generation of teamwear designed to reduce the ecological footprint. The hooded jacket also impresses with its clean design, which ensures a timeless look and offers plenty of space for logos and crests.<\/p>\n<p>- Made from recycled polyester<br \/>\n- Brushed inside for more comfort<br \/>\n- Ribbed cuffs on the lower back<br \/>\n- Double-layer hood<br \/>\n- Full-length zip at the front<br \/>\n- Two side pockets with zip<\/p>\n<p>Material: 100% recycled polyester<\/p>","protected":false},"excerpt":{"rendered":"<p>Die Evolve 2.0 Hood Jacket ist eine dehnbare und strapazierf\u00e4hige Mittelschichtjacke, die bei intensiven Trainingseinheiten einen hervorragenden Feuchtigkeitstransport bietet. Diese vielseitige Kapuzenjacke besteht aus einem weichen und funktionalen Polyestergewebe mit geb\u00fcrsteter Innenseite f\u00fcr mehr Tragekomfort. Die doppellagige Kapuze und das Rippb\u00fcndchen am unteren R\u00fcckenbereich verleihen der Jacke ihren l\u00e4ssigen Ausdruck. Dieses aus recycelten Fasern hergestellte [&hellip;]<\/p>\n","protected":false},"featured_media":627815,"template":"","meta":[],"product_brand":[],"product_cat":[4184],"product_tag":[],"class_list":{"0":"post-638364","1":"product","2":"type-product","3":"status-publish","4":"has-post-thumbnail","6":"product_cat-hoodies-pullover","7":"pa_brand-craft-teamwear","8":"pa_brand-type-sportswear","9":"pa_filter-color-blau","10":"pa_filter-color-gruen","11":"pa_filter-color-rot","12":"pa_filter-color-schwarz","14":"first","15":"instock","16":"sale","17":"taxable","18":"shipping-taxable","19":"purchasable","20":"product-type-variable","21":"add-to-wishlist-before_image"},"exclude_global_add_ons":[],"addons":[],"acf":[],"_links":{"self":[{"href":"https:\/\/shop.kustom.ch\/en\/wp-json\/wp\/v2\/product\/638364"}],"collection":[{"href":"https:\/\/shop.kustom.ch\/en\/wp-json\/wp\/v2\/product"}],"about":[{"href":"https:\/\/shop.kustom.ch\/en\/wp-json\/wp\/v2\/types\/product"}],"wp:featuredmedia":[{"embeddable":true,"href":"https:\/\/shop.kustom.ch\/en\/wp-json\/wp\/v2\/media\/627815"}],"wp:attachment":[{"href":"https:\/\/shop.kustom.ch\/en\/wp-json\/wp\/v2\/media?parent=638364"}],"wp:term":[{"taxonomy":"product_brand","embeddable":true,"href":"https:\/\/shop.kustom.ch\/en\/wp-json\/wp\/v2\/product_brand?post=638364"},{"taxonomy":"product_cat","embeddable":true,"href":"https:\/\/shop.kustom.ch\/en\/wp-json\/wp\/v2\/product_cat?post=638364"},{"taxonomy":"product_tag","embeddable":true,"href":"https:\/\/shop.kustom.ch\/en\/wp-json\/wp\/v2\/product_tag?post=638364"}],"curies":[{"name":"wp","href":"https:\/\/api.w.org\/{rel}","templated":true}]}}