{"id":638188,"date":"2025-03-22T03:49:51","date_gmt":"2025-03-22T02:49:51","guid":{"rendered":"https:\/\/shop.kustom.ch\/?post_type=product&#038;p=638188"},"modified":"2026-03-27T16:05:32","modified_gmt":"2026-03-27T15:05:32","slug":"endurance-2-m","status":"publish","type":"product","link":"https:\/\/shop.kustom.ch\/en\/product\/endurance-2-m\/","title":{"rendered":"Endurance 2 M"},"content":{"rendered":"<p>The versatile Endurance 2 is characterised by enhanced breathability and improved speed features and offers excellent comfort and performance, making it the ideal shoe for a variety of runners and everyday runs on different terrain and conditions.<\/p>\n<p>This high-performance running shoe features a full-length Px-Foam\u2122 midsole that is optimised for a dynamic toe-off and soft landing, promoting a more efficient stride. Plus, the new, faster mesh upper moulds to your foot for unparalleled comfort and support with every nimble stride. With its sleek, aerodynamic design, this versatile shoe is characterised by speed and agility, helping you reach your goals faster. Designed for roads and light trails, Endurance 2 offers exceptional comfort right out of the box. This makes it the ultimate choice for elite athletes and running enthusiasts looking for a reliable companion for everyday running sessions.<\/p>\n<p>Xx Foam\u2122<br \/>\nPx Foam\u2122 is an ultra-lightweight midsole material characterised by excellent energy return, shock absorption and flexibility. This innovative material is made with a single, natural foaming agent and contains no chemical cross-linking agents, ensuring a non-toxic process. In addition, raw and finished materials are fully recyclable. The high-performance foam has an extremely low density, making it up to 20 % lighter than conventional EVA. The reduced weight combined with the explosive rebound makes Px Foam\u2122 perfect for any run.<\/p>\n<p>Craft Endurance Fit\u00ae<br \/>\nCraft Endurance Fit\u00ae fit features a narrow heel counter, a supportive midfoot bridge and a roomy forefoot area. The narrow heel counter ensures a snug fit without slippage and unrivalled stability on any terrain. The midfoot bridge provides a secure fit that boosts confidence with every step. The roomy forefoot area allows natural movement of the toes and metatarsals for even more comfort.<\/p>\n<p>Award winner<br \/>\nThe predecessor PRO Endurance was named the best shoe for long-distance running by Outside Magazine. \u00abYou'll be hard pressed to find a more comfortable, cushioned neutral shoe that feels so alive.\u00bb<\/p>\n<p>- New, more breathable and flexible one-piece mesh upper<br \/>\n- Px-Foam\u2122 midsole: superior energy return<br \/>\n- Contoured design for low weight and first-class comfort<br \/>\n- Outsole with high traction for roads and light trails<br \/>\n- Upper material and laces are made from 55 % recycled materials<br \/>\nCraft Endurance Fit\u00ae<br \/>\n- Weight: 260 g in size UK8<br \/>\n- Heel 38 mm, forefoot 29 mm incl. insole<br \/>\n- Countersink: 9 mm<\/p>\n<p>Material: Upper 42% Recycled Polyester, 32% Polyester, 22% Thermoplastic urethanes, 4% Nylon, Padding 100% Polyester, Lining 100% Polyester, Insole Board 75% Recycled Polyester, 25% Polyester, Insole 50% Recycled Polyester, 50% Polyester, Laces 100% Recycled Polyester, Midsole 100% ETPU Foam, Outsole 100% Rubber<\/p>","protected":false},"excerpt":{"rendered":"<p>Der vielseitige Endurance 2 zeichnet sich durch verbesserte Atmungsaktivit\u00e4t und verbesserte Geschwindigkeitsmerkmale aus und bietet exzellenten Komfort und Leistung, was ihn zum idealen Schuh f\u00fcr eine Vielzahl von L\u00e4ufern und Alltagsl\u00e4ufen auf unterschiedlichem Terrain und bei verschiedenen Bedingungen macht. Dieser High-Performance-Laufschuh verf\u00fcgt \u00fcber eine durchgehende Px-Foam\u2122-Zwischensohle, die f\u00fcr einen dynamischen Zehenabdruck und eine weiche Landung [&hellip;]<\/p>\n","protected":false},"featured_media":706430,"template":"","meta":[],"product_brand":[],"product_cat":[4197],"product_tag":[],"class_list":{"0":"post-638188","1":"product","2":"type-product","3":"status-publish","4":"has-post-thumbnail","6":"product_cat-schuhe-sandalen","7":"pa_brand-craft","8":"pa_brand-type-sportswear","9":"pa_filter-color-blau","10":"pa_filter-color-grau","11":"pa_filter-color-schwarz","13":"first","14":"instock","15":"sale","16":"taxable","17":"shipping-taxable","18":"purchasable","19":"product-type-variable","20":"add-to-wishlist-before_image"},"exclude_global_add_ons":[],"addons":[],"acf":[],"_links":{"self":[{"href":"https:\/\/shop.kustom.ch\/en\/wp-json\/wp\/v2\/product\/638188"}],"collection":[{"href":"https:\/\/shop.kustom.ch\/en\/wp-json\/wp\/v2\/product"}],"about":[{"href":"https:\/\/shop.kustom.ch\/en\/wp-json\/wp\/v2\/types\/product"}],"wp:featuredmedia":[{"embeddable":true,"href":"https:\/\/shop.kustom.ch\/en\/wp-json\/wp\/v2\/media\/706430"}],"wp:attachment":[{"href":"https:\/\/shop.kustom.ch\/en\/wp-json\/wp\/v2\/media?parent=638188"}],"wp:term":[{"taxonomy":"product_brand","embeddable":true,"href":"https:\/\/shop.kustom.ch\/en\/wp-json\/wp\/v2\/product_brand?post=638188"},{"taxonomy":"product_cat","embeddable":true,"href":"https:\/\/shop.kustom.ch\/en\/wp-json\/wp\/v2\/product_cat?post=638188"},{"taxonomy":"product_tag","embeddable":true,"href":"https:\/\/shop.kustom.ch\/en\/wp-json\/wp\/v2\/product_tag?post=638188"}],"curies":[{"name":"wp","href":"https:\/\/api.w.org\/{rel}","templated":true}]}}