{"id":638179,"date":"2025-03-22T03:49:41","date_gmt":"2025-03-22T02:49:41","guid":{"rendered":"https:\/\/shop.kustom.ch\/?post_type=product&#038;p=638179"},"modified":"2026-03-27T13:31:45","modified_gmt":"2026-03-27T12:31:45","slug":"core-warm-baselayer-set-j","status":"publish","type":"product","link":"https:\/\/shop.kustom.ch\/en\/product\/core-warm-baselayer-set-j\/","title":{"rendered":"CORE Warm Baselayer Set J"},"content":{"rendered":"<p>Thermal underwear set made of soft jersey with a brushed inside for sufficient warmth and optimum comfort.<br \/>\n- Normal fit<br \/>\n- Knitted fabric for optimum moisture transport<br \/>\n- Flat seams adapt to body movement<\/p>\n<p>Material: 100% polyester<\/p>","protected":false},"excerpt":{"rendered":"<p>Thermounterw\u00e4sche-Set aus weichem Jersey mit angerauter Innenseite f\u00fcr ausreichend W\u00e4rme und optimalen Komfort. \u2022 Normale Passform \u2022 Gestricktes Gewebe f\u00fcr einen optimalen Feuchtigkeitstransport \u2022 Flachn\u00e4hte passen sich der K\u00f6rperbewegung an Material: 100% Polyester<\/p>","protected":false},"featured_media":627620,"template":"","meta":[],"product_brand":[],"product_cat":[4206],"product_tag":[],"class_list":{"0":"post-638179","1":"product","2":"type-product","3":"status-publish","4":"has-post-thumbnail","6":"product_cat-underwear","7":"pa_brand-craft-retail-sportswear","8":"pa_brand-type-sportswear","9":"pa_filter-color-schwarz","11":"first","12":"instock","13":"sale","14":"taxable","15":"shipping-taxable","16":"purchasable","17":"product-type-variable","18":"add-to-wishlist-before_image"},"exclude_global_add_ons":[],"addons":[],"acf":[],"_links":{"self":[{"href":"https:\/\/shop.kustom.ch\/en\/wp-json\/wp\/v2\/product\/638179"}],"collection":[{"href":"https:\/\/shop.kustom.ch\/en\/wp-json\/wp\/v2\/product"}],"about":[{"href":"https:\/\/shop.kustom.ch\/en\/wp-json\/wp\/v2\/types\/product"}],"wp:featuredmedia":[{"embeddable":true,"href":"https:\/\/shop.kustom.ch\/en\/wp-json\/wp\/v2\/media\/627620"}],"wp:attachment":[{"href":"https:\/\/shop.kustom.ch\/en\/wp-json\/wp\/v2\/media?parent=638179"}],"wp:term":[{"taxonomy":"product_brand","embeddable":true,"href":"https:\/\/shop.kustom.ch\/en\/wp-json\/wp\/v2\/product_brand?post=638179"},{"taxonomy":"product_cat","embeddable":true,"href":"https:\/\/shop.kustom.ch\/en\/wp-json\/wp\/v2\/product_cat?post=638179"},{"taxonomy":"product_tag","embeddable":true,"href":"https:\/\/shop.kustom.ch\/en\/wp-json\/wp\/v2\/product_tag?post=638179"}],"curies":[{"name":"wp","href":"https:\/\/api.w.org\/{rel}","templated":true}]}}