{"id":638166,"date":"2025-03-22T03:49:06","date_gmt":"2025-03-22T02:49:06","guid":{"rendered":"https:\/\/shop.kustom.ch\/?post_type=product&#038;p=638166"},"modified":"2026-03-27T13:44:28","modified_gmt":"2026-03-27T12:44:28","slug":"core-hydro-bootie-2","status":"publish","type":"product","link":"https:\/\/shop.kustom.ch\/en\/product\/core-hydro-bootie-2\/","title":{"rendered":"Core Hydro Bootie"},"content":{"rendered":"<p>CORE Hydro Bootie is a wind and waterproof overshoe with taped seams that protects the feet in wet and windy weather. Elasticated fabric ensures a flexible, snug fit. Reinforced heel and toe. <\/p>\n<p>- Elasticated, windproof and waterproof fabric<br \/>\n- All seams are covered with waterproof tape.<br \/>\n- Durable waterproof zip at the back<br \/>\n- Reinforcements on the heel and nose<br \/>\n- Reflective details<br \/>\n- Tight fit<\/p>\n<p>Material: Body: 100% polyurethane. Lining body: 95% recycled polyester, 5% elastane. Sole: 100% polyester<\/p>","protected":false},"excerpt":{"rendered":"<p>CORE Hydro Bootie ist ein wind- und wasserdichter \u00dcberschuh mit getapten N\u00e4hten, der die F\u00fcsse bei nassem und windigem Wetter sch\u00fctzt. Elastischer Stoff sorgt f\u00fcr eine flexible, eng anliegende Passform. Verst\u00e4rkung an Ferse und Spitze. \u2022 Elastisches, wind\u2022 und wasserdichtes Gewebe \u2022 Alle N\u00e4hte sind mit wasserdichtem Tape abgedeckt. \u2022 Langlebiger wasserdichter Reissverschluss hinten \u2022 [&hellip;]<\/p>\n","protected":false},"featured_media":627522,"template":"","meta":[],"product_brand":[],"product_cat":[4209],"product_tag":[],"class_list":{"0":"post-638166","1":"product","2":"type-product","3":"status-publish","4":"has-post-thumbnail","6":"product_cat-zubehoer","7":"pa_brand-craft-retail-sportswear","8":"pa_brand-type-sportswear","9":"pa_filter-color-schwarz","11":"first","12":"instock","13":"sale","14":"taxable","15":"shipping-taxable","16":"purchasable","17":"product-type-variable","18":"add-to-wishlist-before_image"},"exclude_global_add_ons":[],"addons":[],"acf":[],"_links":{"self":[{"href":"https:\/\/shop.kustom.ch\/en\/wp-json\/wp\/v2\/product\/638166"}],"collection":[{"href":"https:\/\/shop.kustom.ch\/en\/wp-json\/wp\/v2\/product"}],"about":[{"href":"https:\/\/shop.kustom.ch\/en\/wp-json\/wp\/v2\/types\/product"}],"wp:featuredmedia":[{"embeddable":true,"href":"https:\/\/shop.kustom.ch\/en\/wp-json\/wp\/v2\/media\/627522"}],"wp:attachment":[{"href":"https:\/\/shop.kustom.ch\/en\/wp-json\/wp\/v2\/media?parent=638166"}],"wp:term":[{"taxonomy":"product_brand","embeddable":true,"href":"https:\/\/shop.kustom.ch\/en\/wp-json\/wp\/v2\/product_brand?post=638166"},{"taxonomy":"product_cat","embeddable":true,"href":"https:\/\/shop.kustom.ch\/en\/wp-json\/wp\/v2\/product_cat?post=638166"},{"taxonomy":"product_tag","embeddable":true,"href":"https:\/\/shop.kustom.ch\/en\/wp-json\/wp\/v2\/product_tag?post=638166"}],"curies":[{"name":"wp","href":"https:\/\/api.w.org\/{rel}","templated":true}]}}