{"id":638104,"date":"2025-03-22T03:48:30","date_gmt":"2025-03-22T02:48:30","guid":{"rendered":"https:\/\/shop.kustom.ch\/?post_type=product&#038;p=638104"},"modified":"2026-03-27T14:03:01","modified_gmt":"2026-03-27T13:03:01","slug":"core-explore-softshell-jacket-2-w","status":"publish","type":"product","link":"https:\/\/shop.kustom.ch\/en\/product\/core-explore-softshell-jacket-2-w\/","title":{"rendered":"CORE Explore Softshell Jacket 2 W"},"content":{"rendered":"<p>The CORE Explore Softshell Jacket 2 is a versatile softshell jacket that is suitable for both outdoor activities and everyday wear.<\/p>\n<p>This comfortable outdoor jacket is made from a wind and water-repellent softshell fabric with a brushed inside and high stretch content for improved insulation and optimum freedom of movement. The jacket also has a detachable hood, a slightly sloping back and a drawstring at the bottom hem for a customised fit. It also has two zipped side pockets and an inner zipped pocket for safe storage of a map, compass, keys, phone, energy bar, etc. <\/p>\n<p>- Windproof and water-repellent softshell material made from recycled polyester<br \/>\n- Brushed inside<br \/>\n- Detachable hood with press studs and drawstring<br \/>\n- Drawstring at the hem<br \/>\n- Two side zip pockets<br \/>\n- Inner pocket with zip<br \/>\n- Normal fit<\/p>\n<p>Material: Front: 100% recycled polyester. Centre: 100% polyurethane. Back: 100% polyester<\/p>","protected":false},"excerpt":{"rendered":"<p>Das CORE Explore Softshell Jacket 2 ist eine vielseitige Softshell-Jacke, die sowohl f\u00fcr Outdoor-Aktivit\u00e4ten als auch f\u00fcr den Alltag geeignet ist. Diese bequeme Outdoor-Jacke besteht aus einem wind- und wasserabweisenden Softshell-Gewebe mit geb\u00fcrsteter Innenseite und hohem Stretchanteil f\u00fcr verbesserte Isolierung sowie optimale Bewegungsfreiheit. Ausserdem verf\u00fcgt die Jacke \u00fcber eine abnehmbare Kapuze, einen leicht abfallenden R\u00fccken [&hellip;]<\/p>\n","protected":false},"featured_media":480888,"template":"","meta":[],"product_brand":[],"product_cat":[4186],"product_tag":[],"class_list":{"0":"post-638104","1":"product","2":"type-product","3":"status-publish","4":"has-post-thumbnail","6":"product_cat-jacken","7":"pa_brand-craft-retail-sportswear","8":"pa_brand-type-sportswear","9":"pa_filter-color-blau","10":"pa_filter-color-gruen","11":"pa_filter-color-schwarz","13":"first","14":"instock","15":"sale","16":"taxable","17":"shipping-taxable","18":"purchasable","19":"product-type-variable","20":"add-to-wishlist-before_image"},"exclude_global_add_ons":[],"addons":[],"acf":[],"_links":{"self":[{"href":"https:\/\/shop.kustom.ch\/en\/wp-json\/wp\/v2\/product\/638104"}],"collection":[{"href":"https:\/\/shop.kustom.ch\/en\/wp-json\/wp\/v2\/product"}],"about":[{"href":"https:\/\/shop.kustom.ch\/en\/wp-json\/wp\/v2\/types\/product"}],"wp:featuredmedia":[{"embeddable":true,"href":"https:\/\/shop.kustom.ch\/en\/wp-json\/wp\/v2\/media\/480888"}],"wp:attachment":[{"href":"https:\/\/shop.kustom.ch\/en\/wp-json\/wp\/v2\/media?parent=638104"}],"wp:term":[{"taxonomy":"product_brand","embeddable":true,"href":"https:\/\/shop.kustom.ch\/en\/wp-json\/wp\/v2\/product_brand?post=638104"},{"taxonomy":"product_cat","embeddable":true,"href":"https:\/\/shop.kustom.ch\/en\/wp-json\/wp\/v2\/product_cat?post=638104"},{"taxonomy":"product_tag","embeddable":true,"href":"https:\/\/shop.kustom.ch\/en\/wp-json\/wp\/v2\/product_tag?post=638104"}],"curies":[{"name":"wp","href":"https:\/\/api.w.org\/{rel}","templated":true}]}}