{"id":638078,"date":"2025-03-22T03:48:18","date_gmt":"2025-03-22T02:48:18","guid":{"rendered":"https:\/\/shop.kustom.ch\/?post_type=product&#038;p=638078"},"modified":"2026-04-20T12:13:25","modified_gmt":"2026-04-20T11:13:25","slug":"core-explore-lt-insulation-jkt-m","status":"publish","type":"product","link":"https:\/\/shop.kustom.ch\/en\/product\/core-explore-lt-insulation-jkt-m\/","title":{"rendered":"Core Explore Lt. Insulation Jkt M"},"content":{"rendered":"<p>The CORE Explore Light Insulation Jacket is a versatile addition to the wardrobe of outdoor enthusiasts. It offers warmth and is packable to save space for a variety of adventures and everyday use.<\/p>\n<p>This warm and functional jacket features lightweight, blown-in polyester insulation that provides remarkable warmth and effectively traps body heat to keep you warm and cosy in cool conditions. The polyester filling is highly functional and quick-drying, so sweat and unexpected rain are no problem. Thanks to its light weight, it can be stowed away in a small bag or rucksack so that you can quickly adapt to a rapid drop in temperature when you're out and about. The jacket also features a detachable hood, a zipped chest pocket and two zipped side pockets for secure storage of essentials such as keys, phone and energy bars. Whether you're exploring the backcountry or simply going about your daily life, this jacket is a reliable choice for staying warm and protected in a variety of outdoor environments. It is extremely versatile and is perfect as a layering jacket in cold conditions or as a standalone garment on milder days.<\/p>\n<p>- Woven outer material made from recycled polyester<br \/>\n- Lightweight, blown-in polyester insulation<br \/>\n- Quilted design on the body, sleeves and hood<br \/>\n- Detachable hood with press stud fastening<br \/>\n- Two side pockets with zip<br \/>\n- Chest pocket with zip<br \/>\n- Elasticated waistband with drawstring<br \/>\n- Normal fit<\/p>\n<p>Material: Body: 100% recycled polyamide. Lining: 100% polyester<\/p>","protected":false},"excerpt":{"rendered":"<p>Das CORE Explore Light Insulation Jacket ist eine vielseitige Erg\u00e4nzung f\u00fcr die Garderobe von Outdoor-Enthusiasten. Sie bietet W\u00e4rme und ist besonders raumsparend verpackbar f\u00fcr eine Vielzahl von Abenteuern und den t\u00e4glichen Gebrauch. Diese warme und funktionelle Jacke verf\u00fcgt \u00fcber eine leichte, eingeblasene Polyester-Isolierung, die f\u00fcr bemerkenswerte W\u00e4rme sorgt und die K\u00f6rperw\u00e4rme effektiv einf\u00e4ngt, damit es [&hellip;]<\/p>\n","protected":false},"featured_media":480809,"template":"","meta":[],"product_brand":[],"product_cat":[4186],"product_tag":[],"class_list":{"0":"post-638078","1":"product","2":"type-product","3":"status-publish","4":"has-post-thumbnail","6":"product_cat-jacken","7":"pa_brand-craft-retail-sportswear","8":"pa_brand-type-sportswear","9":"pa_filter-color-blau","10":"pa_filter-color-gruen","11":"pa_filter-color-schwarz","13":"first","14":"instock","15":"sale","16":"taxable","17":"shipping-taxable","18":"purchasable","19":"product-type-variable","20":"add-to-wishlist-before_image"},"exclude_global_add_ons":[],"addons":[],"acf":[],"_links":{"self":[{"href":"https:\/\/shop.kustom.ch\/en\/wp-json\/wp\/v2\/product\/638078"}],"collection":[{"href":"https:\/\/shop.kustom.ch\/en\/wp-json\/wp\/v2\/product"}],"about":[{"href":"https:\/\/shop.kustom.ch\/en\/wp-json\/wp\/v2\/types\/product"}],"wp:featuredmedia":[{"embeddable":true,"href":"https:\/\/shop.kustom.ch\/en\/wp-json\/wp\/v2\/media\/480809"}],"wp:attachment":[{"href":"https:\/\/shop.kustom.ch\/en\/wp-json\/wp\/v2\/media?parent=638078"}],"wp:term":[{"taxonomy":"product_brand","embeddable":true,"href":"https:\/\/shop.kustom.ch\/en\/wp-json\/wp\/v2\/product_brand?post=638078"},{"taxonomy":"product_cat","embeddable":true,"href":"https:\/\/shop.kustom.ch\/en\/wp-json\/wp\/v2\/product_cat?post=638078"},{"taxonomy":"product_tag","embeddable":true,"href":"https:\/\/shop.kustom.ch\/en\/wp-json\/wp\/v2\/product_tag?post=638078"}],"curies":[{"name":"wp","href":"https:\/\/api.w.org\/{rel}","templated":true}]}}