{"id":638034,"date":"2025-03-22T03:47:52","date_gmt":"2025-03-22T02:47:52","guid":{"rendered":"https:\/\/shop.kustom.ch\/?post_type=product&#038;p=638034"},"modified":"2026-03-27T13:24:44","modified_gmt":"2026-03-27T12:24:44","slug":"core-essence-nordic-jacket-w","status":"publish","type":"product","link":"https:\/\/shop.kustom.ch\/en\/product\/core-essence-nordic-jacket-w\/","title":{"rendered":"Core Essence Nordic Jacket W"},"content":{"rendered":"<p>Cross-country skiing jacket made from elasticated, windproof and waterproof 3-layer material for training on cold days.<\/p>\n<p>- Elasticated, wind- and waterproof 3-layer Ventair 8000\/8000 material<br \/>\n- Elasticated jersey on the back and under the sleeves for optimum ventilation<br \/>\n- Elasticated band at the sleeve ends and waistband for a snug fit<br \/>\n- Two concealed side pockets with zip fastener<br \/>\n- Reversible zip at the front<br \/>\n- Brushed fleece on the inside of the collar for a pleasant feel against the skin<br \/>\n- Craft logo on the left chest area<br \/>\n- Craft six-point logo on the back<\/p>\n<p>Material: Body: Front 100% recycled polyester. Centre: 100% polyurethane. Back: 100% polyester. Upper back: 100% recycled polyester. Side inserts: 100% recycled polyester.<\/p>","protected":false},"excerpt":{"rendered":"<p>Langlaufjacke aus elastischem, wind- und wasserfestem 3-Lagen-Material f\u00fcr das Training an kalten Tagen. \u2022 Elastisches, wind- und wasserfestes 3-Lagen-Material Ventair 8000\/8000 \u2022 Elastischer Jersey auf der R\u00fcckseite und unter den \u00c4rmeln f\u00fcr optimale Ventilation \u2022 Elastisches Band an den \u00c4rmelenden und am Bund f\u00fcr einen passgenauen Sitz \u2022 Zwei verdeckte Seitentaschen mit Reissverschluss \u2022 Wendereissverschluss [&hellip;]<\/p>\n","protected":false},"featured_media":627367,"template":"","meta":[],"product_brand":[],"product_cat":[4186],"product_tag":[],"class_list":{"0":"post-638034","1":"product","2":"type-product","3":"status-publish","4":"has-post-thumbnail","6":"product_cat-jacken","7":"pa_brand-craft-retail-sportswear","8":"pa_brand-type-sportswear","9":"pa_filter-color-grau","11":"first","12":"instock","13":"sale","14":"taxable","15":"shipping-taxable","16":"purchasable","17":"product-type-variable","18":"add-to-wishlist-before_image"},"exclude_global_add_ons":[],"addons":[],"acf":[],"_links":{"self":[{"href":"https:\/\/shop.kustom.ch\/en\/wp-json\/wp\/v2\/product\/638034"}],"collection":[{"href":"https:\/\/shop.kustom.ch\/en\/wp-json\/wp\/v2\/product"}],"about":[{"href":"https:\/\/shop.kustom.ch\/en\/wp-json\/wp\/v2\/types\/product"}],"wp:featuredmedia":[{"embeddable":true,"href":"https:\/\/shop.kustom.ch\/en\/wp-json\/wp\/v2\/media\/627367"}],"wp:attachment":[{"href":"https:\/\/shop.kustom.ch\/en\/wp-json\/wp\/v2\/media?parent=638034"}],"wp:term":[{"taxonomy":"product_brand","embeddable":true,"href":"https:\/\/shop.kustom.ch\/en\/wp-json\/wp\/v2\/product_brand?post=638034"},{"taxonomy":"product_cat","embeddable":true,"href":"https:\/\/shop.kustom.ch\/en\/wp-json\/wp\/v2\/product_cat?post=638034"},{"taxonomy":"product_tag","embeddable":true,"href":"https:\/\/shop.kustom.ch\/en\/wp-json\/wp\/v2\/product_tag?post=638034"}],"curies":[{"name":"wp","href":"https:\/\/api.w.org\/{rel}","templated":true}]}}