{"id":638012,"date":"2025-03-22T03:47:19","date_gmt":"2025-03-22T02:47:19","guid":{"rendered":"https:\/\/shop.kustom.ch\/?post_type=product&#038;p=638012"},"modified":"2026-03-27T14:30:10","modified_gmt":"2026-03-27T13:30:10","slug":"core-endur-lumen-jersey-m","status":"publish","type":"product","link":"https:\/\/shop.kustom.ch\/en\/product\/core-endur-lumen-jersey-m\/","title":{"rendered":"Core Endur Lumen Jersey M"},"content":{"rendered":"<p>Soft, stretchy and functional cycling jersey for cycling enthusiasts. Offers excellent moisture transport and has a full-length front zip, three back pockets and a double hem at the back for a secure fit.<\/p>\n<p>Material: 100% recycled polyester<\/p>","protected":false},"excerpt":{"rendered":"<p>Weiches, dehnbares und funktionelles Radtrikot f\u00fcr Radsportbegeisterte. Bietet exzellenten Feuchtigkeitstransport und verf\u00fcgt \u00fcber einen durchgehenden Frontreissverschluss, drei R\u00fcckentaschen und einen doppelten Saumabschluss am R\u00fccken f\u00fcr einen sicheren Sitz. Material: 100% Recycling-Polyester<\/p>","protected":false},"featured_media":627323,"template":"","meta":[],"product_brand":[],"product_cat":[4205],"product_tag":[],"class_list":{"0":"post-638012","1":"product","2":"type-product","3":"status-publish","4":"has-post-thumbnail","6":"product_cat-trikots","7":"pa_brand-craft-retail-sportswear","8":"pa_brand-type-sportswear","9":"pa_filter-color-grau","10":"pa_filter-color-schwarz","12":"first","13":"instock","14":"sale","15":"taxable","16":"shipping-taxable","17":"purchasable","18":"product-type-variable","19":"add-to-wishlist-before_image"},"exclude_global_add_ons":[],"addons":[],"acf":[],"_links":{"self":[{"href":"https:\/\/shop.kustom.ch\/en\/wp-json\/wp\/v2\/product\/638012"}],"collection":[{"href":"https:\/\/shop.kustom.ch\/en\/wp-json\/wp\/v2\/product"}],"about":[{"href":"https:\/\/shop.kustom.ch\/en\/wp-json\/wp\/v2\/types\/product"}],"wp:featuredmedia":[{"embeddable":true,"href":"https:\/\/shop.kustom.ch\/en\/wp-json\/wp\/v2\/media\/627323"}],"wp:attachment":[{"href":"https:\/\/shop.kustom.ch\/en\/wp-json\/wp\/v2\/media?parent=638012"}],"wp:term":[{"taxonomy":"product_brand","embeddable":true,"href":"https:\/\/shop.kustom.ch\/en\/wp-json\/wp\/v2\/product_brand?post=638012"},{"taxonomy":"product_cat","embeddable":true,"href":"https:\/\/shop.kustom.ch\/en\/wp-json\/wp\/v2\/product_cat?post=638012"},{"taxonomy":"product_tag","embeddable":true,"href":"https:\/\/shop.kustom.ch\/en\/wp-json\/wp\/v2\/product_tag?post=638012"}],"curies":[{"name":"wp","href":"https:\/\/api.w.org\/{rel}","templated":true}]}}