{"id":637948,"date":"2025-03-22T03:46:37","date_gmt":"2025-03-22T02:46:37","guid":{"rendered":"https:\/\/shop.kustom.ch\/?post_type=product&#038;p=637948"},"modified":"2026-03-27T13:49:02","modified_gmt":"2026-03-27T12:49:02","slug":"core-dry-footies-5-pack","status":"publish","type":"product","link":"https:\/\/shop.kustom.ch\/en\/product\/core-dry-footies-5-pack\/","title":{"rendered":"CORE Dry Footies 5-pack"},"content":{"rendered":"<p>CORE Dry Footies are functional training footies with excellent moisture transport, ventilation and arch support. Reinforced toe and heel area.<\/p>\n<p>- Support for the arch of the foot<br \/>\n- Flat toe seam<br \/>\n- Reinforced toe and heel area<br \/>\n- 5-pack<\/p>\n<p>Material: 58% recycled polyamide, 39% polyamide, 3% elastane<\/p>","protected":false},"excerpt":{"rendered":"<p>CORE Dry Footies sind funktionelle Trainings-Footies mit hervorragendem Feuchtigkeitstransport, Bel\u00fcftung und Fussgew\u00f6lbeunterst\u00fctzung. Verst\u00e4rkte Zehen- und Fersenpartie. \u2022 Unterst\u00fctzung des Fussgew\u00f6lbes \u2022 Flache Zehennaht \u2022 Verst\u00e4rkte Zehen- und Fersenpartie \u2022 5er-Pack Material: 58% Recycling-Polyamid, 39% Polyamid, 3% Elasthan<\/p>","protected":false},"featured_media":627226,"template":"","meta":[],"product_brand":[],"product_cat":[4199],"product_tag":[],"class_list":{"0":"post-637948","1":"product","2":"type-product","3":"status-publish","4":"has-post-thumbnail","6":"product_cat-socken","7":"pa_brand-craft-retail-sportswear","8":"pa_brand-type-sportswear","9":"pa_filter-color-schwarz","10":"pa_filter-color-weiss","12":"first","13":"instock","14":"sale","15":"taxable","16":"shipping-taxable","17":"purchasable","18":"product-type-variable","19":"add-to-wishlist-before_image"},"exclude_global_add_ons":[],"addons":[],"acf":[],"_links":{"self":[{"href":"https:\/\/shop.kustom.ch\/en\/wp-json\/wp\/v2\/product\/637948"}],"collection":[{"href":"https:\/\/shop.kustom.ch\/en\/wp-json\/wp\/v2\/product"}],"about":[{"href":"https:\/\/shop.kustom.ch\/en\/wp-json\/wp\/v2\/types\/product"}],"wp:featuredmedia":[{"embeddable":true,"href":"https:\/\/shop.kustom.ch\/en\/wp-json\/wp\/v2\/media\/627226"}],"wp:attachment":[{"href":"https:\/\/shop.kustom.ch\/en\/wp-json\/wp\/v2\/media?parent=637948"}],"wp:term":[{"taxonomy":"product_brand","embeddable":true,"href":"https:\/\/shop.kustom.ch\/en\/wp-json\/wp\/v2\/product_brand?post=637948"},{"taxonomy":"product_cat","embeddable":true,"href":"https:\/\/shop.kustom.ch\/en\/wp-json\/wp\/v2\/product_cat?post=637948"},{"taxonomy":"product_tag","embeddable":true,"href":"https:\/\/shop.kustom.ch\/en\/wp-json\/wp\/v2\/product_tag?post=637948"}],"curies":[{"name":"wp","href":"https:\/\/api.w.org\/{rel}","templated":true}]}}