{"id":637932,"date":"2025-03-22T03:46:14","date_gmt":"2025-03-22T02:46:14","guid":{"rendered":"https:\/\/shop.kustom.ch\/?post_type=product&#038;p=637932"},"modified":"2026-03-27T13:44:33","modified_gmt":"2026-03-27T12:44:33","slug":"core-bike-subz-lumen-jacket-2-w","status":"publish","type":"product","link":"https:\/\/shop.kustom.ch\/en\/product\/core-bike-subz-lumen-jacket-2-w\/","title":{"rendered":"Core Bike SubZ Lumen Jacket 2 W"},"content":{"rendered":"<p>The CORE SubZ Lumen 2 jacket is a warm, windproof and water-repellent cycling jacket with reflective details that offers great comfort when riding in cold conditions.<\/p>\n<p>The jacket is made from a 3-layer softshell fabric that offers excellent weather protection and is brushed on the inside to ensure better insulation on cold autumn and winter days. The cycling jacket also features many reflective prints and details as well as four back pockets that offer plenty of space for energy bars, mobile phones, keys, etc.<\/p>\n<p>- Wind and water-repellent softshell fabric (WP 8,000\/MVP 8,000)<br \/>\n- Brushed inside for extra warmth and comfort<br \/>\n- Reflective prints and details<br \/>\n- Four back pockets (one with zip)<br \/>\n- Silicone gripper at the back holds the jacket in place<br \/>\n- Normal fit<\/p>\n<p>Material: Body: 100% recycled polyester<\/p>","protected":false},"excerpt":{"rendered":"<p>Die CORE SubZ Lumen 2 Jacke ist eine warme, winddichte und wasserabweisende Fahrradjacke mit reflektierenden Details, die bei Fahrten unter kalten Bedingungen grossen Komfort bietet. Die Jacke besteht aus einem 3-lagigen Softshell-Gewebe, das einen hervorragenden Wetterschutz bietet, und ist innen geb\u00fcrstet, um an kalten Herbst- und Wintertagen eine bessere Isolierung zu gew\u00e4hrleisten. Die Fahrradjacke verf\u00fcgt [&hellip;]<\/p>\n","protected":false},"featured_media":480349,"template":"","meta":[],"product_brand":[],"product_cat":[4186],"product_tag":[],"class_list":{"0":"post-637932","1":"product","2":"type-product","3":"status-publish","4":"has-post-thumbnail","6":"product_cat-jacken","7":"pa_brand-craft-retail-sportswear","8":"pa_brand-type-sportswear","9":"pa_filter-color-grau","11":"first","12":"instock","13":"sale","14":"taxable","15":"shipping-taxable","16":"purchasable","17":"product-type-variable","18":"add-to-wishlist-before_image"},"exclude_global_add_ons":[],"addons":[],"acf":[],"_links":{"self":[{"href":"https:\/\/shop.kustom.ch\/en\/wp-json\/wp\/v2\/product\/637932"}],"collection":[{"href":"https:\/\/shop.kustom.ch\/en\/wp-json\/wp\/v2\/product"}],"about":[{"href":"https:\/\/shop.kustom.ch\/en\/wp-json\/wp\/v2\/types\/product"}],"wp:featuredmedia":[{"embeddable":true,"href":"https:\/\/shop.kustom.ch\/en\/wp-json\/wp\/v2\/media\/480349"}],"wp:attachment":[{"href":"https:\/\/shop.kustom.ch\/en\/wp-json\/wp\/v2\/media?parent=637932"}],"wp:term":[{"taxonomy":"product_brand","embeddable":true,"href":"https:\/\/shop.kustom.ch\/en\/wp-json\/wp\/v2\/product_brand?post=637932"},{"taxonomy":"product_cat","embeddable":true,"href":"https:\/\/shop.kustom.ch\/en\/wp-json\/wp\/v2\/product_cat?post=637932"},{"taxonomy":"product_tag","embeddable":true,"href":"https:\/\/shop.kustom.ch\/en\/wp-json\/wp\/v2\/product_tag?post=637932"}],"curies":[{"name":"wp","href":"https:\/\/api.w.org\/{rel}","templated":true}]}}