{"id":637891,"date":"2025-03-22T03:45:42","date_gmt":"2025-03-22T02:45:42","guid":{"rendered":"https:\/\/shop.kustom.ch\/?post_type=product&#038;p=637891"},"modified":"2026-03-27T13:39:07","modified_gmt":"2026-03-27T12:39:07","slug":"community-2-0-zip-jacket-w","status":"publish","type":"product","link":"https:\/\/shop.kustom.ch\/en\/product\/community-2-0-zip-jacket-w\/","title":{"rendered":"Community 2.0 Zip Jacket W"},"content":{"rendered":"<p>The Community 2.0 Zip Jacket is a classic sweatshirt jacket for relaxed moments and team building events. This casual jacket is made from a soft blend of recycled polyester and organic cotton and has a brushed inside. It ensures a supple feel and a high level of comfort during everyday activities. The jacket stands out with its clear design and offers plenty of space for logos.<\/p>\n<p>- Soft fabric made from recycled polyester and organic cotton<br \/>\n- Brushed inside<br \/>\n- Ribbed cuffs and hem<br \/>\n- Two side pockets<br \/>\n- Clear design for logos<br \/>\n- Normal fit<\/p>\n<p>Material: Solid colours: 60% Cotton-Organic 40% Polyester-Recycled<br \/>\nMelange colours: 63% Cotton-Organic 31% Polyester-Recycled 6% Viscose<\/p>","protected":false},"excerpt":{"rendered":"<p>Die Community 2.0 Zip Jacket ist eine klassische Sweatshirt-Jacke f\u00fcr entspannte Momente und Teambuilding-Events. Diese l\u00e4ssige Jacke besteht aus einer weichen Mischung aus recyceltem Polyester und Bio-Baumwolle und verf\u00fcgt \u00fcber eine geb\u00fcrstete Innenseite. Sie sorgt f\u00fcr ein geschmeidiges Tragegef\u00fchl sowie hohen Komfort bei allt\u00e4glichen Aktivit\u00e4ten. Die Jacke besticht durch ihr klares Design und bietet ausreichend [&hellip;]<\/p>\n","protected":false},"featured_media":481039,"template":"","meta":[],"product_brand":[],"product_cat":[4191],"product_tag":[],"class_list":{"0":"post-637891","1":"product","2":"type-product","3":"status-publish","4":"has-post-thumbnail","6":"product_cat-longsleeves-sweatshirts","7":"pa_brand-craft-teamwear","8":"pa_brand-type-sportswear","9":"pa_filter-color-blau","10":"pa_filter-color-grau","11":"pa_filter-color-schwarz","13":"first","14":"instock","15":"sale","16":"taxable","17":"shipping-taxable","18":"purchasable","19":"product-type-variable","20":"add-to-wishlist-before_image"},"exclude_global_add_ons":[],"addons":[],"acf":[],"_links":{"self":[{"href":"https:\/\/shop.kustom.ch\/en\/wp-json\/wp\/v2\/product\/637891"}],"collection":[{"href":"https:\/\/shop.kustom.ch\/en\/wp-json\/wp\/v2\/product"}],"about":[{"href":"https:\/\/shop.kustom.ch\/en\/wp-json\/wp\/v2\/types\/product"}],"wp:featuredmedia":[{"embeddable":true,"href":"https:\/\/shop.kustom.ch\/en\/wp-json\/wp\/v2\/media\/481039"}],"wp:attachment":[{"href":"https:\/\/shop.kustom.ch\/en\/wp-json\/wp\/v2\/media?parent=637891"}],"wp:term":[{"taxonomy":"product_brand","embeddable":true,"href":"https:\/\/shop.kustom.ch\/en\/wp-json\/wp\/v2\/product_brand?post=637891"},{"taxonomy":"product_cat","embeddable":true,"href":"https:\/\/shop.kustom.ch\/en\/wp-json\/wp\/v2\/product_cat?post=637891"},{"taxonomy":"product_tag","embeddable":true,"href":"https:\/\/shop.kustom.ch\/en\/wp-json\/wp\/v2\/product_tag?post=637891"}],"curies":[{"name":"wp","href":"https:\/\/api.w.org\/{rel}","templated":true}]}}