{"id":637619,"date":"2025-03-22T03:44:02","date_gmt":"2025-03-22T02:44:02","guid":{"rendered":"https:\/\/shop.kustom.ch\/?post_type=product&#038;p=637619"},"modified":"2026-03-27T13:34:01","modified_gmt":"2026-03-27T12:34:01","slug":"community-2-0-logo-fz-hoodie-w","status":"publish","type":"product","link":"https:\/\/shop.kustom.ch\/en\/product\/community-2-0-logo-fz-hoodie-w\/","title":{"rendered":"Community 2.0 Logo FZ Hoodie W"},"content":{"rendered":"<p>The Community 2.0 Logo FZ Hoodie combines a relaxed yet athletic fit with a sporty expression, ideal for relaxed moments off the pitch. This casual full-zip hoodie is made from a soft blend of recycled polyester and organic cotton and features a brushed interior. It ensures a supple feel and great comfort and revitalises the team spirit. Its clean design makes it perfect for branding with club, sponsor or company logos.<\/p>\n<p>- Soft fabric made from recycled polyester and organic cotton<br \/>\n- Brushed inside<br \/>\n- Full-length zip<br \/>\n- Two side pockets<br \/>\n- Contrasting logo on the chest<br \/>\n- Normal fit<\/p>\n<p>Material: Solid colours: 60% Cotton-Organic 40% Polyester-Recycled<br \/>\nMelange colours: 63% Cotton-Organic 31% Polyester-Recycled 6% Viscose<\/p>","protected":false},"excerpt":{"rendered":"<p>Der Community 2.0 Logo FZ Hoodie kombiniert eine entspannte und dennoch athletische Passform mit einem sportlichen Ausdruck, ideal f\u00fcr entspannte Momente abseits des Spielfelds. Dieser l\u00e4ssige Kapuzenpullover mit durchgehendem Reissverschluss ist aus einer weichen Mischung aus recyceltem Polyester und Bio-Baumwolle gefertigt und verf\u00fcgt \u00fcber eine geb\u00fcrstete Innenseite. Er sorgt f\u00fcr ein geschmeidiges Tragegef\u00fchl sowie grossartigen [&hellip;]<\/p>\n","protected":false},"featured_media":480991,"template":"","meta":[],"product_brand":[],"product_cat":[4184],"product_tag":[],"class_list":{"0":"post-637619","1":"product","2":"type-product","3":"status-publish","4":"has-post-thumbnail","6":"product_cat-hoodies-pullover","7":"pa_brand-craft-teamwear","8":"pa_brand-type-sportswear","9":"pa_filter-color-blau","10":"pa_filter-color-grau","11":"pa_filter-color-rot","12":"pa_filter-color-schwarz","14":"first","15":"instock","16":"sale","17":"taxable","18":"shipping-taxable","19":"purchasable","20":"product-type-variable","21":"add-to-wishlist-before_image"},"exclude_global_add_ons":[],"addons":[],"acf":[],"_links":{"self":[{"href":"https:\/\/shop.kustom.ch\/en\/wp-json\/wp\/v2\/product\/637619"}],"collection":[{"href":"https:\/\/shop.kustom.ch\/en\/wp-json\/wp\/v2\/product"}],"about":[{"href":"https:\/\/shop.kustom.ch\/en\/wp-json\/wp\/v2\/types\/product"}],"wp:featuredmedia":[{"embeddable":true,"href":"https:\/\/shop.kustom.ch\/en\/wp-json\/wp\/v2\/media\/480991"}],"wp:attachment":[{"href":"https:\/\/shop.kustom.ch\/en\/wp-json\/wp\/v2\/media?parent=637619"}],"wp:term":[{"taxonomy":"product_brand","embeddable":true,"href":"https:\/\/shop.kustom.ch\/en\/wp-json\/wp\/v2\/product_brand?post=637619"},{"taxonomy":"product_cat","embeddable":true,"href":"https:\/\/shop.kustom.ch\/en\/wp-json\/wp\/v2\/product_cat?post=637619"},{"taxonomy":"product_tag","embeddable":true,"href":"https:\/\/shop.kustom.ch\/en\/wp-json\/wp\/v2\/product_tag?post=637619"}],"curies":[{"name":"wp","href":"https:\/\/api.w.org\/{rel}","templated":true}]}}