{"id":637500,"date":"2025-03-22T03:43:04","date_gmt":"2025-03-22T02:43:04","guid":{"rendered":"https:\/\/shop.kustom.ch\/?post_type=product&#038;p=637500"},"modified":"2026-03-27T13:15:37","modified_gmt":"2026-03-27T12:15:37","slug":"community-2-0-craft-tee-m","status":"publish","type":"product","link":"https:\/\/shop.kustom.ch\/en\/product\/community-2-0-craft-tee-m\/","title":{"rendered":"Community 2.0 Craft Tee M"},"content":{"rendered":"<p>Community 2.0 Craft Tee is an extremely comfortable T-shirt for everyday activities. Made from a soft blend of organic cotton and recycled polyester, this versatile garment is soft to the touch and efficiently wicks away moisture, continuously boosting team spirit. <\/p>\n<p>- Soft fabric made from organic cotton and recycled polyester<br \/>\n- Round collar<br \/>\n- Normal cut<\/p>\n<p>Material: 60% Cotton-Organic, 40% Polyester-Recycled<\/p>","protected":false},"excerpt":{"rendered":"<p>Community 2.0 Craft Tee ist ein \u00e4usserst bequemes T-Shirt f\u00fcr allt\u00e4gliche Aktivit\u00e4ten. Dieses vielseitige Kleidungsst\u00fcck besteht aus einer weichen Mischung aus Bio-Baumwolle und recyceltem Polyester, f\u00fchlt sich weich an und transportiert Feuchtigkeit effizient ab, wodurch der Teamgeist kontinuierlich gest\u00e4rkt wird. \u2022 Weicher Stoff aus Bio-Baumwolle und recyceltem Polyester \u2022 Rundkragen \u2022 Normaler Schnitt Material: 60% [&hellip;]<\/p>\n","protected":false},"featured_media":482528,"template":"","meta":[],"product_brand":[],"product_cat":[4201],"product_tag":[],"class_list":{"0":"post-637500","1":"product","2":"type-product","3":"status-publish","4":"has-post-thumbnail","6":"product_cat-t-shirts","7":"pa_brand-craft-teamwear","8":"pa_brand-type-sportswear","9":"pa_filter-color-schwarz","11":"first","12":"instock","13":"sale","14":"taxable","15":"shipping-taxable","16":"purchasable","17":"product-type-variable","18":"add-to-wishlist-before_image"},"exclude_global_add_ons":[],"addons":[],"acf":[],"_links":{"self":[{"href":"https:\/\/shop.kustom.ch\/en\/wp-json\/wp\/v2\/product\/637500"}],"collection":[{"href":"https:\/\/shop.kustom.ch\/en\/wp-json\/wp\/v2\/product"}],"about":[{"href":"https:\/\/shop.kustom.ch\/en\/wp-json\/wp\/v2\/types\/product"}],"wp:featuredmedia":[{"embeddable":true,"href":"https:\/\/shop.kustom.ch\/en\/wp-json\/wp\/v2\/media\/482528"}],"wp:attachment":[{"href":"https:\/\/shop.kustom.ch\/en\/wp-json\/wp\/v2\/media?parent=637500"}],"wp:term":[{"taxonomy":"product_brand","embeddable":true,"href":"https:\/\/shop.kustom.ch\/en\/wp-json\/wp\/v2\/product_brand?post=637500"},{"taxonomy":"product_cat","embeddable":true,"href":"https:\/\/shop.kustom.ch\/en\/wp-json\/wp\/v2\/product_cat?post=637500"},{"taxonomy":"product_tag","embeddable":true,"href":"https:\/\/shop.kustom.ch\/en\/wp-json\/wp\/v2\/product_tag?post=637500"}],"curies":[{"name":"wp","href":"https:\/\/api.w.org\/{rel}","templated":true}]}}