{"id":637389,"date":"2025-03-22T03:42:05","date_gmt":"2025-03-22T02:42:05","guid":{"rendered":"https:\/\/shop.kustom.ch\/?post_type=product&#038;p=637389"},"modified":"2026-04-20T12:08:02","modified_gmt":"2026-04-20T11:08:02","slug":"collective-singlet-w","status":"publish","type":"product","link":"https:\/\/shop.kustom.ch\/en\/product\/collective-singlet-w\/","title":{"rendered":"Collective Singlet W"},"content":{"rendered":"<p>The Collective Singlet is an exceptionally soft training singlet with a timeless design that can be easily integrated from training into everyday life and ensures that you are comfortable and stylish all day long.<\/p>\n<p>Designed for ultimate comfort, this versatile training vest is made from a stretchy polyester blend with a brushed finish for a luxuriously soft feel and excellent body temperature regulation. It also features a racerback and rounded hem for a feminine silhouette and epitomises exquisite craftsmanship in every detail.<\/p>\n<p>- Very soft stretch fabric made from recycled polyester and elastane<br \/>\n- Smoothed surface<br \/>\n- Racerback<br \/>\n- Rounded base<br \/>\n- Normal cut<\/p>\n<p>Material: 90% recycled polyester, 10% elastane<\/p>","protected":false},"excerpt":{"rendered":"<p>Das Collective Singlet ist ein aussergew\u00f6hnlich weiches Trainings-Singlet mit zeitlosem Design, das sich problemlos vom Training in den Alltag integrieren l\u00e4sst und daf\u00fcr sorgt, dass Sie den ganzen Tag \u00fcber bequem und stilvoll unterwegs sind. Dieses vielseitige Trainingsunterhemd ist f\u00fcr ultimativen Komfort konzipiert und aus einer dehnbaren Polyestermischung mit aufgerauter Oberfl\u00e4che gefertigt, die sich luxuri\u00f6s [&hellip;]<\/p>\n","protected":false},"featured_media":626568,"template":"","meta":[],"product_brand":[],"product_cat":[4202],"product_tag":[],"class_list":{"0":"post-637389","1":"product","2":"type-product","3":"status-publish","4":"has-post-thumbnail","6":"product_cat-tank-tops","7":"pa_brand-craft-retail-sportswear","8":"pa_brand-type-sportswear","9":"pa_filter-color-blau","10":"pa_filter-color-grau","11":"pa_filter-color-schwarz","13":"first","14":"instock","15":"sale","16":"taxable","17":"shipping-taxable","18":"purchasable","19":"product-type-variable","20":"add-to-wishlist-before_image"},"exclude_global_add_ons":[],"addons":[],"acf":[],"_links":{"self":[{"href":"https:\/\/shop.kustom.ch\/en\/wp-json\/wp\/v2\/product\/637389"}],"collection":[{"href":"https:\/\/shop.kustom.ch\/en\/wp-json\/wp\/v2\/product"}],"about":[{"href":"https:\/\/shop.kustom.ch\/en\/wp-json\/wp\/v2\/types\/product"}],"wp:featuredmedia":[{"embeddable":true,"href":"https:\/\/shop.kustom.ch\/en\/wp-json\/wp\/v2\/media\/626568"}],"wp:attachment":[{"href":"https:\/\/shop.kustom.ch\/en\/wp-json\/wp\/v2\/media?parent=637389"}],"wp:term":[{"taxonomy":"product_brand","embeddable":true,"href":"https:\/\/shop.kustom.ch\/en\/wp-json\/wp\/v2\/product_brand?post=637389"},{"taxonomy":"product_cat","embeddable":true,"href":"https:\/\/shop.kustom.ch\/en\/wp-json\/wp\/v2\/product_cat?post=637389"},{"taxonomy":"product_tag","embeddable":true,"href":"https:\/\/shop.kustom.ch\/en\/wp-json\/wp\/v2\/product_tag?post=637389"}],"curies":[{"name":"wp","href":"https:\/\/api.w.org\/{rel}","templated":true}]}}