{"id":637330,"date":"2025-03-22T03:41:33","date_gmt":"2025-03-22T02:41:33","guid":{"rendered":"https:\/\/shop.kustom.ch\/?post_type=product&#038;p=637330"},"modified":"2026-04-24T07:59:51","modified_gmt":"2026-04-24T06:59:51","slug":"collective-relaxed-sl-tee-w","status":"publish","type":"product","link":"https:\/\/shop.kustom.ch\/en\/product\/collective-relaxed-sl-tee-w\/","title":{"rendered":"Collective Relaxed SL Tee W"},"content":{"rendered":"<p>The Collective Relaxed SL Tee is a sleeveless T-shirt with a timeless design that works seamlessly for both training and leisure. <\/p>\n<p>This extremely comfortable sleeveless T-shirt is made from a soft cotton blend and has a relaxed fit for a versatile look. This athleisure garment is the perfect choice for those who demand both functionality and style in their everyday life. An expression of high craftsmanship down to the smallest detail.<\/p>\n<p>- Soft stretch fabric made from organic cotton and elastane<br \/>\n- Relaxed fit<\/p>\n<p>Material: 93% organic cotton, 7% elastane<\/p>","protected":false},"excerpt":{"rendered":"<p>Das Collective Relaxed SL Tee ist ein \u00e4rmelloses T-Shirt mit zeitlosem Design, das sich nahtlos sowohl f\u00fcrs Training als auch f\u00fcr die Freizeit eignet. Dieses \u00e4usserst bequeme \u00e4rmellose T-Shirt besteht aus einem weichen Baumwollmischgewebe und hat eine entspannte Passform f\u00fcr einen vielseitigen Look. Dieses Kleidungsst\u00fcck aus dem Bereich Athleisure ist die perfekte Wahl f\u00fcr alle, [&hellip;]<\/p>\n","protected":false},"featured_media":626502,"template":"","meta":[],"product_brand":[],"product_cat":[4202],"product_tag":[],"class_list":{"0":"post-637330","1":"product","2":"type-product","3":"status-publish","4":"has-post-thumbnail","6":"product_cat-tank-tops","7":"pa_brand-craft-retail-sportswear","8":"pa_brand-type-sportswear","9":"pa_filter-color-grau","11":"first","12":"instock","13":"sale","14":"taxable","15":"shipping-taxable","16":"purchasable","17":"product-type-variable","18":"add-to-wishlist-before_image"},"exclude_global_add_ons":[],"addons":[],"acf":[],"_links":{"self":[{"href":"https:\/\/shop.kustom.ch\/en\/wp-json\/wp\/v2\/product\/637330"}],"collection":[{"href":"https:\/\/shop.kustom.ch\/en\/wp-json\/wp\/v2\/product"}],"about":[{"href":"https:\/\/shop.kustom.ch\/en\/wp-json\/wp\/v2\/types\/product"}],"wp:featuredmedia":[{"embeddable":true,"href":"https:\/\/shop.kustom.ch\/en\/wp-json\/wp\/v2\/media\/626502"}],"wp:attachment":[{"href":"https:\/\/shop.kustom.ch\/en\/wp-json\/wp\/v2\/media?parent=637330"}],"wp:term":[{"taxonomy":"product_brand","embeddable":true,"href":"https:\/\/shop.kustom.ch\/en\/wp-json\/wp\/v2\/product_brand?post=637330"},{"taxonomy":"product_cat","embeddable":true,"href":"https:\/\/shop.kustom.ch\/en\/wp-json\/wp\/v2\/product_cat?post=637330"},{"taxonomy":"product_tag","embeddable":true,"href":"https:\/\/shop.kustom.ch\/en\/wp-json\/wp\/v2\/product_tag?post=637330"}],"curies":[{"name":"wp","href":"https:\/\/api.w.org\/{rel}","templated":true}]}}