{"id":637329,"date":"2025-03-22T03:41:33","date_gmt":"2025-03-22T02:41:33","guid":{"rendered":"https:\/\/shop.kustom.ch\/?post_type=product&#038;p=637329"},"modified":"2026-04-16T09:49:58","modified_gmt":"2026-04-16T08:49:58","slug":"collective-padded-sports-bra-w","status":"publish","type":"product","link":"https:\/\/shop.kustom.ch\/en\/product\/collective-padded-sports-bra-w\/","title":{"rendered":"Collective Padded Sports bra W"},"content":{"rendered":"<p>The padded sports bra from Collective is an exceptionally soft and stretchy sports bra that can be effortlessly integrated from training into everyday life and provides all-day comfort.<\/p>\n<p>This versatile sports bra is designed for ultimate comfort and made from a stretchy polyester blend with a brushed surface. It has a luxuriously soft feel, excellent body temperature regulation and a great fit. The sports bra also features sewn-in padded cups, a functional lining on the front and bonded seams for a soft feel against the skin. An expression of high craftsmanship down to the smallest detail. <\/p>\n<p>- Very soft and highly elasticated fabric made from recycled polyester and elastane<br \/>\n- Smoothed surface<br \/>\n- Functional inner lining at the front<br \/>\n- Sewn-in padded cups<br \/>\n- Glued seams<br \/>\n- Low support<\/p>\n<p>Material: Body: 77% recycled polyester, 23% elastane. Lining: 88% recycled polyester, 12% elastane<\/p>","protected":false},"excerpt":{"rendered":"<p>Der gepolsterte Sport-BH von Collective ist ein aussergew\u00f6hnlich weicher und dehnbarer Sport-BH, der sich m\u00fchelos vom Training in den Alltag integrieren l\u00e4sst und den ganzen Tag \u00fcber f\u00fcr Komfort sorgt. Dieser vielseitige Sport-BH ist f\u00fcr ultimativen Komfort konzipiert und aus einer dehnbaren Polyestermischung mit aufgerauter Oberfl\u00e4che gefertigt. Er f\u00fchlt sich luxuri\u00f6s weich an, reguliert die [&hellip;]<\/p>\n","protected":false},"featured_media":626471,"template":"","meta":[],"product_brand":[],"product_cat":[4206],"product_tag":[],"class_list":{"0":"post-637329","1":"product","2":"type-product","3":"status-publish","4":"has-post-thumbnail","6":"product_cat-underwear","7":"pa_brand-craft-retail-sportswear","8":"pa_brand-type-sportswear","9":"pa_filter-color-braun","10":"pa_filter-color-gruen","11":"pa_filter-color-schwarz","12":"pa_filter-color-violet","14":"first","15":"instock","16":"sale","17":"taxable","18":"shipping-taxable","19":"purchasable","20":"product-type-variable","21":"add-to-wishlist-before_image"},"exclude_global_add_ons":[],"addons":[],"acf":[],"_links":{"self":[{"href":"https:\/\/shop.kustom.ch\/en\/wp-json\/wp\/v2\/product\/637329"}],"collection":[{"href":"https:\/\/shop.kustom.ch\/en\/wp-json\/wp\/v2\/product"}],"about":[{"href":"https:\/\/shop.kustom.ch\/en\/wp-json\/wp\/v2\/types\/product"}],"wp:featuredmedia":[{"embeddable":true,"href":"https:\/\/shop.kustom.ch\/en\/wp-json\/wp\/v2\/media\/626471"}],"wp:attachment":[{"href":"https:\/\/shop.kustom.ch\/en\/wp-json\/wp\/v2\/media?parent=637329"}],"wp:term":[{"taxonomy":"product_brand","embeddable":true,"href":"https:\/\/shop.kustom.ch\/en\/wp-json\/wp\/v2\/product_brand?post=637329"},{"taxonomy":"product_cat","embeddable":true,"href":"https:\/\/shop.kustom.ch\/en\/wp-json\/wp\/v2\/product_cat?post=637329"},{"taxonomy":"product_tag","embeddable":true,"href":"https:\/\/shop.kustom.ch\/en\/wp-json\/wp\/v2\/product_tag?post=637329"}],"curies":[{"name":"wp","href":"https:\/\/api.w.org\/{rel}","templated":true}]}}