{"id":637328,"date":"2025-03-22T03:41:33","date_gmt":"2025-03-22T02:41:33","guid":{"rendered":"https:\/\/shop.kustom.ch\/?post_type=product&#038;p=637328"},"modified":"2026-04-24T07:59:54","modified_gmt":"2026-04-24T06:59:54","slug":"collective-cropped-singlet-w","status":"publish","type":"product","link":"https:\/\/shop.kustom.ch\/en\/product\/collective-cropped-singlet-w\/","title":{"rendered":"Collective Cropped Singlet W"},"content":{"rendered":"<p>The Collective Cropped Singlet is an exceptionally soft and stretchy training singlet with a timeless design that effortlessly transfers from training to everyday life - keeping you comfortable and stylish all day long.<\/p>\n<p>Designed for ultimate comfort, this versatile training garment is made from a stretchy polyester blend with a brushed finish. Luxuriously soft to the touch, it offers excellent body temperature regulation and great recovery. The vest also has a cropped fit and crossed straps at the back. An expression of high craftsmanship down to the smallest detail. <\/p>\n<p>- Very soft and highly elasticated fabric made from recycled polyester and elastane<br \/>\n- Smoothed surface<br \/>\n- Crossed straps on the back<br \/>\n- Shortened, tight fit<\/p>\n<p>Material: 77% recycled polyester, 23% elastane<\/p>","protected":false},"excerpt":{"rendered":"<p>Das Collective Cropped Singlet ist ein aussergew\u00f6hnlich weiches und dehnbares Trainings-Singlet mit zeitlosem Design, das sich m\u00fchelos vom Training in den Alltag \u00fcbertragen l\u00e4sst \u2013 und daf\u00fcr sorgt, dass Sie den ganzen Tag \u00fcber bequem und stilvoll bleiben. Dieses vielseitige Trainingskleidungsst\u00fcck ist f\u00fcr ultimativen Komfort konzipiert und aus einer dehnbaren Polyestermischung mit aufgerauter Oberfl\u00e4che gefertigt. [&hellip;]<\/p>\n","protected":false},"featured_media":626450,"template":"","meta":[],"product_brand":[],"product_cat":[4202],"product_tag":[],"class_list":{"0":"post-637328","1":"product","2":"type-product","3":"status-publish","4":"has-post-thumbnail","6":"product_cat-tank-tops","7":"pa_brand-craft-retail-sportswear","8":"pa_brand-type-sportswear","9":"pa_filter-color-gruen","10":"pa_filter-color-schwarz","11":"pa_filter-color-violet","13":"first","14":"instock","15":"sale","16":"taxable","17":"shipping-taxable","18":"purchasable","19":"product-type-variable","20":"add-to-wishlist-before_image"},"exclude_global_add_ons":[],"addons":[],"acf":[],"_links":{"self":[{"href":"https:\/\/shop.kustom.ch\/en\/wp-json\/wp\/v2\/product\/637328"}],"collection":[{"href":"https:\/\/shop.kustom.ch\/en\/wp-json\/wp\/v2\/product"}],"about":[{"href":"https:\/\/shop.kustom.ch\/en\/wp-json\/wp\/v2\/types\/product"}],"wp:featuredmedia":[{"embeddable":true,"href":"https:\/\/shop.kustom.ch\/en\/wp-json\/wp\/v2\/media\/626450"}],"wp:attachment":[{"href":"https:\/\/shop.kustom.ch\/en\/wp-json\/wp\/v2\/media?parent=637328"}],"wp:term":[{"taxonomy":"product_brand","embeddable":true,"href":"https:\/\/shop.kustom.ch\/en\/wp-json\/wp\/v2\/product_brand?post=637328"},{"taxonomy":"product_cat","embeddable":true,"href":"https:\/\/shop.kustom.ch\/en\/wp-json\/wp\/v2\/product_cat?post=637328"},{"taxonomy":"product_tag","embeddable":true,"href":"https:\/\/shop.kustom.ch\/en\/wp-json\/wp\/v2\/product_tag?post=637328"}],"curies":[{"name":"wp","href":"https:\/\/api.w.org\/{rel}","templated":true}]}}