{"id":637301,"date":"2025-03-22T03:41:17","date_gmt":"2025-03-22T02:41:17","guid":{"rendered":"https:\/\/shop.kustom.ch\/?post_type=product&#038;p=637301"},"modified":"2026-03-27T15:20:38","modified_gmt":"2026-03-27T14:20:38","slug":"collective-bi-blend-ls-tee-m","status":"publish","type":"product","link":"https:\/\/shop.kustom.ch\/en\/product\/collective-bi-blend-ls-tee-m\/","title":{"rendered":"Collective Bi-blend LS Tee M"},"content":{"rendered":"<p>The Collective Bi-blend LS Tee is a very soft long-sleeved training T-shirt with a timeless design that is ideal for most types of training and everyday use. The long sleeve tee is made from a soft lyocell and polyester blend that offers exceptional comfort and efficient moisture wicking.<\/p>\n<p>- Very soft fabric made from lyocell and recycled polyester<br \/>\n- Normal cut<\/p>\n<p>Material: 55% recycled polyester, 45% Lyocell<\/p>","protected":false},"excerpt":{"rendered":"<p>Das Collective Bi-blend LS Tee ist ein sehr weiches Langarm-Trainings-T-Shirt mit zeitlosem Design, das sich hervorragend f\u00fcr die meisten Trainingsarten sowie den t\u00e4glichen Gebrauch eignet. Das Langarm-T-Shirt besteht aus einer weichen Lyocell- und Polyestermischung, die aussergew\u00f6hnlichen Komfort und effizienten Feuchtigkeitstransport bietet. \u2022 Sehr weicher Stoff aus Lyocell und recyceltem Polyester \u2022 Normaler Schnitt Material: 55% [&hellip;]<\/p>\n","protected":false},"featured_media":626443,"template":"","meta":[],"product_brand":[],"product_cat":[4201],"product_tag":[],"class_list":{"0":"post-637301","1":"product","2":"type-product","3":"status-publish","4":"has-post-thumbnail","6":"product_cat-t-shirts","7":"pa_brand-craft-retail-sportswear","8":"pa_brand-type-sportswear","9":"pa_filter-color-gruen","11":"first","12":"instock","13":"sale","14":"taxable","15":"shipping-taxable","16":"purchasable","17":"product-type-variable","18":"add-to-wishlist-before_image"},"exclude_global_add_ons":[],"addons":[],"acf":[],"_links":{"self":[{"href":"https:\/\/shop.kustom.ch\/en\/wp-json\/wp\/v2\/product\/637301"}],"collection":[{"href":"https:\/\/shop.kustom.ch\/en\/wp-json\/wp\/v2\/product"}],"about":[{"href":"https:\/\/shop.kustom.ch\/en\/wp-json\/wp\/v2\/types\/product"}],"wp:featuredmedia":[{"embeddable":true,"href":"https:\/\/shop.kustom.ch\/en\/wp-json\/wp\/v2\/media\/626443"}],"wp:attachment":[{"href":"https:\/\/shop.kustom.ch\/en\/wp-json\/wp\/v2\/media?parent=637301"}],"wp:term":[{"taxonomy":"product_brand","embeddable":true,"href":"https:\/\/shop.kustom.ch\/en\/wp-json\/wp\/v2\/product_brand?post=637301"},{"taxonomy":"product_cat","embeddable":true,"href":"https:\/\/shop.kustom.ch\/en\/wp-json\/wp\/v2\/product_cat?post=637301"},{"taxonomy":"product_tag","embeddable":true,"href":"https:\/\/shop.kustom.ch\/en\/wp-json\/wp\/v2\/product_tag?post=637301"}],"curies":[{"name":"wp","href":"https:\/\/api.w.org\/{rel}","templated":true}]}}