{"id":637300,"date":"2025-03-22T03:41:17","date_gmt":"2025-03-22T02:41:17","guid":{"rendered":"https:\/\/shop.kustom.ch\/?post_type=product&#038;p=637300"},"modified":"2026-04-16T10:06:34","modified_gmt":"2026-04-16T09:06:34","slug":"collective-7-8-tights-w","status":"publish","type":"product","link":"https:\/\/shop.kustom.ch\/en\/product\/collective-7-8-tights-w\/","title":{"rendered":"Collective 7\/8 Tights W"},"content":{"rendered":"<p>Collective 7\/8 Tights are exceptionally soft and stretchy training tights with a timeless design that easily transition from workout to everyday wear - keeping you comfortable and stylish all day long.<\/p>\n<p>Designed for ultimate comfort, this versatile training garment is made from a stretchy polyester blend with a brushed finish. Luxuriously soft to the touch, they offer excellent body temperature regulation and great recovery. The tights also have a 7\/8 leg length and a high waistband for added comfort. An expression of high craftsmanship down to the smallest detail. <\/p>\n<p>- Very soft and highly elasticated fabric made from recycled polyester and elastane<br \/>\n- Smoothed surface<br \/>\n- High waist<br \/>\n- 7\/8 leg length<\/p>\n<p>Material: 77% recycled polyester, 23% elastane<\/p>","protected":false},"excerpt":{"rendered":"<p>Collective 7\/8 Tights sind aussergew\u00f6hnlich weiche und dehnbare Trainingstights mit zeitlosem Design, die sich problemlos vom Training in den Alltag integrieren lassen \u2013 und daf\u00fcr sorgen, dass Sie den ganzen Tag \u00fcber bequem und stilvoll aussehen. Dieses vielseitige Trainingskleidungsst\u00fcck ist f\u00fcr ultimativen Komfort konzipiert und aus einer dehnbaren Polyestermischung mit aufgerauter Oberfl\u00e4che gefertigt. Es f\u00fchlt [&hellip;]<\/p>\n","protected":false},"featured_media":626415,"template":"","meta":[],"product_brand":[],"product_cat":[4190],"product_tag":[],"class_list":{"0":"post-637300","1":"product","2":"type-product","3":"status-publish","4":"has-post-thumbnail","6":"product_cat-leggings","7":"pa_brand-craft-retail-sportswear","8":"pa_brand-type-sportswear","9":"pa_filter-color-braun","10":"pa_filter-color-gruen","11":"pa_filter-color-schwarz","12":"pa_filter-color-violet","14":"first","15":"instock","16":"sale","17":"taxable","18":"shipping-taxable","19":"purchasable","20":"product-type-variable","21":"add-to-wishlist-before_image"},"exclude_global_add_ons":[],"addons":[],"acf":[],"_links":{"self":[{"href":"https:\/\/shop.kustom.ch\/en\/wp-json\/wp\/v2\/product\/637300"}],"collection":[{"href":"https:\/\/shop.kustom.ch\/en\/wp-json\/wp\/v2\/product"}],"about":[{"href":"https:\/\/shop.kustom.ch\/en\/wp-json\/wp\/v2\/types\/product"}],"wp:featuredmedia":[{"embeddable":true,"href":"https:\/\/shop.kustom.ch\/en\/wp-json\/wp\/v2\/media\/626415"}],"wp:attachment":[{"href":"https:\/\/shop.kustom.ch\/en\/wp-json\/wp\/v2\/media?parent=637300"}],"wp:term":[{"taxonomy":"product_brand","embeddable":true,"href":"https:\/\/shop.kustom.ch\/en\/wp-json\/wp\/v2\/product_brand?post=637300"},{"taxonomy":"product_cat","embeddable":true,"href":"https:\/\/shop.kustom.ch\/en\/wp-json\/wp\/v2\/product_cat?post=637300"},{"taxonomy":"product_tag","embeddable":true,"href":"https:\/\/shop.kustom.ch\/en\/wp-json\/wp\/v2\/product_tag?post=637300"}],"curies":[{"name":"wp","href":"https:\/\/api.w.org\/{rel}","templated":true}]}}