{"id":637271,"date":"2025-03-22T03:40:40","date_gmt":"2025-03-22T02:40:40","guid":{"rendered":"https:\/\/shop.kustom.ch\/?post_type=product&#038;p=637271"},"modified":"2026-03-27T13:18:21","modified_gmt":"2026-03-27T12:18:21","slug":"adv-wool-warm-sock","status":"publish","type":"product","link":"https:\/\/shop.kustom.ch\/en\/product\/adv-wool-warm-sock\/","title":{"rendered":"ADV Wool Warm Sock"},"content":{"rendered":"<p>Warm running socks, knitted from merino wool, with warming terrycloth on the underside of the foot and piqu\u00e9 ventilation pattern on the top for optimum support, fit and comfort.<br \/>\n- Ergonomic fit for left and right foot<br \/>\n-Warm towelling on the underside of the foot<br \/>\n-Knitted piqu\u00e9 ventilation pattern on the upper side<br \/>\n-Seamless toe area<\/p>\n<p>Material: 60% recycled polyamide, 37% merino wool, 2% elastane, 1% reflective yarn<\/p>","protected":false},"excerpt":{"rendered":"<p>Warme Laufsocken, aus Merinowolle gestrickt, mit w\u00e4rmendem Frottee auf der Fussunterseite und Piqu\u00e9-Ventilationsmuster auf der Oberseite f\u00fcr optimalen Halt, Sitz und Komfort. \u2022 Ergonomische Passform f\u00fcr linken und rechten Fuss \u2022Warmes Frottee auf der Fussunterseite \u2022Gestricktes Piqu\u00e9-Ventilationsmuster auf der Oberseite \u2022Nahtloser Zehenbereich Material: 60% Recycling-Polyamid, 37% Merinowolle, 2% Elasthan, 1% reflektierendes Garn<\/p>","protected":false},"featured_media":626405,"template":"","meta":[],"product_brand":[],"product_cat":[4199],"product_tag":[],"class_list":{"0":"post-637271","1":"product","2":"type-product","3":"status-publish","4":"has-post-thumbnail","6":"product_cat-socken","7":"pa_brand-craft-retail-sportswear","8":"pa_brand-type-sportswear","9":"pa_filter-color-schwarz","11":"first","12":"instock","13":"sale","14":"taxable","15":"shipping-taxable","16":"purchasable","17":"product-type-variable","18":"add-to-wishlist-before_image"},"exclude_global_add_ons":[],"addons":[],"acf":[],"_links":{"self":[{"href":"https:\/\/shop.kustom.ch\/en\/wp-json\/wp\/v2\/product\/637271"}],"collection":[{"href":"https:\/\/shop.kustom.ch\/en\/wp-json\/wp\/v2\/product"}],"about":[{"href":"https:\/\/shop.kustom.ch\/en\/wp-json\/wp\/v2\/types\/product"}],"wp:featuredmedia":[{"embeddable":true,"href":"https:\/\/shop.kustom.ch\/en\/wp-json\/wp\/v2\/media\/626405"}],"wp:attachment":[{"href":"https:\/\/shop.kustom.ch\/en\/wp-json\/wp\/v2\/media?parent=637271"}],"wp:term":[{"taxonomy":"product_brand","embeddable":true,"href":"https:\/\/shop.kustom.ch\/en\/wp-json\/wp\/v2\/product_brand?post=637271"},{"taxonomy":"product_cat","embeddable":true,"href":"https:\/\/shop.kustom.ch\/en\/wp-json\/wp\/v2\/product_cat?post=637271"},{"taxonomy":"product_tag","embeddable":true,"href":"https:\/\/shop.kustom.ch\/en\/wp-json\/wp\/v2\/product_tag?post=637271"}],"curies":[{"name":"wp","href":"https:\/\/api.w.org\/{rel}","templated":true}]}}