{"id":637252,"date":"2025-03-22T03:40:15","date_gmt":"2025-03-22T02:40:15","guid":{"rendered":"https:\/\/shop.kustom.ch\/?post_type=product&#038;p=637252"},"modified":"2026-03-27T14:41:26","modified_gmt":"2026-03-27T13:41:26","slug":"adv-trail-wool-wind-ls-tee-w","status":"publish","type":"product","link":"https:\/\/shop.kustom.ch\/en\/product\/adv-trail-wool-wind-ls-tee-w\/","title":{"rendered":"ADV Trail Wool Wind LS Tee W"},"content":{"rendered":"<p>This advanced garment is made from a soft and functional polyester and merino wool jersey and features a windproof ripstop fabric on the front. The merino wool keeps you warm, while the polyester ensures efficient moisture transport to keep you dry. The shirt also features raglan sleeves and side slits for greater freedom of movement as well as a bonded neckline for optimum comfort. The long-sleeved running shirt is also equipped with silicone print on the shoulders to ensure a secure fit when carrying a rucksack or hydration system on long runs.<\/p>\n<p>- Soft and warm jersey made from recycled polyester and merino wool<br \/>\n- Windproof and elasticated ripstop fabric on the front<br \/>\n- Raglan sleeves<br \/>\n- Silicone print on the shoulders<br \/>\n- Side slits<br \/>\n- Bonded neckline<br \/>\n- Regular fit<\/p>\n<p>Material: 80% recycled polyester, 20% merino wool. Front: 90% recycled polyester, 10% elastane<\/p>","protected":false},"excerpt":{"rendered":"<p>Dieses fortschrittliche Kleidungsst\u00fcck besteht aus einem weichen und funktionalen Jersey aus Polyester und Merinowolle und verf\u00fcgt \u00fcber ein winddichtes Ripstop-Gewebe an der Vorderseite. Die Merinowolle h\u00e4lt warm, w\u00e4hrend das Polyester f\u00fcr einen effizienten Feuchtigkeitstransport sorgt, um trocken zu bleiben. Zudem bietet das Shirt Raglan\u00e4rmel und seitliche Schlitze f\u00fcr mehr Bewegungsfreiheit sowie einen verklebten Halsausschnitt f\u00fcr [&hellip;]<\/p>\n","protected":false},"featured_media":626296,"template":"","meta":[],"product_brand":[],"product_cat":[4201],"product_tag":[],"class_list":{"0":"post-637252","1":"product","2":"type-product","3":"status-publish","4":"has-post-thumbnail","6":"product_cat-t-shirts","7":"pa_brand-craft-retail-sportswear","8":"pa_brand-type-sportswear","9":"pa_filter-color-rot","11":"first","12":"instock","13":"sale","14":"taxable","15":"shipping-taxable","16":"purchasable","17":"product-type-variable","18":"add-to-wishlist-before_image"},"exclude_global_add_ons":[],"addons":[],"acf":[],"_links":{"self":[{"href":"https:\/\/shop.kustom.ch\/en\/wp-json\/wp\/v2\/product\/637252"}],"collection":[{"href":"https:\/\/shop.kustom.ch\/en\/wp-json\/wp\/v2\/product"}],"about":[{"href":"https:\/\/shop.kustom.ch\/en\/wp-json\/wp\/v2\/types\/product"}],"wp:featuredmedia":[{"embeddable":true,"href":"https:\/\/shop.kustom.ch\/en\/wp-json\/wp\/v2\/media\/626296"}],"wp:attachment":[{"href":"https:\/\/shop.kustom.ch\/en\/wp-json\/wp\/v2\/media?parent=637252"}],"wp:term":[{"taxonomy":"product_brand","embeddable":true,"href":"https:\/\/shop.kustom.ch\/en\/wp-json\/wp\/v2\/product_brand?post=637252"},{"taxonomy":"product_cat","embeddable":true,"href":"https:\/\/shop.kustom.ch\/en\/wp-json\/wp\/v2\/product_cat?post=637252"},{"taxonomy":"product_tag","embeddable":true,"href":"https:\/\/shop.kustom.ch\/en\/wp-json\/wp\/v2\/product_tag?post=637252"}],"curies":[{"name":"wp","href":"https:\/\/api.w.org\/{rel}","templated":true}]}}