{"id":637215,"date":"2025-03-22T03:39:50","date_gmt":"2025-03-22T02:39:50","guid":{"rendered":"https:\/\/shop.kustom.ch\/?post_type=product&#038;p=637215"},"modified":"2026-03-27T14:38:30","modified_gmt":"2026-03-27T13:38:30","slug":"adv-tone-singlet-w","status":"publish","type":"product","link":"https:\/\/shop.kustom.ch\/en\/product\/adv-tone-singlet-w\/","title":{"rendered":"ADV Tone Singlet W"},"content":{"rendered":"<p>The ADV Tone Singlet is a close-fitting training singlet that keeps you cool and dry during intense workouts in warm conditions.<\/p>\n<p>This advanced training singlet is made from recycled, highly functional polyamide and features a double layer of fabric on the chest for improved support and less transparency. A minimalist design and clean hems ensure a stylish look.<\/p>\n<p>- Recycled polyamide<br \/>\n- Double layer of fabric on the chest<br \/>\n- Racerback<br \/>\n- Light hold<br \/>\n- Tight fit<\/p>\n<p>Material: 91% recycled polyamide, 9% elastane<\/p>","protected":false},"excerpt":{"rendered":"<p>Das ADV Tone Singlet ist ein eng anliegendes Trainingssinglet, das Sie w\u00e4hrend intensiver Workouts bei warmen Bedingungen k\u00fchl und trocken h\u00e4lt. Dieses fortschrittliche Trainingssinglet besteht aus recyceltem, hochfunktionellem Polyamid und verf\u00fcgt \u00fcber eine doppelte Stoffschicht auf der Brust f\u00fcr verbesserten Halt und weniger Transparenz. Ein minimalistisches Design und saubere S\u00e4ume sorgen f\u00fcr einen stilvollen Look. [&hellip;]<\/p>\n","protected":false},"featured_media":478999,"template":"","meta":[],"product_brand":[],"product_cat":[4202],"product_tag":[],"class_list":{"0":"post-637215","1":"product","2":"type-product","3":"status-publish","4":"has-post-thumbnail","6":"product_cat-tank-tops","7":"pa_brand-craft-retail-sportswear","8":"pa_brand-type-sportswear","9":"pa_filter-color-rot","11":"first","12":"instock","13":"sale","14":"taxable","15":"shipping-taxable","16":"purchasable","17":"product-type-variable","18":"add-to-wishlist-before_image"},"exclude_global_add_ons":[],"addons":[],"acf":[],"_links":{"self":[{"href":"https:\/\/shop.kustom.ch\/en\/wp-json\/wp\/v2\/product\/637215"}],"collection":[{"href":"https:\/\/shop.kustom.ch\/en\/wp-json\/wp\/v2\/product"}],"about":[{"href":"https:\/\/shop.kustom.ch\/en\/wp-json\/wp\/v2\/types\/product"}],"wp:featuredmedia":[{"embeddable":true,"href":"https:\/\/shop.kustom.ch\/en\/wp-json\/wp\/v2\/media\/478999"}],"wp:attachment":[{"href":"https:\/\/shop.kustom.ch\/en\/wp-json\/wp\/v2\/media?parent=637215"}],"wp:term":[{"taxonomy":"product_brand","embeddable":true,"href":"https:\/\/shop.kustom.ch\/en\/wp-json\/wp\/v2\/product_brand?post=637215"},{"taxonomy":"product_cat","embeddable":true,"href":"https:\/\/shop.kustom.ch\/en\/wp-json\/wp\/v2\/product_cat?post=637215"},{"taxonomy":"product_tag","embeddable":true,"href":"https:\/\/shop.kustom.ch\/en\/wp-json\/wp\/v2\/product_tag?post=637215"}],"curies":[{"name":"wp","href":"https:\/\/api.w.org\/{rel}","templated":true}]}}