{"id":637213,"date":"2025-03-22T03:39:50","date_gmt":"2025-03-22T02:39:50","guid":{"rendered":"https:\/\/shop.kustom.ch\/?post_type=product&#038;p=637213"},"modified":"2026-03-27T14:20:29","modified_gmt":"2026-03-27T13:20:29","slug":"adv-tone-seamless-tights-w","status":"publish","type":"product","link":"https:\/\/shop.kustom.ch\/en\/product\/adv-tone-seamless-tights-w\/","title":{"rendered":"ADV Tone Seamless Tights W"},"content":{"rendered":"<p>Soft, high-cut training tights for advanced athletes with a seamless finish for optimum comfort during intensive training. High, pleated ribbed waistband for an excellent fit and additional comfort. Details with knitted jacquard pattern.<br \/>\n- Tight fit<br \/>\n- Seamless finish for an optimal fit and comfort<br \/>\n- High, pleated ribbed waistband for an optimum fit and comfort<br \/>\n- Comfortable, recycled polyamide, polyester and elastane jersey<br \/>\n- Details with knitted jacquard pattern<\/p>\n<p>Material: 35% recycled polyamide 51% polyamide 14% elastane<\/p>","protected":false},"excerpt":{"rendered":"<p>Weiche, hochgeschnittene Trainingstights f\u00fcr Fortgeschrittene mit nahtloser Verarbeitung f\u00fcr optimalen Komfort bei intensivem Training. Hoher, gefalteter Rippbund f\u00fcr einen hervorragenden Sitz und zus\u00e4tzlichen Komfort. Details mit gestrickter Jacquardmusterung. \u2022 Enge Passform \u2022 Nahtlose Verarbeitung f\u00fcr einen optimalen Sitz und Komfort \u2022 Hoher, gefalteter Rippbund f\u00fcr einen optimalen Sitz und Komfort \u2022 Angenehmer, recycelter Polyamid-, Polyester- [&hellip;]<\/p>\n","protected":false},"featured_media":626241,"template":"","meta":[],"product_brand":[],"product_cat":[4190],"product_tag":[],"class_list":{"0":"post-637213","1":"product","2":"type-product","3":"status-publish","4":"has-post-thumbnail","6":"product_cat-leggings","7":"pa_brand-craft-retail-sportswear","8":"pa_brand-type-sportswear","9":"pa_filter-color-gruen","10":"pa_filter-color-schwarz","12":"first","13":"instock","14":"sale","15":"taxable","16":"shipping-taxable","17":"purchasable","18":"product-type-variable","19":"add-to-wishlist-before_image"},"exclude_global_add_ons":[],"addons":[],"acf":[],"_links":{"self":[{"href":"https:\/\/shop.kustom.ch\/en\/wp-json\/wp\/v2\/product\/637213"}],"collection":[{"href":"https:\/\/shop.kustom.ch\/en\/wp-json\/wp\/v2\/product"}],"about":[{"href":"https:\/\/shop.kustom.ch\/en\/wp-json\/wp\/v2\/types\/product"}],"wp:featuredmedia":[{"embeddable":true,"href":"https:\/\/shop.kustom.ch\/en\/wp-json\/wp\/v2\/media\/626241"}],"wp:attachment":[{"href":"https:\/\/shop.kustom.ch\/en\/wp-json\/wp\/v2\/media?parent=637213"}],"wp:term":[{"taxonomy":"product_brand","embeddable":true,"href":"https:\/\/shop.kustom.ch\/en\/wp-json\/wp\/v2\/product_brand?post=637213"},{"taxonomy":"product_cat","embeddable":true,"href":"https:\/\/shop.kustom.ch\/en\/wp-json\/wp\/v2\/product_cat?post=637213"},{"taxonomy":"product_tag","embeddable":true,"href":"https:\/\/shop.kustom.ch\/en\/wp-json\/wp\/v2\/product_tag?post=637213"}],"curies":[{"name":"wp","href":"https:\/\/api.w.org\/{rel}","templated":true}]}}