{"id":637178,"date":"2025-03-22T03:39:28","date_gmt":"2025-03-22T02:39:28","guid":{"rendered":"https:\/\/shop.kustom.ch\/?post_type=product&#038;p=637178"},"modified":"2026-03-27T15:21:29","modified_gmt":"2026-03-27T14:21:29","slug":"adv-tone-board-shorts-m","status":"publish","type":"product","link":"https:\/\/shop.kustom.ch\/en\/product\/adv-tone-board-shorts-m\/","title":{"rendered":"ADV Tone Board shorts M"},"content":{"rendered":"<p>Board shorts designed for intense days at the beach. The shorts are made from recycled polyester and feature two side pockets and an elasticated waistband with drawstring for a perfect fit.<\/p>\n<p>- Functional fabric made from recycled polyester<br \/>\n- Two side pockets<br \/>\n- Elasticated waistband with drawstring<br \/>\n- Inseam length of approx. 20 cm in size M<br \/>\n- Regular Fit<\/p>\n<p>Material: 88% recycled polyamide, 12% elastane<\/p>","protected":false},"excerpt":{"rendered":"<p>Board Shorts f\u00fcr intensive Tage am Strand entwickelt wurden. Die Shorts bestehen aus recyceltem Polyester und verf\u00fcgen \u00fcber zwei Seitentaschen sowie einen elastischen Bund mit Kordelzug f\u00fcr eine perfekte Passform. \u2022 Funktionales Gewebe aus recyceltem Polyester \u2022 Zwei Seitentaschen \u2022 Elastischer Bund mit Kordelzug \u2022 Schrittl\u00e4nge von etwa 20 cm in Gr\u00f6sse M \u2022 Regular [&hellip;]<\/p>\n","protected":false},"featured_media":479321,"template":"","meta":[],"product_brand":[],"product_cat":[4198],"product_tag":[],"class_list":{"0":"post-637178","1":"product","2":"type-product","3":"status-publish","4":"has-post-thumbnail","6":"product_cat-shorts","7":"pa_brand-craft-retail-sportswear","8":"pa_brand-type-sportswear","9":"pa_filter-color-gruen","10":"pa_filter-color-schwarz","12":"first","13":"instock","14":"sale","15":"taxable","16":"shipping-taxable","17":"purchasable","18":"product-type-variable","19":"add-to-wishlist-before_image"},"exclude_global_add_ons":[],"addons":[],"acf":[],"_links":{"self":[{"href":"https:\/\/shop.kustom.ch\/en\/wp-json\/wp\/v2\/product\/637178"}],"collection":[{"href":"https:\/\/shop.kustom.ch\/en\/wp-json\/wp\/v2\/product"}],"about":[{"href":"https:\/\/shop.kustom.ch\/en\/wp-json\/wp\/v2\/types\/product"}],"wp:featuredmedia":[{"embeddable":true,"href":"https:\/\/shop.kustom.ch\/en\/wp-json\/wp\/v2\/media\/479321"}],"wp:attachment":[{"href":"https:\/\/shop.kustom.ch\/en\/wp-json\/wp\/v2\/media?parent=637178"}],"wp:term":[{"taxonomy":"product_brand","embeddable":true,"href":"https:\/\/shop.kustom.ch\/en\/wp-json\/wp\/v2\/product_brand?post=637178"},{"taxonomy":"product_cat","embeddable":true,"href":"https:\/\/shop.kustom.ch\/en\/wp-json\/wp\/v2\/product_cat?post=637178"},{"taxonomy":"product_tag","embeddable":true,"href":"https:\/\/shop.kustom.ch\/en\/wp-json\/wp\/v2\/product_tag?post=637178"}],"curies":[{"name":"wp","href":"https:\/\/api.w.org\/{rel}","templated":true}]}}