{"id":637176,"date":"2025-03-22T03:39:28","date_gmt":"2025-03-22T02:39:28","guid":{"rendered":"https:\/\/shop.kustom.ch\/?post_type=product&#038;p=637176"},"modified":"2026-03-27T15:23:25","modified_gmt":"2026-03-27T14:23:25","slug":"adv-subz-wool-ls-tee-3-m","status":"publish","type":"product","link":"https:\/\/shop.kustom.ch\/en\/product\/adv-subz-wool-ls-tee-3-m\/","title":{"rendered":"ADV SubZ Wool LS Tee 3 M"},"content":{"rendered":"<p>The ADV SubZ Wool LS Tee 3 is a long-sleeved running shirt designed for intensive workouts on cool autumn and winter days.<\/p>\n<p>This advanced zip turtleneck shirt is made from soft and functional polyester and merino wool jersey. The wool keeps you warm, while the polyester ensures efficient moisture transport to keep you dry. In addition, the garment has a mesh panel on the back for improved ventilation.<\/p>\n<p>- Warm and functional jersey fabric made from merino wool and recycled polyester<br \/>\n- Ventilating mesh panel on the back<br \/>\n- Turtleneck lined with polyester mesh for extra comfort<br \/>\n- Reflective details on the sleeves<br \/>\n- Thumbholes at the sleeve ends<\/p>\n<p>Material: Body: 80% recycled polyester, 20% merino wool. Back insert: 93% recycled polyester, 7% elastane<\/p>","protected":false},"excerpt":{"rendered":"<p>Das ADV SubZ Wool LS Tee 3 ist ein lang\u00e4rmliges Laufshirt, das f\u00fcr intensive Workouts an k\u00fchlen Herbst- und Wintertagen entwickelt wurde. Dieses fortgeschrittene Shirt mit Zip-Turtleneck besteht aus weichem und funktionellem Polyester- und Merinowoll-Jersey. Die Wolle h\u00e4lt Sie warm, w\u00e4hrend das Polyester einen effizienten Feuchtigkeitstransport gew\u00e4hrleistet, um Sie trocken zu halten. Zus\u00e4tzlich verf\u00fcgt das [&hellip;]<\/p>\n","protected":false},"featured_media":480217,"template":"","meta":[],"product_brand":[],"product_cat":[4201],"product_tag":[],"class_list":{"0":"post-637176","1":"product","2":"type-product","3":"status-publish","4":"has-post-thumbnail","6":"product_cat-t-shirts","7":"pa_brand-craft-retail-sportswear","8":"pa_brand-type-sportswear","9":"pa_filter-color-blau","11":"first","12":"instock","13":"sale","14":"taxable","15":"shipping-taxable","16":"purchasable","17":"product-type-variable","18":"add-to-wishlist-before_image"},"exclude_global_add_ons":[],"addons":[],"acf":[],"_links":{"self":[{"href":"https:\/\/shop.kustom.ch\/en\/wp-json\/wp\/v2\/product\/637176"}],"collection":[{"href":"https:\/\/shop.kustom.ch\/en\/wp-json\/wp\/v2\/product"}],"about":[{"href":"https:\/\/shop.kustom.ch\/en\/wp-json\/wp\/v2\/types\/product"}],"wp:featuredmedia":[{"embeddable":true,"href":"https:\/\/shop.kustom.ch\/en\/wp-json\/wp\/v2\/media\/480217"}],"wp:attachment":[{"href":"https:\/\/shop.kustom.ch\/en\/wp-json\/wp\/v2\/media?parent=637176"}],"wp:term":[{"taxonomy":"product_brand","embeddable":true,"href":"https:\/\/shop.kustom.ch\/en\/wp-json\/wp\/v2\/product_brand?post=637176"},{"taxonomy":"product_cat","embeddable":true,"href":"https:\/\/shop.kustom.ch\/en\/wp-json\/wp\/v2\/product_cat?post=637176"},{"taxonomy":"product_tag","embeddable":true,"href":"https:\/\/shop.kustom.ch\/en\/wp-json\/wp\/v2\/product_tag?post=637176"}],"curies":[{"name":"wp","href":"https:\/\/api.w.org\/{rel}","templated":true}]}}