{"id":637169,"date":"2025-03-22T03:39:22","date_gmt":"2025-03-22T02:39:22","guid":{"rendered":"https:\/\/shop.kustom.ch\/?post_type=product&#038;p=637169"},"modified":"2026-03-27T14:02:46","modified_gmt":"2026-03-27T13:02:46","slug":"adv-subz-lumen-jacket-4-w","status":"publish","type":"product","link":"https:\/\/shop.kustom.ch\/en\/product\/adv-subz-lumen-jacket-4-w\/","title":{"rendered":"ADV SubZ Lumen Jacket 4 W"},"content":{"rendered":"<p>The ADV SubZ Lumen Jacket 4 is an insulated running jacket with reflective print that keeps you warm and dry during intense workouts in cold winter conditions.<\/p>\n<p>This technically advanced running jacket is made from windproof Ventair\u00ae fabric and lightweight insulation in a bonded 3-layer construction on the front. The sleeves and back are made of brushed jersey made from recycled polyester for efficient moisture control, extra warmth and optimal comfort. Thumbholes at the sleeve ends and concealed zip pockets are also included.<\/p>\n<p>- Wind-protected Ventair\u00ae fabric and lightweight insulation in a bonded 3-layer construction on the front<br \/>\n- Brushed jersey made from recycled polyester on the sleeves and back<br \/>\n- 360-degree reflective details<br \/>\n- Thumbholes at the sleeve ends<br \/>\n- Sealed bottom hem<br \/>\n- Concealed zip pockets<br \/>\n- Regular fit<\/p>\n<p>Material: Front body: 100% recycled polyester. Front body: 100% thermoplastic polyurethane. Front body: 100% polyester. Back body: 88% recycled polyester, 12% elastane<\/p>","protected":false},"excerpt":{"rendered":"<p>Die ADV SubZ Lumen Jacket 4 ist eine isolierte Laufjacke mit reflektierendem Druck, die Sie w\u00e4hrend intensiver Workouts bei kalten Winterbedingungen warm und trocken h\u00e4lt. Diese technisch fortschrittliche Laufjacke besteht aus windgesch\u00fctztem Ventair\u00ae-Gewebe und leichter Isolierung in einer verklebten 3-lagigen Konstruktion auf der Vorderseite. Die \u00c4rmel und der R\u00fccken bestehen aus geb\u00fcrstetem Jersey, der aus [&hellip;]<\/p>\n","protected":false},"featured_media":480254,"template":"","meta":[],"product_brand":[],"product_cat":[4202],"product_tag":[],"class_list":{"0":"post-637169","1":"product","2":"type-product","3":"status-publish","4":"has-post-thumbnail","6":"product_cat-tank-tops","7":"pa_brand-craft-retail-sportswear","8":"pa_brand-type-sportswear","9":"pa_filter-color-schwarz","11":"first","12":"instock","13":"sale","14":"taxable","15":"shipping-taxable","16":"purchasable","17":"product-type-variable","18":"add-to-wishlist-before_image"},"exclude_global_add_ons":[],"addons":[],"acf":[],"_links":{"self":[{"href":"https:\/\/shop.kustom.ch\/en\/wp-json\/wp\/v2\/product\/637169"}],"collection":[{"href":"https:\/\/shop.kustom.ch\/en\/wp-json\/wp\/v2\/product"}],"about":[{"href":"https:\/\/shop.kustom.ch\/en\/wp-json\/wp\/v2\/types\/product"}],"wp:featuredmedia":[{"embeddable":true,"href":"https:\/\/shop.kustom.ch\/en\/wp-json\/wp\/v2\/media\/480254"}],"wp:attachment":[{"href":"https:\/\/shop.kustom.ch\/en\/wp-json\/wp\/v2\/media?parent=637169"}],"wp:term":[{"taxonomy":"product_brand","embeddable":true,"href":"https:\/\/shop.kustom.ch\/en\/wp-json\/wp\/v2\/product_brand?post=637169"},{"taxonomy":"product_cat","embeddable":true,"href":"https:\/\/shop.kustom.ch\/en\/wp-json\/wp\/v2\/product_cat?post=637169"},{"taxonomy":"product_tag","embeddable":true,"href":"https:\/\/shop.kustom.ch\/en\/wp-json\/wp\/v2\/product_tag?post=637169"}],"curies":[{"name":"wp","href":"https:\/\/api.w.org\/{rel}","templated":true}]}}