{"id":637149,"date":"2025-03-22T03:39:05","date_gmt":"2025-03-22T02:39:05","guid":{"rendered":"https:\/\/shop.kustom.ch\/?post_type=product&#038;p=637149"},"modified":"2026-03-27T14:12:22","modified_gmt":"2026-03-27T13:12:22","slug":"adv-nordic-training-speed-vest-m","status":"publish","type":"product","link":"https:\/\/shop.kustom.ch\/en\/product\/adv-nordic-training-speed-vest-m\/","title":{"rendered":"Adv Nordic Training Speed Vest M"},"content":{"rendered":"<p>The ADV Nordic Training Speed Vest 2 is designed for intensive cross-country skiing training in cold conditions.<\/p>\n<p>This technically advanced cross-country ski gilet is made from a windproof and waterproof fabric with super-light insulation at the front and a brushed jersey fabric at the back for efficient body temperature regulation. In addition, the front is lined with moisture-wicking grid fleece for extra insulation and functionality. An excellent choice for high-intensity workouts on cold winter days.<\/p>\n<p>- Windproof and waterproof 2-layer fabric with super-light insulation on the front and shoulders<br \/>\n- Warming and functional grid fleece lining on the front<br \/>\n- Lightly brushed jersey fabric on the back<br \/>\n- Fleece lining on the inner collar for warmth and comfort<br \/>\n- Laser-cut ventilation on the back yoke<br \/>\n- Reverse zip at the front<br \/>\n- Two front zip pockets<br \/>\n- Tight fit<\/p>\n<p>Material: Front body: 100% polyester. Front insert: 100% recycled polyester. Back body: 88% recycled polyester, 12% elastane. Inner lining: 100% recycled polyester<\/p>","protected":false},"excerpt":{"rendered":"<p>Der ADV Nordic Training Speed Vest 2 ist f\u00fcr intensives Skilanglauftraining bei kalten Bedingungen konzipiert. Dieses technisch fortschrittliche Skilanglaufweste besteht aus einem wind- und wasserdichten Stoff mit superleichter Isolierung an der Vorderseite und einem geb\u00fcrsteten Jersey-Stoff an der R\u00fcckseite f\u00fcr eine effiziente Regulierung der K\u00f6rpertemperatur. Zus\u00e4tzlich ist die Vorderseite mit feuchtigkeitstransportierendem Gitterfleece gef\u00fcttert, um zus\u00e4tzliche [&hellip;]<\/p>\n","protected":false},"featured_media":480371,"template":"","meta":[],"product_brand":[],"product_cat":[4202],"product_tag":[],"class_list":{"0":"post-637149","1":"product","2":"type-product","3":"status-publish","4":"has-post-thumbnail","6":"product_cat-tank-tops","7":"pa_brand-craft-retail-sportswear","8":"pa_brand-type-sportswear","9":"pa_filter-color-schwarz","11":"first","12":"instock","13":"sale","14":"taxable","15":"shipping-taxable","16":"purchasable","17":"product-type-variable","18":"add-to-wishlist-before_image"},"exclude_global_add_ons":[],"addons":[],"acf":[],"_links":{"self":[{"href":"https:\/\/shop.kustom.ch\/en\/wp-json\/wp\/v2\/product\/637149"}],"collection":[{"href":"https:\/\/shop.kustom.ch\/en\/wp-json\/wp\/v2\/product"}],"about":[{"href":"https:\/\/shop.kustom.ch\/en\/wp-json\/wp\/v2\/types\/product"}],"wp:featuredmedia":[{"embeddable":true,"href":"https:\/\/shop.kustom.ch\/en\/wp-json\/wp\/v2\/media\/480371"}],"wp:attachment":[{"href":"https:\/\/shop.kustom.ch\/en\/wp-json\/wp\/v2\/media?parent=637149"}],"wp:term":[{"taxonomy":"product_brand","embeddable":true,"href":"https:\/\/shop.kustom.ch\/en\/wp-json\/wp\/v2\/product_brand?post=637149"},{"taxonomy":"product_cat","embeddable":true,"href":"https:\/\/shop.kustom.ch\/en\/wp-json\/wp\/v2\/product_cat?post=637149"},{"taxonomy":"product_tag","embeddable":true,"href":"https:\/\/shop.kustom.ch\/en\/wp-json\/wp\/v2\/product_tag?post=637149"}],"curies":[{"name":"wp","href":"https:\/\/api.w.org\/{rel}","templated":true}]}}