{"id":637129,"date":"2025-03-22T03:38:50","date_gmt":"2025-03-22T02:38:50","guid":{"rendered":"https:\/\/shop.kustom.ch\/?post_type=product&#038;p=637129"},"modified":"2026-04-16T10:12:08","modified_gmt":"2026-04-16T09:12:08","slug":"adv-nordic-training-speed-jacket-2-m","status":"publish","type":"product","link":"https:\/\/shop.kustom.ch\/en\/product\/adv-nordic-training-speed-jacket-2-m\/","title":{"rendered":"Adv Nordic Training Speed Jacket 2 M"},"content":{"rendered":"<p>The ADV Nordic Training Speed Jacket 2 is designed for intensive cross-country skiing training in cold conditions.<\/p>\n<p>This technically advanced cross-country ski jacket features a windproof and waterproof fabric with super-light insulation in the upper front area and on the shoulders, as well as brushed jersey fabric on the back and under the sleeves for efficient body temperature regulation. In addition, the front is lined with moisture-wicking grid fleece for extra insulation and functionality. An excellent choice for high-intensity workouts on cold winter days.<\/p>\n<p>- Windproof and waterproof 2-layer fabric with super-light insulation in the upper front body area and on the shoulders<br \/>\n- Windproof and waterproof 3-layer fabric on the sleeves and in the lower front area<br \/>\n- Warming and functional grid fleece lining on the front<br \/>\n- Lightly brushed jersey fabric on the back and under the sleeves<br \/>\n- Fleece lining on the inner collar for warmth and comfort<br \/>\n- Laser-cut ventilation on the back yoke<br \/>\n- Reverse zip at the front<br \/>\n- Two front zip pockets<br \/>\n- Tight fit<\/p>\n<p>Material: Front body: 100% polyester. Sleeves: 100% recycled polyester. Back body: 88% recycled polyester, 12% elastane. Lining: 100% recycled polyester<\/p>","protected":false},"excerpt":{"rendered":"<p>Die ADV Nordic Training Speed Jacket 2 ist f\u00fcr intensives Skilanglauftraining bei kalten Bedingungen konzipiert. Diese technisch fortschrittliche Skilanglaufjacke verf\u00fcgt \u00fcber einen wind- und wasserdichten Stoff mit superleichter Isolierung im oberen vorderen Bereich und an den Schultern, sowie geb\u00fcrsteten Jersey-Stoff auf der R\u00fcckseite und unter den \u00c4rmeln f\u00fcr eine effiziente Regulierung der K\u00f6rpertemperatur. Zus\u00e4tzlich ist [&hellip;]<\/p>\n","protected":false},"featured_media":481464,"template":"","meta":[],"product_brand":[],"product_cat":[4186],"product_tag":[],"class_list":{"0":"post-637129","1":"product","2":"type-product","3":"status-publish","4":"has-post-thumbnail","6":"product_cat-jacken","7":"pa_brand-craft-retail-sportswear","8":"pa_brand-type-sportswear","9":"pa_filter-color-beige","10":"pa_filter-color-blau","12":"first","13":"instock","14":"sale","15":"taxable","16":"shipping-taxable","17":"purchasable","18":"product-type-variable","19":"add-to-wishlist-before_image"},"exclude_global_add_ons":[],"addons":[],"acf":[],"_links":{"self":[{"href":"https:\/\/shop.kustom.ch\/en\/wp-json\/wp\/v2\/product\/637129"}],"collection":[{"href":"https:\/\/shop.kustom.ch\/en\/wp-json\/wp\/v2\/product"}],"about":[{"href":"https:\/\/shop.kustom.ch\/en\/wp-json\/wp\/v2\/types\/product"}],"wp:featuredmedia":[{"embeddable":true,"href":"https:\/\/shop.kustom.ch\/en\/wp-json\/wp\/v2\/media\/481464"}],"wp:attachment":[{"href":"https:\/\/shop.kustom.ch\/en\/wp-json\/wp\/v2\/media?parent=637129"}],"wp:term":[{"taxonomy":"product_brand","embeddable":true,"href":"https:\/\/shop.kustom.ch\/en\/wp-json\/wp\/v2\/product_brand?post=637129"},{"taxonomy":"product_cat","embeddable":true,"href":"https:\/\/shop.kustom.ch\/en\/wp-json\/wp\/v2\/product_cat?post=637129"},{"taxonomy":"product_tag","embeddable":true,"href":"https:\/\/shop.kustom.ch\/en\/wp-json\/wp\/v2\/product_tag?post=637129"}],"curies":[{"name":"wp","href":"https:\/\/api.w.org\/{rel}","templated":true}]}}