{"id":637074,"date":"2025-03-22T03:38:09","date_gmt":"2025-03-22T02:38:09","guid":{"rendered":"https:\/\/shop.kustom.ch\/?post_type=product&#038;p=637074"},"modified":"2026-03-27T13:45:47","modified_gmt":"2026-03-27T12:45:47","slug":"adv-join-windbreaker-m","status":"publish","type":"product","link":"https:\/\/shop.kustom.ch\/en\/product\/adv-join-windbreaker-m\/","title":{"rendered":"ADV Join Windbreaker M"},"content":{"rendered":"<p>This modern windbreaker is made from thin, lightweight fabric and has a functional mesh lining that offers excellent moisture transport for optimum comfort. A wide shape combined with an elasticated waist and a close-fitting jersey bodice at the bottom create a stunningly feminine silhouette. The windbreaker also features a hood with an adjustable drawstring and two concealed zip pockets for securely storing keys and other items.<\/p>\n<p>- Thin, lightweight and wind-resistant fabric<br \/>\n- Mesh fabric made from recycled polyester<br \/>\n- Functional mesh lining<br \/>\n- Tight-fitting jersey bodice at the bottom<br \/>\n- Elasticated drawstring at the waist for an adjustable fit<br \/>\n- Hood with adjustable drawstring<br \/>\n- Concealed side pockets with zip<br \/>\n- Loose fit<\/p>\n<p>Material: Body: 100% recycled polyamide. Lining: 100% recycled polyester<\/p>","protected":false},"excerpt":{"rendered":"<p>Diese moderne Windjacke ist aus d\u00fcnnem und leichtem Stoff gefertigt und verf\u00fcgt \u00fcber ein funktionelles Netzfutter, das einen hervorragenden Feuchtigkeitstransport f\u00fcr optimalen Tragekomfort bietet. Eine weite Form kombiniert mit einem Gummizug in der Taille und einem eng anliegenden Jersey-Mieder im unteren Bereich sorgt f\u00fcr eine umwerfend feminine Silhouette. Ausserdem verf\u00fcgt die Windjacke \u00fcber eine Kapuze [&hellip;]<\/p>\n","protected":false},"featured_media":626071,"template":"","meta":[],"product_brand":[],"product_cat":[4186],"product_tag":[],"class_list":{"0":"post-637074","1":"product","2":"type-product","3":"status-publish","4":"has-post-thumbnail","6":"product_cat-jacken","7":"pa_brand-craft-retail-sportswear","8":"pa_brand-type-sportswear","9":"pa_filter-color-gruen","10":"pa_filter-color-schwarz","12":"first","13":"instock","14":"sale","15":"taxable","16":"shipping-taxable","17":"purchasable","18":"product-type-variable","19":"add-to-wishlist-before_image"},"exclude_global_add_ons":[],"addons":[],"acf":[],"_links":{"self":[{"href":"https:\/\/shop.kustom.ch\/en\/wp-json\/wp\/v2\/product\/637074"}],"collection":[{"href":"https:\/\/shop.kustom.ch\/en\/wp-json\/wp\/v2\/product"}],"about":[{"href":"https:\/\/shop.kustom.ch\/en\/wp-json\/wp\/v2\/types\/product"}],"wp:featuredmedia":[{"embeddable":true,"href":"https:\/\/shop.kustom.ch\/en\/wp-json\/wp\/v2\/media\/626071"}],"wp:attachment":[{"href":"https:\/\/shop.kustom.ch\/en\/wp-json\/wp\/v2\/media?parent=637074"}],"wp:term":[{"taxonomy":"product_brand","embeddable":true,"href":"https:\/\/shop.kustom.ch\/en\/wp-json\/wp\/v2\/product_brand?post=637074"},{"taxonomy":"product_cat","embeddable":true,"href":"https:\/\/shop.kustom.ch\/en\/wp-json\/wp\/v2\/product_cat?post=637074"},{"taxonomy":"product_tag","embeddable":true,"href":"https:\/\/shop.kustom.ch\/en\/wp-json\/wp\/v2\/product_tag?post=637074"}],"curies":[{"name":"wp","href":"https:\/\/api.w.org\/{rel}","templated":true}]}}