{"id":636757,"date":"2025-03-22T03:36:18","date_gmt":"2025-03-22T02:36:18","guid":{"rendered":"https:\/\/shop.kustom.ch\/?post_type=product&#038;p=636757"},"modified":"2026-03-27T13:59:57","modified_gmt":"2026-03-27T12:59:57","slug":"adv-explore-softshell-2-0-jkt-w","status":"publish","type":"product","link":"https:\/\/shop.kustom.ch\/en\/product\/adv-explore-softshell-2-0-jkt-w\/","title":{"rendered":"ADV Explore Softshell 2.0 Jkt W"},"content":{"rendered":"<p>The ADV Explore Softshell Jacket 2 is an advanced softshell jacket designed for a variety of outdoor activities as well as everyday use. This versatile outdoor jacket is made from a windproof and water-repellent softshell fabric with a high stretch content and a brushed inside that offers protection against light rain, wind and snow. The jacket has an adjustable hood, a zipped breast pocket and two zipped side pockets for safe storage of GPS device, keys, phone, energy bar, etc. Its weather resistance, breathability, flexibility and versatility make it an essential piece of outdoor equipment that will enhance your outdoor experiences and make you feel comfortable in a wide range of conditions. The outdoor jacket can be worn as a stand-alone outer layer in milder conditions or as part of a layering system in colder weather. <\/p>\n<p>- Windproof and water-repellent, soft and elasticated fabric with brushed inside<br \/>\n- Material made from recycled polyester and elastane<br \/>\n- The hood can be adjusted at the front and back<br \/>\n- Slightly sloping back<br \/>\n- Two side pockets with zip<br \/>\n- Chest pocket with zip<br \/>\n- Normal fit<\/p>\n<p>Material: Body: 92% recycled polyester, 8% elastane. Side inserts: 100% recycled polyester<\/p>","protected":false},"excerpt":{"rendered":"<p>Das ADV Explore Softshell Jacket 2 ist eine fortschrittliche Softshell-Jacke, die f\u00fcr eine Vielzahl von Outdoor-Aktivit\u00e4ten sowie f\u00fcr den t\u00e4glichen Gebrauch entwickelt wurde. Diese vielseitige Outdoor-Jacke besteht aus einem winddichten und wasserabweisenden Softshell-Gewebe mit hohem Stretchanteil sowie geb\u00fcrsteter Innenseite, das Schutz vor leichtem Regen, Wind und Schnee bietet. Die Jacke verf\u00fcgt \u00fcber eine verstellbare Kapuze, [&hellip;]<\/p>\n","protected":false},"featured_media":625632,"template":"","meta":[],"product_brand":[],"product_cat":[4186],"product_tag":[],"class_list":{"0":"post-636757","1":"product","2":"type-product","3":"status-publish","4":"has-post-thumbnail","6":"product_cat-jacken","7":"pa_brand-craft-retail-sportswear","8":"pa_brand-type-sportswear","9":"pa_filter-color-beige","10":"pa_filter-color-blau","11":"pa_filter-color-schwarz","13":"first","14":"instock","15":"sale","16":"taxable","17":"shipping-taxable","18":"purchasable","19":"product-type-variable","20":"add-to-wishlist-before_image"},"exclude_global_add_ons":[],"addons":[],"acf":[],"_links":{"self":[{"href":"https:\/\/shop.kustom.ch\/en\/wp-json\/wp\/v2\/product\/636757"}],"collection":[{"href":"https:\/\/shop.kustom.ch\/en\/wp-json\/wp\/v2\/product"}],"about":[{"href":"https:\/\/shop.kustom.ch\/en\/wp-json\/wp\/v2\/types\/product"}],"wp:featuredmedia":[{"embeddable":true,"href":"https:\/\/shop.kustom.ch\/en\/wp-json\/wp\/v2\/media\/625632"}],"wp:attachment":[{"href":"https:\/\/shop.kustom.ch\/en\/wp-json\/wp\/v2\/media?parent=636757"}],"wp:term":[{"taxonomy":"product_brand","embeddable":true,"href":"https:\/\/shop.kustom.ch\/en\/wp-json\/wp\/v2\/product_brand?post=636757"},{"taxonomy":"product_cat","embeddable":true,"href":"https:\/\/shop.kustom.ch\/en\/wp-json\/wp\/v2\/product_cat?post=636757"},{"taxonomy":"product_tag","embeddable":true,"href":"https:\/\/shop.kustom.ch\/en\/wp-json\/wp\/v2\/product_tag?post=636757"}],"curies":[{"name":"wp","href":"https:\/\/api.w.org\/{rel}","templated":true}]}}