{"id":636676,"date":"2025-03-22T03:35:47","date_gmt":"2025-03-22T02:35:47","guid":{"rendered":"https:\/\/shop.kustom.ch\/?post_type=product&#038;p=636676"},"modified":"2026-03-27T14:44:00","modified_gmt":"2026-03-27T13:44:00","slug":"adv-explore-power-fleece-jkt-w","status":"publish","type":"product","link":"https:\/\/shop.kustom.ch\/en\/product\/adv-explore-power-fleece-jkt-w\/","title":{"rendered":"ADV Explore Power Fleece Jkt W"},"content":{"rendered":"<p>The ADV Explore Power Fleece Jacket is a stretchy and highly functional fleece jacket that is a versatile and essential addition to any outdoor enthusiast's wardrobe. This advanced jacket is made from a stretchy fleece material with exceptional heat retention and breathability properties. The fleece material keeps warmth close to the body and allows moisture and perspiration to escape, keeping you warm, dry and comfortable during outdoor activities in cold conditions. The stretchy material also ensures excellent freedom of movement. Whether you're hiking, skiing or doing other outdoor activities - the jacket does it all and ensures that you can bend, twist and stretch without being restricted. The jacket also has two zipped pockets in which you can conveniently store important items such as keys, phone and snacks. The jacket is the perfect choice for a wide range of activities - from hiking and skiing to everyday use in the cold season - and can be worn as a mid or outer layer. <\/p>\n<p>- Super soft and stretchy fleece material with brushed inside (250 g\/m\u00b2)<br \/>\n- Raglan sleeves for greater freedom of movement<br \/>\n- Two side zip pockets with mesh pouches<br \/>\n- Thumbhole at the cuffs<br \/>\n- Normal fit<\/p>\n<p>Material: 94% recycled polyester, 6% elastane<\/p>","protected":false},"excerpt":{"rendered":"<p>Das ADV Explore Power Fleece Jacket ist eine dehnbare und hochfunktionelle Fleecejacke, die eine vielseitige und unverzichtbare Erg\u00e4nzung f\u00fcr die Garderobe aller Outdoor-Fans darstellt. Diese fortschrittliche Jacke besteht aus einem dehnbaren Fleecematerial mit aussergew\u00f6hnlichen W\u00e4rmer\u00fcckhalte- und Atmungseigenschaften. Das Fleecematerial h\u00e4lt die W\u00e4rme dicht am K\u00f6rper und l\u00e4sst Feuchtigkeit sowie Schweiss entweichen, damit Sie bei Outdoor-Aktivit\u00e4ten [&hellip;]<\/p>\n","protected":false},"featured_media":480564,"template":"","meta":[],"product_brand":[],"product_cat":[4184],"product_tag":[],"class_list":{"0":"post-636676","1":"product","2":"type-product","3":"status-publish","4":"has-post-thumbnail","6":"product_cat-hoodies-pullover","7":"pa_brand-craft-retail-sportswear","8":"pa_brand-type-sportswear","9":"pa_filter-color-blau","10":"pa_filter-color-gruen","11":"pa_filter-color-schwarz","13":"first","14":"instock","15":"sale","16":"taxable","17":"shipping-taxable","18":"purchasable","19":"product-type-variable","20":"add-to-wishlist-before_image"},"exclude_global_add_ons":[],"addons":[],"acf":[],"_links":{"self":[{"href":"https:\/\/shop.kustom.ch\/en\/wp-json\/wp\/v2\/product\/636676"}],"collection":[{"href":"https:\/\/shop.kustom.ch\/en\/wp-json\/wp\/v2\/product"}],"about":[{"href":"https:\/\/shop.kustom.ch\/en\/wp-json\/wp\/v2\/types\/product"}],"wp:featuredmedia":[{"embeddable":true,"href":"https:\/\/shop.kustom.ch\/en\/wp-json\/wp\/v2\/media\/480564"}],"wp:attachment":[{"href":"https:\/\/shop.kustom.ch\/en\/wp-json\/wp\/v2\/media?parent=636676"}],"wp:term":[{"taxonomy":"product_brand","embeddable":true,"href":"https:\/\/shop.kustom.ch\/en\/wp-json\/wp\/v2\/product_brand?post=636676"},{"taxonomy":"product_cat","embeddable":true,"href":"https:\/\/shop.kustom.ch\/en\/wp-json\/wp\/v2\/product_cat?post=636676"},{"taxonomy":"product_tag","embeddable":true,"href":"https:\/\/shop.kustom.ch\/en\/wp-json\/wp\/v2\/product_tag?post=636676"}],"curies":[{"name":"wp","href":"https:\/\/api.w.org\/{rel}","templated":true}]}}