{"id":636526,"date":"2025-03-22T03:34:30","date_gmt":"2025-03-22T02:34:30","guid":{"rendered":"https:\/\/shop.kustom.ch\/?post_type=product&#038;p=636526"},"modified":"2026-03-27T14:38:32","modified_gmt":"2026-03-27T13:38:32","slug":"adv-exlore-power-fleece-vest-w","status":"publish","type":"product","link":"https:\/\/shop.kustom.ch\/en\/product\/adv-exlore-power-fleece-vest-w\/","title":{"rendered":"ADV Exlore Power Fleece Vest W"},"content":{"rendered":"<p>The ADV Explore Power Fleece Vest is a stretchy and highly functional fleece waistcoat that is a versatile and essential addition to the wardrobe of any outdoor enthusiast.<\/p>\n<p>This innovative waistcoat is made from a stretchy fleece material with exceptional heat retention and breathability properties. The fleece material keeps the warmth close to the body and allows moisture and sweat to escape so that you stay warm, dry and comfortable during outdoor activities in cold conditions. The stretchy material also ensures excellent freedom of movement. Whether you're hiking, skiing or doing other outdoor activities, the gilet does it all and ensures that you can bend, twist and stretch without being restricted. The waistcoat also has two zipped pockets in which you can conveniently store important items such as keys, phone and snacks. The waistcoat is the perfect choice for a variety of activities - from hiking and skiing to everyday use in the cold season - and can be worn as a mid or outer layer.<\/p>\n<p>- Super soft and stretchy fleece material with brushed inside (250 g\/m\u00b2)<br \/>\n- Two side zip pockets with mesh pouches<br \/>\n- Normal fit<\/p>\n<p>Material: 94% recycled polyester, 6% elastane<\/p>","protected":false},"excerpt":{"rendered":"<p>Die ADV Explore Power Fleece Vest ist eine dehnbare und hochfunktionelle Fleece-Weste, die eine vielseitige und unverzichtbare Erg\u00e4nzung f\u00fcr die Garderobe aller Outdoor-Fans darstellt. Diese innovative Weste besteht aus einem dehnbaren Fleecematerial mit aussergew\u00f6hnlichen W\u00e4rmer\u00fcckhalte- und Atmungseigenschaften. Das Fleecematerial h\u00e4lt die W\u00e4rme dicht am K\u00f6rper und l\u00e4sst Feuchtigkeit sowie Schweiss entweichen, damit Sie bei Outdoor-Aktivit\u00e4ten [&hellip;]<\/p>\n","protected":false},"featured_media":480581,"template":"","meta":[],"product_brand":[],"product_cat":[4208],"product_tag":[],"class_list":{"0":"post-636526","1":"product","2":"type-product","3":"status-publish","4":"has-post-thumbnail","6":"product_cat-westen","7":"pa_brand-craft-retail-sportswear","8":"pa_brand-type-sportswear","9":"pa_filter-color-schwarz","11":"first","12":"instock","13":"sale","14":"taxable","15":"shipping-taxable","16":"purchasable","17":"product-type-variable","18":"add-to-wishlist-before_image"},"exclude_global_add_ons":[],"addons":[],"acf":[],"_links":{"self":[{"href":"https:\/\/shop.kustom.ch\/en\/wp-json\/wp\/v2\/product\/636526"}],"collection":[{"href":"https:\/\/shop.kustom.ch\/en\/wp-json\/wp\/v2\/product"}],"about":[{"href":"https:\/\/shop.kustom.ch\/en\/wp-json\/wp\/v2\/types\/product"}],"wp:featuredmedia":[{"embeddable":true,"href":"https:\/\/shop.kustom.ch\/en\/wp-json\/wp\/v2\/media\/480581"}],"wp:attachment":[{"href":"https:\/\/shop.kustom.ch\/en\/wp-json\/wp\/v2\/media?parent=636526"}],"wp:term":[{"taxonomy":"product_brand","embeddable":true,"href":"https:\/\/shop.kustom.ch\/en\/wp-json\/wp\/v2\/product_brand?post=636526"},{"taxonomy":"product_cat","embeddable":true,"href":"https:\/\/shop.kustom.ch\/en\/wp-json\/wp\/v2\/product_cat?post=636526"},{"taxonomy":"product_tag","embeddable":true,"href":"https:\/\/shop.kustom.ch\/en\/wp-json\/wp\/v2\/product_tag?post=636526"}],"curies":[{"name":"wp","href":"https:\/\/api.w.org\/{rel}","templated":true}]}}