{"id":636518,"date":"2025-03-22T03:34:16","date_gmt":"2025-03-22T02:34:16","guid":{"rendered":"https:\/\/shop.kustom.ch\/produkt\/adv-essence-warm-tights-w-2\/"},"modified":"2026-03-27T14:23:52","modified_gmt":"2026-03-27T13:23:52","slug":"adv-essence-warm-tights-w-2","status":"publish","type":"product","link":"https:\/\/shop.kustom.ch\/en\/product\/adv-essence-warm-tights-w-2\/","title":{"rendered":"ADV Essence Warm Tights W"},"content":{"rendered":"<p>The ADV Essence Warm Tights 2 are highly functional training tights that keep you warm during intense workouts in cold conditions. These advanced tights are made from a soft and functional jersey fabric with a lightly brushed interior for added warmth and comfort. The tights also feature an elasticated waistband with adjustable drawcord for an optimal fit and a small zip pocket on the back yoke for safe key storage.<\/p>\n<p>- Soft, stretchy and functional jersey fabric made from recycled polyester and elastane<br \/>\n- Lightly brushed inside for extra warmth and comfort<br \/>\n- Waistband with adjustable inner drawstring<br \/>\n- Mobile phone pocket with zip on the back waistband<br \/>\n- Reflective print on the calf<\/p>\n<p>Material: Body: 77% recycled polyester, 23% elastane<\/p>","protected":false},"excerpt":{"rendered":"<p>Die ADV Essence Warm Tights 2 sind hochfunktionelle Trainingstights, die dich bei intensiven Workouts bei kalten Bedingungen warm halten. Diese fortschrittlichen Tights bestehen aus einem weichen und funktionalen Jerseystoff mit leicht geb\u00fcrsteter Innenseite f\u00fcr zus\u00e4tzliche W\u00e4rme und Komfort. Die Tights verf\u00fcgen ausserdem \u00fcber einen elastischen Bund mit verstellbarem Kordelzug f\u00fcr eine optimale Passform und eine [&hellip;]<\/p>\n","protected":false},"featured_media":480929,"template":"","meta":[],"product_brand":[],"product_cat":[4190],"product_tag":[],"class_list":{"0":"post-636518","1":"product","2":"type-product","3":"status-publish","4":"has-post-thumbnail","6":"product_cat-leggings","7":"pa_brand-craft-retail-sportswear","8":"pa_brand-type-sportswear","9":"pa_filter-color-schwarz","11":"first","12":"instock","13":"sale","14":"taxable","15":"shipping-taxable","16":"purchasable","17":"product-type-variable","18":"add-to-wishlist-before_image"},"exclude_global_add_ons":[],"addons":[],"acf":[],"_links":{"self":[{"href":"https:\/\/shop.kustom.ch\/en\/wp-json\/wp\/v2\/product\/636518"}],"collection":[{"href":"https:\/\/shop.kustom.ch\/en\/wp-json\/wp\/v2\/product"}],"about":[{"href":"https:\/\/shop.kustom.ch\/en\/wp-json\/wp\/v2\/types\/product"}],"wp:featuredmedia":[{"embeddable":true,"href":"https:\/\/shop.kustom.ch\/en\/wp-json\/wp\/v2\/media\/480929"}],"wp:attachment":[{"href":"https:\/\/shop.kustom.ch\/en\/wp-json\/wp\/v2\/media?parent=636518"}],"wp:term":[{"taxonomy":"product_brand","embeddable":true,"href":"https:\/\/shop.kustom.ch\/en\/wp-json\/wp\/v2\/product_brand?post=636518"},{"taxonomy":"product_cat","embeddable":true,"href":"https:\/\/shop.kustom.ch\/en\/wp-json\/wp\/v2\/product_cat?post=636518"},{"taxonomy":"product_tag","embeddable":true,"href":"https:\/\/shop.kustom.ch\/en\/wp-json\/wp\/v2\/product_tag?post=636518"}],"curies":[{"name":"wp","href":"https:\/\/api.w.org\/{rel}","templated":true}]}}