{"id":636505,"date":"2025-03-22T03:34:08","date_gmt":"2025-03-22T02:34:08","guid":{"rendered":"https:\/\/shop.kustom.ch\/?post_type=product&#038;p=636505"},"modified":"2026-03-27T14:04:32","modified_gmt":"2026-03-27T13:04:32","slug":"adv-essence-training-pants-2-w","status":"publish","type":"product","link":"https:\/\/shop.kustom.ch\/en\/product\/adv-essence-training-pants-2-w\/","title":{"rendered":"ADV Essence Training Pants 2 W"},"content":{"rendered":"<p>These advanced training trousers are made from recycled polyester, which offers high stretch and functionality during high-intensity training sessions. The tapered legs and perforated fabric on the calves ensure an excellent fit and efficient ventilation. The training trousers also have two concealed side pockets with zip fastening for secure storage of keys, energy bars, etc.<\/p>\n<p>- Woven stretch fabric made from recycled polyester<br \/>\n- Elasticated jersey at the bottom of the leg<br \/>\n- Tapered legs<br \/>\n- Elasticated waistband<br \/>\n- Two concealed side pockets with zip fastener<\/p>\n<p>Material: Body : 88% recycled polyamide, 12% elastane. Back : 92% recycled polyester, 8% elastane<\/p>","protected":false},"excerpt":{"rendered":"<p>Diese fortschrittliche Trainingshose besteht aus recyceltem Polyester, das bei hochintensiven Trainingseinheiten eine hohe Dehnbarkeit und Funktionalit\u00e4t bietet. Die spitz zulaufenden Beine und der perforierte Stoff an den Waden sorgen f\u00fcr eine hervorragende Passform und effiziente Bel\u00fcftung. Ausserdem verf\u00fcgt die Trainingshose \u00fcber zwei verdeckte Seitentaschen mit Reissverschluss zur sicheren Aufbewahrung von Schl\u00fcsseln, Energieriegeln usw. \u2022 Gewebter [&hellip;]<\/p>\n","protected":false},"featured_media":625338,"template":"","meta":[],"product_brand":[],"product_cat":[4185],"product_tag":[],"class_list":{"0":"post-636505","1":"product","2":"type-product","3":"status-publish","4":"has-post-thumbnail","6":"product_cat-hosen","7":"pa_brand-craft-retail-sportswear","8":"pa_brand-type-sportswear","9":"pa_filter-color-schwarz","11":"first","12":"instock","13":"sale","14":"taxable","15":"shipping-taxable","16":"purchasable","17":"product-type-variable","18":"add-to-wishlist-before_image"},"exclude_global_add_ons":[],"addons":[],"acf":[],"_links":{"self":[{"href":"https:\/\/shop.kustom.ch\/en\/wp-json\/wp\/v2\/product\/636505"}],"collection":[{"href":"https:\/\/shop.kustom.ch\/en\/wp-json\/wp\/v2\/product"}],"about":[{"href":"https:\/\/shop.kustom.ch\/en\/wp-json\/wp\/v2\/types\/product"}],"wp:featuredmedia":[{"embeddable":true,"href":"https:\/\/shop.kustom.ch\/en\/wp-json\/wp\/v2\/media\/625338"}],"wp:attachment":[{"href":"https:\/\/shop.kustom.ch\/en\/wp-json\/wp\/v2\/media?parent=636505"}],"wp:term":[{"taxonomy":"product_brand","embeddable":true,"href":"https:\/\/shop.kustom.ch\/en\/wp-json\/wp\/v2\/product_brand?post=636505"},{"taxonomy":"product_cat","embeddable":true,"href":"https:\/\/shop.kustom.ch\/en\/wp-json\/wp\/v2\/product_cat?post=636505"},{"taxonomy":"product_tag","embeddable":true,"href":"https:\/\/shop.kustom.ch\/en\/wp-json\/wp\/v2\/product_tag?post=636505"}],"curies":[{"name":"wp","href":"https:\/\/api.w.org\/{rel}","templated":true}]}}