{"id":636299,"date":"2025-03-22T03:32:20","date_gmt":"2025-03-22T02:32:20","guid":{"rendered":"https:\/\/shop.kustom.ch\/?post_type=product&#038;p=636299"},"modified":"2026-03-27T14:35:33","modified_gmt":"2026-03-27T13:35:33","slug":"adv-essence-jersey-hood-jacket-2-w","status":"publish","type":"product","link":"https:\/\/shop.kustom.ch\/en\/product\/adv-essence-jersey-hood-jacket-2-w\/","title":{"rendered":"ADV Essence Jersey Hood Jacket 2 W"},"content":{"rendered":"<p>This advanced training jacket is made from a soft, warm and recycled jersey fabric and features a wind-protective fabric on the chest. The garment also features two zipped side pockets and a fully lined, wind-protective hood.<\/p>\n<p>- Body made from soft and warm jersey fabric made from recycled polyester<br \/>\n- Wind-protective fabric on the chest made from recycled polyester<br \/>\n- Fully lined and wind-protective hood<br \/>\n- Two side pockets with zip<br \/>\n- Normal fit<\/p>\n<p>Material: Body: 88% recycled polyester, 12% elastane. Top body: 60% recycled polyester, 40% polyester<\/p>","protected":false},"excerpt":{"rendered":"<p>Diese avancierte Trainingsjacke besteht aus einem weichen, warmen und recycelten Jersey-Stoff und ist mit einem windsch\u00fctzenden Stoff auf der Brust ausgestattet. Dar\u00fcber hinaus verf\u00fcgt das Kleidungsst\u00fcck \u00fcber zwei seitliche Reissverschlusstaschen und eine vollst\u00e4ndig gef\u00fctterte, windsch\u00fctzende Kapuze. \u2022 Body aus weichem und warmem Jersey-Stoff aus recyceltem Polyester \u2022 Windsch\u00fctzender Stoff auf der Brust aus recyceltem Polyester [&hellip;]<\/p>\n","protected":false},"featured_media":625098,"template":"","meta":[],"product_brand":[],"product_cat":[4184],"product_tag":[],"class_list":{"0":"post-636299","1":"product","2":"type-product","3":"status-publish","4":"has-post-thumbnail","6":"product_cat-hoodies-pullover","7":"pa_brand-craft-retail-sportswear","8":"pa_brand-type-sportswear","9":"pa_filter-color-gelb","11":"first","12":"instock","13":"sale","14":"taxable","15":"shipping-taxable","16":"purchasable","17":"product-type-variable","18":"add-to-wishlist-before_image"},"exclude_global_add_ons":[],"addons":[],"acf":[],"_links":{"self":[{"href":"https:\/\/shop.kustom.ch\/en\/wp-json\/wp\/v2\/product\/636299"}],"collection":[{"href":"https:\/\/shop.kustom.ch\/en\/wp-json\/wp\/v2\/product"}],"about":[{"href":"https:\/\/shop.kustom.ch\/en\/wp-json\/wp\/v2\/types\/product"}],"wp:featuredmedia":[{"embeddable":true,"href":"https:\/\/shop.kustom.ch\/en\/wp-json\/wp\/v2\/media\/625098"}],"wp:attachment":[{"href":"https:\/\/shop.kustom.ch\/en\/wp-json\/wp\/v2\/media?parent=636299"}],"wp:term":[{"taxonomy":"product_brand","embeddable":true,"href":"https:\/\/shop.kustom.ch\/en\/wp-json\/wp\/v2\/product_brand?post=636299"},{"taxonomy":"product_cat","embeddable":true,"href":"https:\/\/shop.kustom.ch\/en\/wp-json\/wp\/v2\/product_cat?post=636299"},{"taxonomy":"product_tag","embeddable":true,"href":"https:\/\/shop.kustom.ch\/en\/wp-json\/wp\/v2\/product_tag?post=636299"}],"curies":[{"name":"wp","href":"https:\/\/api.w.org\/{rel}","templated":true}]}}