{"id":636268,"date":"2025-03-22T03:31:46","date_gmt":"2025-03-22T02:31:46","guid":{"rendered":"https:\/\/shop.kustom.ch\/?post_type=product&#038;p=636268"},"modified":"2026-03-27T13:58:36","modified_gmt":"2026-03-27T12:58:36","slug":"adv-essence-2-in-1-shorts-2-m","status":"publish","type":"product","link":"https:\/\/shop.kustom.ch\/en\/product\/adv-essence-2-in-1-shorts-2-m\/","title":{"rendered":"ADV Essence 2-in-1 shorts 2 M"},"content":{"rendered":"<p>ADV Essence 2-in-1 Shorts 2 are advanced training shorts in woven stretch fabric designed for most types of intense physical activity. These highly functional shorts feature an inner short, an elasticated jersey waistband with drawstring, a phone pocket and two side pockets.<\/p>\n<p>- Functional stretch fabric made from recycled polyester and elastane<br \/>\n- Inner tights for optimum support<br \/>\n- Wide elasticated jersey waistband<br \/>\n- Adjustable drawstring in the waistband<br \/>\n- Phone pocket on the inner trousers<br \/>\n- Two side pockets<br \/>\n- Reflective prints<br \/>\n- Crotch length approx. 18 cm for size M<\/p>\n<p>Material: Body 90% polyester recycled, 10% elastane. Lining 84% polyester recycled, 6% polyester, 10% elastane<\/p>","protected":false},"excerpt":{"rendered":"<p>ADV Essence 2-in-1 Shorts 2 sind fortschrittliche Trainingsshorts aus gewebtem Stretchmaterial, die f\u00fcr die meisten Arten intensiver k\u00f6rperlicher Aktivit\u00e4ten entwickelt wurden. Diese hochfunktionellen Shorts verf\u00fcgen \u00fcber eine Innenhose, einen elastischen Jersey-Bund mit Kordelzug, eine Telefontasche und zwei Seitentaschen. \u2022 Funktionelles Stretchgewebe aus recyceltem Polyester und Elasthan \u2022 Innentights f\u00fcr optimalen Halt \u2022 Breiter elastischer Jersey-Bund [&hellip;]<\/p>\n","protected":false},"featured_media":625066,"template":"","meta":[],"product_brand":[],"product_cat":[4198],"product_tag":[],"class_list":{"0":"post-636268","1":"product","2":"type-product","3":"status-publish","4":"has-post-thumbnail","6":"product_cat-shorts","7":"pa_brand-craft-retail-sportswear","8":"pa_brand-type-sportswear","9":"pa_filter-color-blau","10":"pa_filter-color-schwarz","12":"first","13":"instock","14":"sale","15":"taxable","16":"shipping-taxable","17":"purchasable","18":"product-type-variable","19":"add-to-wishlist-before_image"},"exclude_global_add_ons":[],"addons":[],"acf":[],"_links":{"self":[{"href":"https:\/\/shop.kustom.ch\/en\/wp-json\/wp\/v2\/product\/636268"}],"collection":[{"href":"https:\/\/shop.kustom.ch\/en\/wp-json\/wp\/v2\/product"}],"about":[{"href":"https:\/\/shop.kustom.ch\/en\/wp-json\/wp\/v2\/types\/product"}],"wp:featuredmedia":[{"embeddable":true,"href":"https:\/\/shop.kustom.ch\/en\/wp-json\/wp\/v2\/media\/625066"}],"wp:attachment":[{"href":"https:\/\/shop.kustom.ch\/en\/wp-json\/wp\/v2\/media?parent=636268"}],"wp:term":[{"taxonomy":"product_brand","embeddable":true,"href":"https:\/\/shop.kustom.ch\/en\/wp-json\/wp\/v2\/product_brand?post=636268"},{"taxonomy":"product_cat","embeddable":true,"href":"https:\/\/shop.kustom.ch\/en\/wp-json\/wp\/v2\/product_cat?post=636268"},{"taxonomy":"product_tag","embeddable":true,"href":"https:\/\/shop.kustom.ch\/en\/wp-json\/wp\/v2\/product_tag?post=636268"}],"curies":[{"name":"wp","href":"https:\/\/api.w.org\/{rel}","templated":true}]}}