{"id":636260,"date":"2025-03-22T03:31:41","date_gmt":"2025-03-22T02:31:41","guid":{"rendered":"https:\/\/shop.kustom.ch\/?post_type=product&#038;p=636260"},"modified":"2026-03-31T13:21:30","modified_gmt":"2026-03-31T12:21:30","slug":"adv-entity-duffel-50-l","status":"publish","type":"product","link":"https:\/\/shop.kustom.ch\/en\/product\/adv-entity-duffel-50-l\/","title":{"rendered":"ADV Entity Duffel 50 L"},"content":{"rendered":"<p>The ADV Entity Duffel 50 L is a robust and versatile duffel bag with waterproof zips and two large side pockets. The bag has adjustable shoulder straps that can be stowed in a pocket when not in use. <\/p>\n<p>- Partly recycled material<br \/>\n- Waterproof zips<br \/>\n- Two large side pockets<br \/>\n- Stowable and adjustable shoulder straps<br \/>\n- 50x32x32 cm<br \/>\n- 50 L<\/p>\n<p>Material: Material 1: 100% polyamide. Material 2: 50% recycled polyester, 50% polyurethane. Material 3 100% polyester<\/p>","protected":false},"excerpt":{"rendered":"<p>Der ADV Entity Duffel 50 L ist ein robuster und vielseitiger Seesack mit wasserdichten Reissverschl\u00fcssen und zwei grossen Seitentaschen. Die Tasche verf\u00fcgt \u00fcber verstellbare Schultergurte, die bei Nichtgebrauch in einer Tasche verstaut werden k\u00f6nnen. \u2022 Teilweise recyceltes Material \u2022 Wasserdichte Reissverschl\u00fcsse \u2022 Zwei grosse Seitentaschen \u2022 Verstaubare und verstellbare Schultergurte \u2022 50x32x32 cm \u2022 50 [&hellip;]<\/p>\n","protected":false},"featured_media":480902,"template":"","meta":[],"product_brand":[],"product_cat":[4195],"product_tag":[],"class_list":{"0":"post-636260","1":"product","2":"type-product","3":"status-publish","4":"has-post-thumbnail","6":"product_cat-rucksaecke-taschen","7":"pa_brand-craft-retail-sportswear","8":"pa_brand-type-sportswear","9":"pa_filter-color-blau","10":"pa_filter-color-grau","11":"pa_filter-color-gruen","12":"pa_filter-color-orange","14":"first","15":"instock","16":"sale","17":"taxable","18":"shipping-taxable","19":"purchasable","20":"product-type-variable","21":"add-to-wishlist-before_image"},"exclude_global_add_ons":[],"addons":[],"acf":[],"_links":{"self":[{"href":"https:\/\/shop.kustom.ch\/en\/wp-json\/wp\/v2\/product\/636260"}],"collection":[{"href":"https:\/\/shop.kustom.ch\/en\/wp-json\/wp\/v2\/product"}],"about":[{"href":"https:\/\/shop.kustom.ch\/en\/wp-json\/wp\/v2\/types\/product"}],"wp:featuredmedia":[{"embeddable":true,"href":"https:\/\/shop.kustom.ch\/en\/wp-json\/wp\/v2\/media\/480902"}],"wp:attachment":[{"href":"https:\/\/shop.kustom.ch\/en\/wp-json\/wp\/v2\/media?parent=636260"}],"wp:term":[{"taxonomy":"product_brand","embeddable":true,"href":"https:\/\/shop.kustom.ch\/en\/wp-json\/wp\/v2\/product_brand?post=636260"},{"taxonomy":"product_cat","embeddable":true,"href":"https:\/\/shop.kustom.ch\/en\/wp-json\/wp\/v2\/product_cat?post=636260"},{"taxonomy":"product_tag","embeddable":true,"href":"https:\/\/shop.kustom.ch\/en\/wp-json\/wp\/v2\/product_tag?post=636260"}],"curies":[{"name":"wp","href":"https:\/\/api.w.org\/{rel}","templated":true}]}}