{"id":636247,"date":"2025-03-22T03:31:26","date_gmt":"2025-03-22T02:31:26","guid":{"rendered":"https:\/\/shop.kustom.ch\/?post_type=product&#038;p=636247"},"modified":"2026-03-27T13:51:46","modified_gmt":"2026-03-27T12:51:46","slug":"adv-endur-shorts-w","status":"publish","type":"product","link":"https:\/\/shop.kustom.ch\/en\/product\/adv-endur-shorts-w\/","title":{"rendered":"ADV Endur Shorts W"},"content":{"rendered":"<p>ADV Endurance Shorts are highly functional cycling shorts for committed athletes who ride several times a week with determination.<\/p>\n<p>These modern cycling shorts are made from a recycled polyamide fabric that offers excellent body control and moisture transport. In addition, the cycling shorts have an ergonomic fit for the correct riding position and a C2 pad for high comfort even on long rides.<\/p>\n<p>Infinity C2 - highly functional pad for dedicated riders<br \/>\nInfinity C2 offers excellent function and is a great choice for riders who train hard all year round. The pad consists of three layers. The second and third layers are made of medium and high density foams. These two layers form a perfect combination that cushions and absorbs energy and then dissipates it like an anti-shock system. The next-to-skin layer is made of high-quality polyester fabric, which is characterised by great 4-way stretch properties and offers excellent moisture transport.<\/p>\n<p>Thanks to the 4-way elasticity of the fabric, the pad follows the movements of the body and thus ensures optimum comfort and function.<br \/>\n- Recycled polyamide fabric<br \/>\n- Ergonomic design for a perfect fit in the riding position<br \/>\n- Elasticated leg cuffs with silicone print keep the bib shorts in place - Infinity C2 pad for women<\/p>\n<p>Material: Body: 78% recycled polyamide, 22% elastane. Upper body lining: 95% recycled polyester, 5% elastane<\/p>","protected":false},"excerpt":{"rendered":"<p>ADV Endurance Shorts sind hochfunktionelle Fahrradshorts f\u00fcr engagierte Sportler, die mehrmals pro Woche zielstrebig fahren. Diese modernen Fahrradshorts bestehen aus einem recycelten Polyamidgewebe, das eine hervorragende K\u00f6rperkontrolle und Feuchtigkeitstransport bietet. Dar\u00fcber hinaus verf\u00fcgen die Fahrradshorts \u00fcber eine ergonomische Passform f\u00fcr die richtige Sitzposition und ein C2-Polster f\u00fcr hohen Komfort auch bei langen Fahrten. Infinity C2 [&hellip;]<\/p>\n","protected":false},"featured_media":625038,"template":"","meta":[],"product_brand":[],"product_cat":[4198],"product_tag":[],"class_list":{"0":"post-636247","1":"product","2":"type-product","3":"status-publish","4":"has-post-thumbnail","6":"product_cat-shorts","7":"pa_brand-craft-retail-sportswear","8":"pa_brand-type-sportswear","9":"pa_filter-color-schwarz","11":"first","12":"instock","13":"sale","14":"taxable","15":"shipping-taxable","16":"purchasable","17":"product-type-variable","18":"add-to-wishlist-before_image"},"exclude_global_add_ons":[],"addons":[],"acf":[],"_links":{"self":[{"href":"https:\/\/shop.kustom.ch\/en\/wp-json\/wp\/v2\/product\/636247"}],"collection":[{"href":"https:\/\/shop.kustom.ch\/en\/wp-json\/wp\/v2\/product"}],"about":[{"href":"https:\/\/shop.kustom.ch\/en\/wp-json\/wp\/v2\/types\/product"}],"wp:featuredmedia":[{"embeddable":true,"href":"https:\/\/shop.kustom.ch\/en\/wp-json\/wp\/v2\/media\/625038"}],"wp:attachment":[{"href":"https:\/\/shop.kustom.ch\/en\/wp-json\/wp\/v2\/media?parent=636247"}],"wp:term":[{"taxonomy":"product_brand","embeddable":true,"href":"https:\/\/shop.kustom.ch\/en\/wp-json\/wp\/v2\/product_brand?post=636247"},{"taxonomy":"product_cat","embeddable":true,"href":"https:\/\/shop.kustom.ch\/en\/wp-json\/wp\/v2\/product_cat?post=636247"},{"taxonomy":"product_tag","embeddable":true,"href":"https:\/\/shop.kustom.ch\/en\/wp-json\/wp\/v2\/product_tag?post=636247"}],"curies":[{"name":"wp","href":"https:\/\/api.w.org\/{rel}","templated":true}]}}