{"id":636221,"date":"2025-03-22T03:31:06","date_gmt":"2025-03-22T02:31:06","guid":{"rendered":"https:\/\/shop.kustom.ch\/?post_type=product&#038;p=636221"},"modified":"2026-03-27T13:13:45","modified_gmt":"2026-03-27T12:13:45","slug":"adv-endur-graphic-sock","status":"publish","type":"product","link":"https:\/\/shop.kustom.ch\/en\/product\/adv-endur-graphic-sock\/","title":{"rendered":"ADV Endur Graphic Sock"},"content":{"rendered":"<p>ADV Endur Graphic Socks are functional cycling socks with mesh inserts and wide elasticated cuffs for cycling fans of all kinds. Reinforced toe and heel area for extra durability.<\/p>\n<p>- Functional material made from polyamide, recycled polyester and elastane<br \/>\n- Ventilation grille inserts<br \/>\n- Reinforced toe and heel<br \/>\n- Ergonomic design<br \/>\n- Tight fit<\/p>\n<p>Material: Body 51% polyamide 44% recycled polyester) 5% elastane<\/p>","protected":false},"excerpt":{"rendered":"<p>ADV Endur Graphic Socks sind funktionelle Fahrradsocken mit Mesh-Eins\u00e4tzen und breiten elastischen B\u00fcndchen f\u00fcr Radsportfans jeder Couleur. Verst\u00e4rkte Zehen\u2022 und Fersenpartie f\u00fcr extra Strapazierf\u00e4higkeit. \u2022 Funktionsmaterial aus Polyamid, recyceltem Polyester und Elasthan \u2022 Bel\u00fcftungsgittereins\u00e4tze \u2022 Verst\u00e4rkte Zehe und Ferse \u2022 Ergonomisches Design \u2022 Eng anliegende Passform Material: Body 51% Polyamid 44% Recycling-Polyester) 5% Elasthan<\/p>","protected":false},"featured_media":625003,"template":"","meta":[],"product_brand":[],"product_cat":[4199],"product_tag":[],"class_list":{"0":"post-636221","1":"product","2":"type-product","3":"status-publish","4":"has-post-thumbnail","6":"product_cat-socken","7":"pa_brand-craft-retail-sportswear","8":"pa_brand-type-sportswear","9":"pa_filter-color-blau","10":"pa_filter-color-pink","12":"first","13":"instock","14":"sale","15":"taxable","16":"shipping-taxable","17":"purchasable","18":"product-type-variable","19":"add-to-wishlist-before_image"},"exclude_global_add_ons":[],"addons":[],"acf":[],"_links":{"self":[{"href":"https:\/\/shop.kustom.ch\/en\/wp-json\/wp\/v2\/product\/636221"}],"collection":[{"href":"https:\/\/shop.kustom.ch\/en\/wp-json\/wp\/v2\/product"}],"about":[{"href":"https:\/\/shop.kustom.ch\/en\/wp-json\/wp\/v2\/types\/product"}],"wp:featuredmedia":[{"embeddable":true,"href":"https:\/\/shop.kustom.ch\/en\/wp-json\/wp\/v2\/media\/625003"}],"wp:attachment":[{"href":"https:\/\/shop.kustom.ch\/en\/wp-json\/wp\/v2\/media?parent=636221"}],"wp:term":[{"taxonomy":"product_brand","embeddable":true,"href":"https:\/\/shop.kustom.ch\/en\/wp-json\/wp\/v2\/product_brand?post=636221"},{"taxonomy":"product_cat","embeddable":true,"href":"https:\/\/shop.kustom.ch\/en\/wp-json\/wp\/v2\/product_cat?post=636221"},{"taxonomy":"product_tag","embeddable":true,"href":"https:\/\/shop.kustom.ch\/en\/wp-json\/wp\/v2\/product_tag?post=636221"}],"curies":[{"name":"wp","href":"https:\/\/api.w.org\/{rel}","templated":true}]}}