{"id":636211,"date":"2025-03-22T03:30:52","date_gmt":"2025-03-22T02:30:52","guid":{"rendered":"https:\/\/shop.kustom.ch\/?post_type=product&#038;p=636211"},"modified":"2026-03-27T13:47:20","modified_gmt":"2026-03-27T12:47:20","slug":"adv-endur-graphic-jersey-w-2","status":"publish","type":"product","link":"https:\/\/shop.kustom.ch\/en\/product\/adv-endur-graphic-jersey-w-2\/","title":{"rendered":"ADV Endur Graphic Jersey W"},"content":{"rendered":"<p>The ADV Endur Graphic Jersey is a highly functional cycling jersey designed for ambitious athletes who train several days a week.<\/p>\n<p>This modern cycling jersey is made from soft, stretchy material and is characterised by excellent moisture transport during intensive rides. Mesh inserts improve ventilation and cooling, while a silicone print on the back hem ensures that the jersey does not slip. In addition, the jersey has four pockets at the back for efficient storage.<\/p>\n<p>- Highly functional material made from recycled polyester<br \/>\n- Ventilation mesh inserts on the upper back, sides and lower back<br \/>\n- Four back pockets (one with zip)<br \/>\n- Elasticated drawstring with silicone print at the back of the bottom hem<br \/>\n- Tight fit<\/p>\n<p>Material: Body: 86% recycled polyester, 14% spandex. Side inserts: 87% recycled polyester, 13% elastane<\/p>","protected":false},"excerpt":{"rendered":"<p>Das ADV Endur Graphic Jersey ist ein hochfunktionelles Fahrradtrikot, das f\u00fcr ambitionierte Sportler entwickelt wurde, die mehrere Tage pro Woche zielgerichtet trainieren. Dieses moderne Fahrrad-Trikot ist aus weichem, elastischem Material hergestellt und zeichnet sich durch einen hervorragenden Feuchtigkeitstransport bei intensiven Fahrten aus. Mesh-Eins\u00e4tze verbessern die Bel\u00fcftung und K\u00fchlung, w\u00e4hrend ein Silikonprint am hinteren Saum daf\u00fcr [&hellip;]<\/p>\n","protected":false},"featured_media":624995,"template":"","meta":[],"product_brand":[],"product_cat":[4201],"product_tag":[],"class_list":{"0":"post-636211","1":"product","2":"type-product","3":"status-publish","4":"has-post-thumbnail","6":"product_cat-t-shirts","7":"pa_brand-craft-retail-sportswear","8":"pa_brand-type-sportswear","9":"pa_filter-color-pink","11":"first","12":"instock","13":"sale","14":"taxable","15":"shipping-taxable","16":"purchasable","17":"product-type-variable","18":"add-to-wishlist-before_image"},"exclude_global_add_ons":[],"addons":[],"acf":[],"_links":{"self":[{"href":"https:\/\/shop.kustom.ch\/en\/wp-json\/wp\/v2\/product\/636211"}],"collection":[{"href":"https:\/\/shop.kustom.ch\/en\/wp-json\/wp\/v2\/product"}],"about":[{"href":"https:\/\/shop.kustom.ch\/en\/wp-json\/wp\/v2\/types\/product"}],"wp:featuredmedia":[{"embeddable":true,"href":"https:\/\/shop.kustom.ch\/en\/wp-json\/wp\/v2\/media\/624995"}],"wp:attachment":[{"href":"https:\/\/shop.kustom.ch\/en\/wp-json\/wp\/v2\/media?parent=636211"}],"wp:term":[{"taxonomy":"product_brand","embeddable":true,"href":"https:\/\/shop.kustom.ch\/en\/wp-json\/wp\/v2\/product_brand?post=636211"},{"taxonomy":"product_cat","embeddable":true,"href":"https:\/\/shop.kustom.ch\/en\/wp-json\/wp\/v2\/product_cat?post=636211"},{"taxonomy":"product_tag","embeddable":true,"href":"https:\/\/shop.kustom.ch\/en\/wp-json\/wp\/v2\/product_tag?post=636211"}],"curies":[{"name":"wp","href":"https:\/\/api.w.org\/{rel}","templated":true}]}}