{"id":636182,"date":"2025-03-22T03:30:37","date_gmt":"2025-03-22T02:30:37","guid":{"rendered":"https:\/\/shop.kustom.ch\/?post_type=product&#038;p=636182"},"modified":"2026-03-30T12:31:34","modified_gmt":"2026-03-30T11:31:34","slug":"adv-charge-perforated-tee-w","status":"publish","type":"product","link":"https:\/\/shop.kustom.ch\/en\/product\/adv-charge-perforated-tee-w\/","title":{"rendered":"ADV Charge Perforated Tee W"},"content":{"rendered":"<p>The ADV Tone Perforated Tee is a highly functional training T-shirt designed for most types of high-intensity workouts.<\/p>\n<p>This advanced training T-shirt is made from a stretchy and quick-drying jersey fabric that ensures efficient moisture transport during intense physical activity. The ergonomic design of the garment combined with its high elasticity ensures excellent freedom of movement and optimum comfort. In addition, the T-shirt has perforated ventilation openings at the front and back for better body temperature regulation.<\/p>\n<p>- Soft stretch fabric made from recycled polyamide and elastane<br \/>\n- Perforated ventilation at the front and back<br \/>\n- Normal cut<\/p>\n<p>Material: 85% polyester 15% elastane<\/p>","protected":false},"excerpt":{"rendered":"<p>Das ADV Tone Perforated Tee ist ein hochfunktionelles Trainings-T-Shirt, das f\u00fcr die meisten Arten hochintensiver Workouts entwickelt wurde. Dieses fortschrittliche Trainings-T-Shirt besteht aus einem dehnbaren und schnelltrocknenden Jersey-Stoff, der bei intensiven k\u00f6rperlichen Aktivit\u00e4ten einen effizienten Feuchtigkeitstransport gew\u00e4hrleistet. Das ergonomische Design des Kleidungsst\u00fccks in Kombination mit seiner hohen Elastizit\u00e4t gew\u00e4hrleistet hervorragende Bewegungsfreiheit und optimalen Komfort. Dar\u00fcber [&hellip;]<\/p>\n","protected":false},"featured_media":624898,"template":"","meta":[],"product_brand":[],"product_cat":[4201],"product_tag":[],"class_list":{"0":"post-636182","1":"product","2":"type-product","3":"status-publish","4":"has-post-thumbnail","6":"product_cat-t-shirts","7":"pa_brand-craft-retail-sportswear","8":"pa_brand-type-sportswear","9":"pa_filter-color-beige","10":"pa_filter-color-schwarz","11":"pa_filter-color-weiss","13":"first","14":"instock","15":"sale","16":"taxable","17":"shipping-taxable","18":"purchasable","19":"product-type-variable","20":"add-to-wishlist-before_image"},"exclude_global_add_ons":[],"addons":[],"acf":[],"_links":{"self":[{"href":"https:\/\/shop.kustom.ch\/en\/wp-json\/wp\/v2\/product\/636182"}],"collection":[{"href":"https:\/\/shop.kustom.ch\/en\/wp-json\/wp\/v2\/product"}],"about":[{"href":"https:\/\/shop.kustom.ch\/en\/wp-json\/wp\/v2\/types\/product"}],"wp:featuredmedia":[{"embeddable":true,"href":"https:\/\/shop.kustom.ch\/en\/wp-json\/wp\/v2\/media\/624898"}],"wp:attachment":[{"href":"https:\/\/shop.kustom.ch\/en\/wp-json\/wp\/v2\/media?parent=636182"}],"wp:term":[{"taxonomy":"product_brand","embeddable":true,"href":"https:\/\/shop.kustom.ch\/en\/wp-json\/wp\/v2\/product_brand?post=636182"},{"taxonomy":"product_cat","embeddable":true,"href":"https:\/\/shop.kustom.ch\/en\/wp-json\/wp\/v2\/product_cat?post=636182"},{"taxonomy":"product_tag","embeddable":true,"href":"https:\/\/shop.kustom.ch\/en\/wp-json\/wp\/v2\/product_tag?post=636182"}],"curies":[{"name":"wp","href":"https:\/\/api.w.org\/{rel}","templated":true}]}}